{"id":71487,"date":"2025-06-12T04:04:19","date_gmt":"2025-06-12T04:04:19","guid":{"rendered":"https:\/\/e.kosmolat.eu\/product\/evoluderm-color-atjaun-maska-krasot-mat-500-ml\/"},"modified":"2026-04-22T12:22:50","modified_gmt":"2026-04-22T12:22:50","slug":"evoluderm-color-atjaun-maska-krasot-mat-500-ml","status":"publish","type":"product","link":"https:\/\/e.kosmolat.eu\/lv\/product\/evoluderm-color-atjaun-maska-krasot-mat-500-ml\/","title":{"rendered":"EVOLUDERM Color Atjaun. maska kr\u0101sot. mat., 500 ml"},"content":{"rendered":"<p>Atk\u0101rtota kr\u0101so\u0161ana nov\u0101jina matus.<br \/>\nEvoluderm ir izstr\u0101d\u0101jis Color masku kr\u0101sotu matu kop\u0161anai. Produkts veido aizsargsl\u0101ni uz matiem un veicina trauslo vietu atjauno\u0161anos. Bag\u0101t\u012bg\u0101 maskas formula saglab\u0101 kr\u0101su spilgtu un intens\u012bvu. <\/p>\n<p>Rezult\u0101ts: mati ir at\u0161\u0137etin\u0101ti un baroti. Maigums un elast\u012bba ir atjaunoti.<\/p>\n<p>Lieto\u0161ana: uzkl\u0101jiet matu garum\u0101 un galos, atst\u0101jiet iedarboties 3\u20135 min\u016btes, p\u0113c tam r\u016bp\u012bgi noskalojiet. <\/p>\n<p>Dermatolo\u0123iski p\u0101rbaud\u012bts.<\/p>\n","protected":false},"excerpt":{"rendered":"<p>Atk\u0101rtota kr\u0101so\u0161ana nov\u0101jina matus. Evoluderm ir izstr\u0101d\u0101jis Color masku kr\u0101sotu matu kop\u0161anai. Produkts veido aizsargsl\u0101ni uz matiem un veicina trauslo vietu atjauno\u0161anos. Bag\u0101t\u012bg\u0101 maskas formula saglab\u0101 kr\u0101su spilgtu un intens\u012bvu. Rezult\u0101ts: mati ir at\u0161\u0137etin\u0101ti un baroti. Maigums un elast\u012bba ir atjaunoti. Lieto\u0161ana: uzkl\u0101jiet matu garum\u0101 un galos, atst\u0101jiet iedarboties 3\u20135 min\u016btes, p\u0113c tam r\u016bp\u012bgi noskalojiet. [&#8230;]\n","protected":false},"featured_media":94322,"template":"","meta":[],"product_cat":[2182],"product_tag":[],"class_list":{"0":"post-71487","1":"product","2":"type-product","3":"status-publish","4":"has-post-thumbnail","6":"product_brand-evoluderm","7":"product_cat-bez-kategorijas-ru","9":"first","10":"instock","11":"taxable","12":"shipping-taxable","13":"product-type-simple"},"_links":{"self":[{"href":"https:\/\/e.kosmolat.eu\/lv\/wp-json\/wp\/v2\/product\/71487","targetHints":{"allow":["GET"]}}],"collection":[{"href":"https:\/\/e.kosmolat.eu\/lv\/wp-json\/wp\/v2\/product"}],"about":[{"href":"https:\/\/e.kosmolat.eu\/lv\/wp-json\/wp\/v2\/types\/product"}],"wp:featuredmedia":[{"embeddable":true,"href":"https:\/\/e.kosmolat.eu\/lv\/wp-json\/wp\/v2\/media\/94322"}],"wp:attachment":[{"href":"https:\/\/e.kosmolat.eu\/lv\/wp-json\/wp\/v2\/media?parent=71487"}],"wp:term":[{"taxonomy":"product_cat","embeddable":true,"href":"https:\/\/e.kosmolat.eu\/lv\/wp-json\/wp\/v2\/product_cat?post=71487"},{"taxonomy":"product_tag","embeddable":true,"href":"https:\/\/e.kosmolat.eu\/lv\/wp-json\/wp\/v2\/product_tag?post=71487"}],"curies":[{"name":"wp","href":"https:\/\/api.w.org\/{rel}","templated":true}]}}