{"id":71479,"date":"2025-06-12T04:03:48","date_gmt":"2025-06-12T04:03:48","guid":{"rendered":"https:\/\/e.kosmolat.eu\/product\/evoluderm-color-matu-atsk-un-atjaun-kondic-kras-matiem-200-ml\/"},"modified":"2025-09-20T06:54:18","modified_gmt":"2025-09-20T06:54:18","slug":"evoluderm-color-matu-atsk-un-atjaun-kondic-kras-matiem-200-ml","status":"publish","type":"product","link":"https:\/\/e.kosmolat.eu\/lv\/product\/evoluderm-color-matu-atsk-un-atjaun-kondic-kras-matiem-200-ml\/","title":{"rendered":"EVOLUDERM Color Matu at\u0161\u0137. un atjaun. kondic. kr\u0101s. matiem, 200 ml"},"content":{"rendered":"<p>Kondicionieris Evoluderm Color ir \u012bpa\u0161i izstr\u0101d\u0101ts kr\u0101sotu matu kop\u0161anai p\u0113c atk\u0101rtot\u0101m kr\u0101so\u0161anas proced\u016br\u0101m, kas nov\u0101jina matus: l\u012bdzeklis acumirkl\u012b at\u0161\u0137etina matus un atjauno to sp\u0113ku un skaistumu. K\u016bsto\u0161a tekst\u016bra saglab\u0101 kr\u0101sas spilgtumu dienu p\u0113c dienas. Kerat\u012bns veido aizsargsl\u0101ni uz matu \u0161\u0137iedr\u0101m un veicina trauslo da\u013cu atjauno\u0161anos, padarot matus m\u012bkst\u0101kus un iztur\u012bg\u0101kus. <\/p>\n<p>Rezult\u0101ts: mati ir piln\u012bb\u0101 at\u0161\u0137etin\u0101ti, viegli ieveidojami, un kr\u0101sa paliek intens\u012bva.<\/p>\n<p>Lieto\u0161ana: uzkl\u0101jiet kondicionieri matu garum\u0101 un galos, atst\u0101jiet iedarboties 1 min\u016bti, p\u0113c tam noskalojiet.<\/p>\n<p>Dermatolo\u0123iski p\u0101rbaud\u012bts.<\/p>\n","protected":false},"excerpt":{"rendered":"<p>Kondicionieris Evoluderm Color ir \u012bpa\u0161i izstr\u0101d\u0101ts kr\u0101sotu matu kop\u0161anai p\u0113c atk\u0101rtot\u0101m kr\u0101so\u0161anas proced\u016br\u0101m, kas nov\u0101jina matus: l\u012bdzeklis acumirkl\u012b at\u0161\u0137etina matus un atjauno to sp\u0113ku un skaistumu. K\u016bsto\u0161a tekst\u016bra saglab\u0101 kr\u0101sas spilgtumu dienu p\u0113c dienas. Kerat\u012bns veido aizsargsl\u0101ni uz matu \u0161\u0137iedr\u0101m un veicina trauslo da\u013cu atjauno\u0161anos, padarot matus m\u012bkst\u0101kus un iztur\u012bg\u0101kus. Rezult\u0101ts: mati ir piln\u012bb\u0101 at\u0161\u0137etin\u0101ti, [&#8230;]\n","protected":false},"featured_media":94246,"template":"","meta":[],"product_cat":[1638],"product_tag":[],"class_list":{"0":"post-71479","1":"product","2":"type-product","3":"status-publish","4":"has-post-thumbnail","6":"product_brand-evoluderm","7":"product_cat-balzami","9":"first","10":"outofstock","11":"taxable","12":"shipping-taxable","13":"product-type-simple"},"_links":{"self":[{"href":"https:\/\/e.kosmolat.eu\/lv\/wp-json\/wp\/v2\/product\/71479","targetHints":{"allow":["GET"]}}],"collection":[{"href":"https:\/\/e.kosmolat.eu\/lv\/wp-json\/wp\/v2\/product"}],"about":[{"href":"https:\/\/e.kosmolat.eu\/lv\/wp-json\/wp\/v2\/types\/product"}],"wp:featuredmedia":[{"embeddable":true,"href":"https:\/\/e.kosmolat.eu\/lv\/wp-json\/wp\/v2\/media\/94246"}],"wp:attachment":[{"href":"https:\/\/e.kosmolat.eu\/lv\/wp-json\/wp\/v2\/media?parent=71479"}],"wp:term":[{"taxonomy":"product_cat","embeddable":true,"href":"https:\/\/e.kosmolat.eu\/lv\/wp-json\/wp\/v2\/product_cat?post=71479"},{"taxonomy":"product_tag","embeddable":true,"href":"https:\/\/e.kosmolat.eu\/lv\/wp-json\/wp\/v2\/product_tag?post=71479"}],"curies":[{"name":"wp","href":"https:\/\/api.w.org\/{rel}","templated":true}]}}