{"id":71471,"date":"2025-06-12T04:03:34","date_gmt":"2025-06-12T04:03:34","guid":{"rendered":"https:\/\/e.kosmolat.eu\/product\/evoluderm-huile-prec-matu-atsk-un-spidumu-piesk-kondic-saus-mat-200-ml\/"},"modified":"2025-09-20T06:54:05","modified_gmt":"2025-09-20T06:54:05","slug":"evoluderm-huile-prec-matu-atsk-un-spidumu-piesk-kondic-saus-mat-200-ml","status":"publish","type":"product","link":"https:\/\/e.kosmolat.eu\/lv\/product\/evoluderm-huile-prec-matu-atsk-un-spidumu-piesk-kondic-saus-mat-200-ml\/","title":{"rendered":"EVOLUDERM Huile Prec. Matu at\u0161\u0137. un sp\u012bdumu pie\u0161\u0137. kondic. saus. mat., 200 ml"},"content":{"rendered":"<p>Atjaunojiet matu sp\u0113ku ar Huile Pr\u00e9cieuse kondicionieri, kas acumirkl\u012b at\u0161\u0137etina matus un pie\u0161\u0137ir tiem sp\u012bdumu.<\/p>\n<p>T\u0101 balzama tekst\u016bra, bag\u0101tin\u0101ta ar barojo\u0161u arg\u0101nas e\u013c\u013cu, atjaunojo\u0161u gur\u0137e\u0146u e\u013c\u013cu un kopjo\u0161u kam\u0113lijas e\u013c\u013cu, baro matus, pie\u0161\u0137irot tiem vitalit\u0101ti un sp\u012bdumu.<\/p>\n<p>Rezult\u0101ts: mati ir at\u0161\u0137etin\u0101ti, viegli ieveidojami un k\u013c\u016bst elast\u012bg\u0101ki un z\u012bdain\u0101ki nek\u0101 jebkad agr\u0101k.<\/p>\n<p>Lieto\u0161ana: uzkl\u0101jiet kondicionieri matu garum\u0101 un galos, atst\u0101jiet iedarboties 1 min\u016bti, p\u0113c tam noskalojiet.<\/p>\n<p>Dermatolo\u0123iski p\u0101rbaud\u012bts.<\/p>\n","protected":false},"excerpt":{"rendered":"<p>Atjaunojiet matu sp\u0113ku ar Huile Pr\u00e9cieuse kondicionieri, kas acumirkl\u012b at\u0161\u0137etina matus un pie\u0161\u0137ir tiem sp\u012bdumu. T\u0101 balzama tekst\u016bra, bag\u0101tin\u0101ta ar barojo\u0161u arg\u0101nas e\u013c\u013cu, atjaunojo\u0161u gur\u0137e\u0146u e\u013c\u013cu un kopjo\u0161u kam\u0113lijas e\u013c\u013cu, baro matus, pie\u0161\u0137irot tiem vitalit\u0101ti un sp\u012bdumu. Rezult\u0101ts: mati ir at\u0161\u0137etin\u0101ti, viegli ieveidojami un k\u013c\u016bst elast\u012bg\u0101ki un z\u012bdain\u0101ki nek\u0101 jebkad agr\u0101k. Lieto\u0161ana: uzkl\u0101jiet kondicionieri matu [&#8230;]\n","protected":false},"featured_media":94242,"template":"","meta":[],"product_cat":[1639],"product_tag":[],"class_list":{"0":"post-71471","1":"product","2":"type-product","3":"status-publish","4":"has-post-thumbnail","6":"product_brand-evoluderm","7":"product_cat-1639","9":"first","10":"outofstock","11":"taxable","12":"shipping-taxable","13":"product-type-simple"},"_links":{"self":[{"href":"https:\/\/e.kosmolat.eu\/lv\/wp-json\/wp\/v2\/product\/71471","targetHints":{"allow":["GET"]}}],"collection":[{"href":"https:\/\/e.kosmolat.eu\/lv\/wp-json\/wp\/v2\/product"}],"about":[{"href":"https:\/\/e.kosmolat.eu\/lv\/wp-json\/wp\/v2\/types\/product"}],"wp:featuredmedia":[{"embeddable":true,"href":"https:\/\/e.kosmolat.eu\/lv\/wp-json\/wp\/v2\/media\/94242"}],"wp:attachment":[{"href":"https:\/\/e.kosmolat.eu\/lv\/wp-json\/wp\/v2\/media?parent=71471"}],"wp:term":[{"taxonomy":"product_cat","embeddable":true,"href":"https:\/\/e.kosmolat.eu\/lv\/wp-json\/wp\/v2\/product_cat?post=71471"},{"taxonomy":"product_tag","embeddable":true,"href":"https:\/\/e.kosmolat.eu\/lv\/wp-json\/wp\/v2\/product_tag?post=71471"}],"curies":[{"name":"wp","href":"https:\/\/api.w.org\/{rel}","templated":true}]}}