{"id":71463,"date":"2025-06-12T04:03:14","date_gmt":"2025-06-12T04:03:14","guid":{"rendered":"https:\/\/e.kosmolat.eu\/product\/evoluderm-matu-atsk-un-atjaunoj-kondic-200-ml\/"},"modified":"2025-09-20T06:53:51","modified_gmt":"2025-09-20T06:53:51","slug":"evoluderm-delice-de-karite-matu-atsk-un-atjaunoj-kondic-200-ml","status":"publish","type":"product","link":"https:\/\/e.kosmolat.eu\/lv\/product\/evoluderm-delice-de-karite-matu-atsk-un-atjaunoj-kondic-200-ml\/","title":{"rendered":"EVOLUDERM Delice de Karite Matu at\u0161\u0137. un atjaunoj. kondic.,  200 ml"},"content":{"rendered":"<p>Kondicionieris Evoluderm D\u00e9lice de Karit\u00e9 acumirkl\u012b at\u0161\u0137etina garus un nov\u0101jin\u0101tus matus, pie\u0161\u0137irot tiem maigumu. T\u0101 kr\u0113mveida tekst\u016bra atjauno sp\u012bdumu un apvij \u0161\u0137ipsnas ar vieglu arom\u0101tu. \u0160\u012b sviests ar atjaunojo\u0161\u0101m un barojo\u0161\u0101m \u012bpa\u0161\u012bb\u0101m atdz\u012bvina matus un atkl\u0101j to skaistumu.<\/p>\n<p>Rezult\u0101ts: mati ir at\u0161\u0137etin\u0101ti, aizsarg\u0101ti no agres\u012bvas vides iedarb\u012bbas un k\u013c\u016bst \u012bpa\u0161i maigi un viegli ieveidojami.<\/p>\n<p>Lieto\u0161ana: uzkl\u0101jiet kondicionieri matu garum\u0101 un galos, atst\u0101jiet iedarboties 1 min\u016bti, p\u0113c tam noskalojiet.<\/p>\n<p>Dermatolo\u0123iski p\u0101rbaud\u012bts.<\/p>\n","protected":false},"excerpt":{"rendered":"<p>Kondicionieris Evoluderm D\u00e9lice de Karit\u00e9 acumirkl\u012b at\u0161\u0137etina garus un nov\u0101jin\u0101tus matus, pie\u0161\u0137irot tiem maigumu. T\u0101 kr\u0113mveida tekst\u016bra atjauno sp\u012bdumu un apvij \u0161\u0137ipsnas ar vieglu arom\u0101tu. \u0160\u012b sviests ar atjaunojo\u0161\u0101m un barojo\u0161\u0101m \u012bpa\u0161\u012bb\u0101m atdz\u012bvina matus un atkl\u0101j to skaistumu. Rezult\u0101ts: mati ir at\u0161\u0137etin\u0101ti, aizsarg\u0101ti no agres\u012bvas vides iedarb\u012bbas un k\u013c\u016bst \u012bpa\u0161i maigi un viegli ieveidojami. Lieto\u0161ana: [&#8230;]\n","protected":false},"featured_media":94238,"template":"","meta":[],"product_cat":[1640],"product_tag":[],"class_list":{"0":"post-71463","1":"product","2":"type-product","3":"status-publish","4":"has-post-thumbnail","6":"product_brand-evoluderm","7":"product_cat-balzamai","9":"first","10":"outofstock","11":"taxable","12":"shipping-taxable","13":"product-type-simple"},"_links":{"self":[{"href":"https:\/\/e.kosmolat.eu\/lv\/wp-json\/wp\/v2\/product\/71463","targetHints":{"allow":["GET"]}}],"collection":[{"href":"https:\/\/e.kosmolat.eu\/lv\/wp-json\/wp\/v2\/product"}],"about":[{"href":"https:\/\/e.kosmolat.eu\/lv\/wp-json\/wp\/v2\/types\/product"}],"wp:featuredmedia":[{"embeddable":true,"href":"https:\/\/e.kosmolat.eu\/lv\/wp-json\/wp\/v2\/media\/94238"}],"wp:attachment":[{"href":"https:\/\/e.kosmolat.eu\/lv\/wp-json\/wp\/v2\/media?parent=71463"}],"wp:term":[{"taxonomy":"product_cat","embeddable":true,"href":"https:\/\/e.kosmolat.eu\/lv\/wp-json\/wp\/v2\/product_cat?post=71463"},{"taxonomy":"product_tag","embeddable":true,"href":"https:\/\/e.kosmolat.eu\/lv\/wp-json\/wp\/v2\/product_tag?post=71463"}],"curies":[{"name":"wp","href":"https:\/\/api.w.org\/{rel}","templated":true}]}}