{"id":71455,"date":"2025-06-12T04:02:55","date_gmt":"2025-06-12T04:02:55","guid":{"rendered":"https:\/\/e.kosmolat.eu\/product\/evoluderm-huile-precieuse-zida-dusas-zeleja-500-ml\/"},"modified":"2026-04-17T13:51:50","modified_gmt":"2026-04-17T13:51:50","slug":"evoluderm-huile-precieuse-zida-dusas-zeleja-500-ml","status":"publish","type":"product","link":"https:\/\/e.kosmolat.eu\/lv\/product\/evoluderm-huile-precieuse-zida-dusas-zeleja-500-ml\/","title":{"rendered":"EVOLUDERM Huile Precieuse Z\u012bda du\u0161as \u017eeleja, 500 ml"},"content":{"rendered":"<p>Du\u0161as \u017eeleja apvieno arg\u0101na e\u013c\u013cu un vakara pr\u012bmulas e\u013c\u013cu, kas paz\u012bstamas ar sav\u0101m barojo\u0161aj\u0101m un kondicion\u0113jo\u0161aj\u0101m \u012bpa\u0161\u012bb\u0101m. T\u0101 p\u0101rv\u0113r\u0161as kr\u0113m\u012bg\u0101s put\u0101s ar maigu arom\u0101tu, viegli noskalojas, padarot j\u016bsu \u0101du neatvair\u0101mu un z\u012bdainu. Du\u0161o\u0161an\u0101s k\u013c\u016bst par patiesu baud\u012bjumu!<\/p>\n<p>Piesardz\u012bbas pas\u0101kumi: Ja nok\u013c\u016bst ac\u012bs, nekav\u0113joties izskalot ar lielu daudzumu \u016bdens.<\/p>\n<p>Dermatolo\u0123iski p\u0101rbaud\u012bts.<\/p>\n","protected":false},"excerpt":{"rendered":"<p>Du\u0161as \u017eeleja apvieno arg\u0101na e\u013c\u013cu un vakara pr\u012bmulas e\u013c\u013cu, kas paz\u012bstamas ar sav\u0101m barojo\u0161aj\u0101m un kondicion\u0113jo\u0161aj\u0101m \u012bpa\u0161\u012bb\u0101m. T\u0101 p\u0101rv\u0113r\u0161as kr\u0113m\u012bg\u0101s put\u0101s ar maigu arom\u0101tu, viegli noskalojas, padarot j\u016bsu \u0101du neatvair\u0101mu un z\u012bdainu. Du\u0161o\u0161an\u0101s k\u013c\u016bst par patiesu baud\u012bjumu! Piesardz\u012bbas pas\u0101kumi: Ja nok\u013c\u016bst ac\u012bs, nekav\u0113joties izskalot ar lielu daudzumu \u016bdens. Dermatolo\u0123iski p\u0101rbaud\u012bts.<\/p>\n","protected":false},"featured_media":94374,"template":"","meta":[],"product_cat":[1280],"product_tag":[],"class_list":{"0":"post-71455","1":"product","2":"type-product","3":"status-publish","4":"has-post-thumbnail","6":"product_brand-evoluderm","7":"product_cat-dusas-zelejas-un-dusas-ellas","9":"first","10":"instock","11":"taxable","12":"shipping-taxable","13":"product-type-simple"},"_links":{"self":[{"href":"https:\/\/e.kosmolat.eu\/lv\/wp-json\/wp\/v2\/product\/71455","targetHints":{"allow":["GET"]}}],"collection":[{"href":"https:\/\/e.kosmolat.eu\/lv\/wp-json\/wp\/v2\/product"}],"about":[{"href":"https:\/\/e.kosmolat.eu\/lv\/wp-json\/wp\/v2\/types\/product"}],"wp:featuredmedia":[{"embeddable":true,"href":"https:\/\/e.kosmolat.eu\/lv\/wp-json\/wp\/v2\/media\/94374"}],"wp:attachment":[{"href":"https:\/\/e.kosmolat.eu\/lv\/wp-json\/wp\/v2\/media?parent=71455"}],"wp:term":[{"taxonomy":"product_cat","embeddable":true,"href":"https:\/\/e.kosmolat.eu\/lv\/wp-json\/wp\/v2\/product_cat?post=71455"},{"taxonomy":"product_tag","embeddable":true,"href":"https:\/\/e.kosmolat.eu\/lv\/wp-json\/wp\/v2\/product_tag?post=71455"}],"curies":[{"name":"wp","href":"https:\/\/api.w.org\/{rel}","templated":true}]}}