{"id":71447,"date":"2025-06-12T04:02:23","date_gmt":"2025-06-12T04:02:23","guid":{"rendered":"https:\/\/e.kosmolat.eu\/product\/evoluderm-huile-precieuse-spidumu-piesk-matu-maska-saus-matiem-150-ml\/"},"modified":"2026-05-08T19:13:37","modified_gmt":"2026-05-08T19:13:37","slug":"evoluderm-huile-precieuse-spidumu-piesk-matu-maska-saus-matiem-150-ml","status":"publish","type":"product","link":"https:\/\/e.kosmolat.eu\/lv\/product\/evoluderm-huile-precieuse-spidumu-piesk-matu-maska-saus-matiem-150-ml\/","title":{"rendered":"EVOLUDERM Huile Precieuse Sp\u012bdumu pie\u0161\u0137, matu maska saus. matiem, 150 ml"},"content":{"rendered":"<p>Bag\u0101tin\u0101ta ar barojo\u0161u arg\u0101nas e\u013c\u013cu, atjaunojo\u0161u gur\u0137e\u0146u e\u013c\u013cu un kopjo\u0161u kam\u0113lijas e\u013c\u013cu, \u0161\u012b maska pie\u0161\u0137ir matiem sp\u012bdumu un baro\u0161anu.<\/p>\n<p>Rezult\u0101ts: mirdzo\u0161i un at\u0161\u0137etin\u0101ti mati. Matu maigums un elast\u012bba ir atjaunoti.<\/p>\n<p>Lieto\u0161ana: uzkl\u0101jiet matu garum\u0101 un galos, atst\u0101jiet iedarboties 3\u20135 min\u016btes, p\u0113c tam r\u016bp\u012bgi noskalojiet. <\/p>\n<p>Dermatolo\u0123iski p\u0101rbaud\u012bts.<\/p>\n","protected":false},"excerpt":{"rendered":"<p>Bag\u0101tin\u0101ta ar barojo\u0161u arg\u0101nas e\u013c\u013cu, atjaunojo\u0161u gur\u0137e\u0146u e\u013c\u013cu un kopjo\u0161u kam\u0113lijas e\u013c\u013cu, \u0161\u012b maska pie\u0161\u0137ir matiem sp\u012bdumu un baro\u0161anu. Rezult\u0101ts: mirdzo\u0161i un at\u0161\u0137etin\u0101ti mati. Matu maigums un elast\u012bba ir atjaunoti. Lieto\u0161ana: uzkl\u0101jiet matu garum\u0101 un galos, atst\u0101jiet iedarboties 3\u20135 min\u016btes, p\u0113c tam r\u016bp\u012bgi noskalojiet. Dermatolo\u0123iski p\u0101rbaud\u012bts.<\/p>\n","protected":false},"featured_media":80538,"template":"","meta":[],"product_cat":[1256],"product_tag":[],"class_list":{"0":"post-71447","1":"product","2":"type-product","3":"status-publish","4":"has-post-thumbnail","6":"product_brand-evoluderm","7":"product_cat-plauku-kaukes","9":"first","10":"instock","11":"taxable","12":"shipping-taxable","13":"product-type-simple"},"_links":{"self":[{"href":"https:\/\/e.kosmolat.eu\/lv\/wp-json\/wp\/v2\/product\/71447","targetHints":{"allow":["GET"]}}],"collection":[{"href":"https:\/\/e.kosmolat.eu\/lv\/wp-json\/wp\/v2\/product"}],"about":[{"href":"https:\/\/e.kosmolat.eu\/lv\/wp-json\/wp\/v2\/types\/product"}],"wp:featuredmedia":[{"embeddable":true,"href":"https:\/\/e.kosmolat.eu\/lv\/wp-json\/wp\/v2\/media\/80538"}],"wp:attachment":[{"href":"https:\/\/e.kosmolat.eu\/lv\/wp-json\/wp\/v2\/media?parent=71447"}],"wp:term":[{"taxonomy":"product_cat","embeddable":true,"href":"https:\/\/e.kosmolat.eu\/lv\/wp-json\/wp\/v2\/product_cat?post=71447"},{"taxonomy":"product_tag","embeddable":true,"href":"https:\/\/e.kosmolat.eu\/lv\/wp-json\/wp\/v2\/product_tag?post=71447"}],"curies":[{"name":"wp","href":"https:\/\/api.w.org\/{rel}","templated":true}]}}