{"id":71439,"date":"2025-06-12T04:01:37","date_gmt":"2025-06-12T04:01:37","guid":{"rendered":"https:\/\/e.kosmolat.eu\/product\/evoluderm-color-atjaun-samp-krasot-matiem-400-ml\/"},"modified":"2025-09-19T17:11:10","modified_gmt":"2025-09-19T17:11:10","slug":"evoluderm-color-atjaun-samp-krasot-matiem-400-ml","status":"publish","type":"product","link":"https:\/\/e.kosmolat.eu\/lv\/product\/evoluderm-color-atjaun-samp-krasot-matiem-400-ml\/","title":{"rendered":"EVOLUDERM Color Atjaun. \u0161amp. kr\u0101sot. matiem, 400 ml"},"content":{"rendered":"<p>Atk\u0101rtota kr\u0101so\u0161ana nov\u0101jina matus.<br \/>\nEvoluderm ir izstr\u0101d\u0101jis Color \u0161amp\u016bnu kr\u0101sotu matu kop\u0161anai. Kerat\u012bns veido aizsargsl\u0101ni uz matiem un veicina trauslo vietu atjauno\u0161anos. Bag\u0101t\u012bg\u0101 formula saglab\u0101 kr\u0101su spilgtu un intens\u012bvu. <\/p>\n<p>Rezult\u0101ts: mati ir atjaunoti, un kr\u0101sa paliek tikpat spilgta k\u0101 pirmaj\u0101 dien\u0101 p\u0113c matu kr\u0101so\u0161anas.<\/p>\n<p>Piesardz\u012bbas pas\u0101kumi: Ja nok\u013c\u016bst ac\u012bs, nekav\u0113joties izskalot ar lielu daudzumu \u016bdens.<\/p>\n<p>Dermatolo\u0123iski p\u0101rbaud\u012bts.<\/p>\n","protected":false},"excerpt":{"rendered":"<p>Atk\u0101rtota kr\u0101so\u0161ana nov\u0101jina matus. Evoluderm ir izstr\u0101d\u0101jis Color \u0161amp\u016bnu kr\u0101sotu matu kop\u0161anai. Kerat\u012bns veido aizsargsl\u0101ni uz matiem un veicina trauslo vietu atjauno\u0161anos. Bag\u0101t\u012bg\u0101 formula saglab\u0101 kr\u0101su spilgtu un intens\u012bvu. Rezult\u0101ts: mati ir atjaunoti, un kr\u0101sa paliek tikpat spilgta k\u0101 pirmaj\u0101 dien\u0101 p\u0113c matu kr\u0101so\u0161anas. Piesardz\u012bbas pas\u0101kumi: Ja nok\u013c\u016bst ac\u012bs, nekav\u0113joties izskalot ar lielu daudzumu \u016bdens. [&#8230;]\n","protected":false},"featured_media":80534,"template":"","meta":[],"product_cat":[1248],"product_tag":[],"class_list":{"0":"post-71439","1":"product","2":"type-product","3":"status-publish","4":"has-post-thumbnail","6":"product_brand-evoluderm","7":"product_cat-sampuni","9":"first","10":"outofstock","11":"taxable","12":"shipping-taxable","13":"product-type-simple"},"_links":{"self":[{"href":"https:\/\/e.kosmolat.eu\/lv\/wp-json\/wp\/v2\/product\/71439","targetHints":{"allow":["GET"]}}],"collection":[{"href":"https:\/\/e.kosmolat.eu\/lv\/wp-json\/wp\/v2\/product"}],"about":[{"href":"https:\/\/e.kosmolat.eu\/lv\/wp-json\/wp\/v2\/types\/product"}],"wp:featuredmedia":[{"embeddable":true,"href":"https:\/\/e.kosmolat.eu\/lv\/wp-json\/wp\/v2\/media\/80534"}],"wp:attachment":[{"href":"https:\/\/e.kosmolat.eu\/lv\/wp-json\/wp\/v2\/media?parent=71439"}],"wp:term":[{"taxonomy":"product_cat","embeddable":true,"href":"https:\/\/e.kosmolat.eu\/lv\/wp-json\/wp\/v2\/product_cat?post=71439"},{"taxonomy":"product_tag","embeddable":true,"href":"https:\/\/e.kosmolat.eu\/lv\/wp-json\/wp\/v2\/product_tag?post=71439"}],"curies":[{"name":"wp","href":"https:\/\/api.w.org\/{rel}","templated":true}]}}