{"id":71431,"date":"2025-06-12T04:01:21","date_gmt":"2025-06-12T04:01:21","guid":{"rendered":"https:\/\/e.kosmolat.eu\/product\/evoluderm-sampuns-delice-karite-400-ml\/"},"modified":"2026-04-15T13:54:00","modified_gmt":"2026-04-15T13:54:00","slug":"evoluderm-delice-de-karite-atjaun-samp-400-ml","status":"publish","type":"product","link":"https:\/\/e.kosmolat.eu\/lv\/product\/evoluderm-delice-de-karite-atjaun-samp-400-ml\/","title":{"rendered":"EVOLUDERM Delice de Karite Atjaun. \u0161amp., 400 ml"},"content":{"rendered":"<p>Bag\u0101t\u012bgais \u0161\u012b sviests atkl\u0101j savus skaistuma nosl\u0113pumus Evoluderm D\u00e9lice de Karit\u00e9 \u0161amp\u016bn\u0101, kas \u012bpa\u0161i rad\u012bts gariem un nov\u0101jin\u0101tiem matiem. Matu gali bie\u017ei \u0161\u0137e\u013cas un prasa saudz\u012bgu kop\u0161anu. Kr\u0113mveida tekst\u016bra acumirkl\u012b ies\u016bcas, nodro\u0161inot kop\u0161anu un baro\u0161anu, nenoslogojot matus.<\/p>\n<p>Rezult\u0101ts: mati ir atjaunoti, stipr\u0101ki un sp\u012bd\u012bg\u0101ki.<\/p>\n<p>Piesardz\u012bbas pas\u0101kumi: Ja nok\u013c\u016bst ac\u012bs, nekav\u0113joties izskalot ar lielu daudzumu \u016bdens.<\/p>\n<p>Dermatolo\u0123iski p\u0101rbaud\u012bts.<\/p>\n","protected":false},"excerpt":{"rendered":"<p>Bag\u0101t\u012bgais \u0161\u012b sviests atkl\u0101j savus skaistuma nosl\u0113pumus Evoluderm D\u00e9lice de Karit\u00e9 \u0161amp\u016bn\u0101, kas \u012bpa\u0161i rad\u012bts gariem un nov\u0101jin\u0101tiem matiem. Matu gali bie\u017ei \u0161\u0137e\u013cas un prasa saudz\u012bgu kop\u0161anu. Kr\u0113mveida tekst\u016bra acumirkl\u012b ies\u016bcas, nodro\u0161inot kop\u0161anu un baro\u0161anu, nenoslogojot matus. Rezult\u0101ts: mati ir atjaunoti, stipr\u0101ki un sp\u012bd\u012bg\u0101ki. Piesardz\u012bbas pas\u0101kumi: Ja nok\u013c\u016bst ac\u012bs, nekav\u0113joties izskalot ar lielu daudzumu \u016bdens. [&#8230;]\n","protected":false},"featured_media":80530,"template":"","meta":[],"product_cat":[2182],"product_tag":[],"class_list":{"0":"post-71431","1":"product","2":"type-product","3":"status-publish","4":"has-post-thumbnail","6":"product_brand-evoluderm","7":"product_cat-bez-kategorijas-ru","9":"first","10":"instock","11":"taxable","12":"shipping-taxable","13":"product-type-simple"},"_links":{"self":[{"href":"https:\/\/e.kosmolat.eu\/lv\/wp-json\/wp\/v2\/product\/71431","targetHints":{"allow":["GET"]}}],"collection":[{"href":"https:\/\/e.kosmolat.eu\/lv\/wp-json\/wp\/v2\/product"}],"about":[{"href":"https:\/\/e.kosmolat.eu\/lv\/wp-json\/wp\/v2\/types\/product"}],"wp:featuredmedia":[{"embeddable":true,"href":"https:\/\/e.kosmolat.eu\/lv\/wp-json\/wp\/v2\/media\/80530"}],"wp:attachment":[{"href":"https:\/\/e.kosmolat.eu\/lv\/wp-json\/wp\/v2\/media?parent=71431"}],"wp:term":[{"taxonomy":"product_cat","embeddable":true,"href":"https:\/\/e.kosmolat.eu\/lv\/wp-json\/wp\/v2\/product_cat?post=71431"},{"taxonomy":"product_tag","embeddable":true,"href":"https:\/\/e.kosmolat.eu\/lv\/wp-json\/wp\/v2\/product_tag?post=71431"}],"curies":[{"name":"wp","href":"https:\/\/api.w.org\/{rel}","templated":true}]}}