{"id":71423,"date":"2025-06-12T04:00:27","date_gmt":"2025-06-12T04:00:27","guid":{"rendered":"https:\/\/e.kosmolat.eu\/product\/evoluderm-huile-precieuse-spid-piesk-samp-saus-matiem-400-ml\/"},"modified":"2026-04-22T12:14:02","modified_gmt":"2026-04-22T12:14:02","slug":"evoluderm-huile-precieuse-spid-piesk-samp-saus-matiem-400-ml","status":"publish","type":"product","link":"https:\/\/e.kosmolat.eu\/lv\/product\/evoluderm-huile-precieuse-spid-piesk-samp-saus-matiem-400-ml\/","title":{"rendered":"EVOLUDERM Huile Precieuse Sp\u012bd. pie\u0161\u0137. \u0161amp. saus. matiem, 400 ml"},"content":{"rendered":"<p>\u0160amp\u016bns pie\u0161\u0137ir matiem sp\u012bdumu un baro tos. Formula ar arg\u0101nas, gur\u0137e\u0146u un kam\u0113lijas e\u013c\u013c\u0101m izl\u012bdzina matu kutikulu un padara tos sp\u012bd\u012bgus un elast\u012bgus.<\/p>\n<p>Piesardz\u012bbas pas\u0101kumi: Ja nok\u013c\u016bst ac\u012bs, nekav\u0113joties izskalot ar lielu daudzumu \u016bdens.<\/p>\n<p>Dermatolo\u0123iski p\u0101rbaud\u012bts.<\/p>\n","protected":false},"excerpt":{"rendered":"<p>\u0160amp\u016bns pie\u0161\u0137ir matiem sp\u012bdumu un baro tos. Formula ar arg\u0101nas, gur\u0137e\u0146u un kam\u0113lijas e\u013c\u013c\u0101m izl\u012bdzina matu kutikulu un padara tos sp\u012bd\u012bgus un elast\u012bgus. Piesardz\u012bbas pas\u0101kumi: Ja nok\u013c\u016bst ac\u012bs, nekav\u0113joties izskalot ar lielu daudzumu \u016bdens. Dermatolo\u0123iski p\u0101rbaud\u012bts.<\/p>\n","protected":false},"featured_media":80526,"template":"","meta":[],"product_cat":[2182],"product_tag":[],"class_list":{"0":"post-71423","1":"product","2":"type-product","3":"status-publish","4":"has-post-thumbnail","6":"product_brand-evoluderm","7":"product_cat-bez-kategorijas-ru","9":"first","10":"instock","11":"taxable","12":"shipping-taxable","13":"product-type-simple"},"_links":{"self":[{"href":"https:\/\/e.kosmolat.eu\/lv\/wp-json\/wp\/v2\/product\/71423","targetHints":{"allow":["GET"]}}],"collection":[{"href":"https:\/\/e.kosmolat.eu\/lv\/wp-json\/wp\/v2\/product"}],"about":[{"href":"https:\/\/e.kosmolat.eu\/lv\/wp-json\/wp\/v2\/types\/product"}],"wp:featuredmedia":[{"embeddable":true,"href":"https:\/\/e.kosmolat.eu\/lv\/wp-json\/wp\/v2\/media\/80526"}],"wp:attachment":[{"href":"https:\/\/e.kosmolat.eu\/lv\/wp-json\/wp\/v2\/media?parent=71423"}],"wp:term":[{"taxonomy":"product_cat","embeddable":true,"href":"https:\/\/e.kosmolat.eu\/lv\/wp-json\/wp\/v2\/product_cat?post=71423"},{"taxonomy":"product_tag","embeddable":true,"href":"https:\/\/e.kosmolat.eu\/lv\/wp-json\/wp\/v2\/product_tag?post=71423"}],"curies":[{"name":"wp","href":"https:\/\/api.w.org\/{rel}","templated":true}]}}