{"id":71413,"date":"2025-06-11T04:04:12","date_gmt":"2025-06-11T04:04:12","guid":{"rendered":"https:\/\/e.kosmolat.eu\/product\/matu-suka-1514\/"},"modified":"2026-05-08T17:32:31","modified_gmt":"2026-05-08T17:32:31","slug":"atsketinosa-matu-suka-1514","status":"publish","type":"product","link":"https:\/\/e.kosmolat.eu\/lv\/product\/atsketinosa-matu-suka-1514\/","title":{"rendered":"At\u0161\u0137etino\u0161a matu suka 1514"},"content":{"rendered":"<p>\u2022  \u012apa\u0161i piem\u0113rota sav\u0113lu\u0161os, sausu vai boj\u0101tu matu iz\u0137emm\u0113\u0161anai.<br \/>\n\u2022 Divu veidu sari iev\u0113rojami atvieglo \u0137emm\u0113\u0161anas procesu.<br \/>\n\u2022 \u0112rta \u017e\u0101v\u0113\u0161anas laik\u0101 \u2014 AIRFLOW sist\u0113ma nodro\u0161ina gaisa cirkul\u0101ciju.<\/p>\n","protected":false},"excerpt":{"rendered":"<p>\u2022 \u012apa\u0161i piem\u0113rota sav\u0113lu\u0161os, sausu vai boj\u0101tu matu iz\u0137emm\u0113\u0161anai. \u2022 Divu veidu sari iev\u0113rojami atvieglo \u0137emm\u0113\u0161anas procesu. \u2022 \u0112rta \u017e\u0101v\u0113\u0161anas laik\u0101 \u2014 AIRFLOW sist\u0113ma nodro\u0161ina gaisa cirkul\u0101ciju.<\/p>\n","protected":false},"featured_media":81062,"template":"","meta":[],"product_cat":[1667],"product_tag":[],"class_list":{"0":"post-71413","1":"product","2":"type-product","3":"status-publish","4":"has-post-thumbnail","6":"product_brand-donegal-sp-zo-o-_pl","7":"product_cat-aksesuari-matiem","9":"first","10":"outofstock","11":"taxable","12":"shipping-taxable","13":"product-type-simple"},"_links":{"self":[{"href":"https:\/\/e.kosmolat.eu\/lv\/wp-json\/wp\/v2\/product\/71413","targetHints":{"allow":["GET"]}}],"collection":[{"href":"https:\/\/e.kosmolat.eu\/lv\/wp-json\/wp\/v2\/product"}],"about":[{"href":"https:\/\/e.kosmolat.eu\/lv\/wp-json\/wp\/v2\/types\/product"}],"wp:featuredmedia":[{"embeddable":true,"href":"https:\/\/e.kosmolat.eu\/lv\/wp-json\/wp\/v2\/media\/81062"}],"wp:attachment":[{"href":"https:\/\/e.kosmolat.eu\/lv\/wp-json\/wp\/v2\/media?parent=71413"}],"wp:term":[{"taxonomy":"product_cat","embeddable":true,"href":"https:\/\/e.kosmolat.eu\/lv\/wp-json\/wp\/v2\/product_cat?post=71413"},{"taxonomy":"product_tag","embeddable":true,"href":"https:\/\/e.kosmolat.eu\/lv\/wp-json\/wp\/v2\/product_tag?post=71413"}],"curies":[{"name":"wp","href":"https:\/\/api.w.org\/{rel}","templated":true}]}}