{"id":71409,"date":"2025-06-10T13:20:38","date_gmt":"2025-06-10T13:20:38","guid":{"rendered":"https:\/\/e.kosmolat.eu\/product\/white-day-fruit-garden-hig-mitras-salvetes-zemene-120-gab\/"},"modified":"2026-04-22T06:00:40","modified_gmt":"2026-04-22T06:00:40","slug":"white-day-fruit-garden-hig-mitras-salvetes-zemene-120-gab","status":"publish","type":"product","link":"https:\/\/e.kosmolat.eu\/lv\/product\/white-day-fruit-garden-hig-mitras-salvetes-zemene-120-gab\/","title":{"rendered":"White Day Fruit Garden Hig. mitr\u0101s salvetes Zemene, 120 gab."},"content":{"rendered":"<p>M\u012bkstas, biezas un iztur\u012bgas salvetes. Nesatur alkoholu un parab\u0113nus. Att\u012bra, m\u012bkstina un mitrina \u0101du.<\/p>\n<p>Lieto\u0161ana: atveriet v\u0101ci\u0146u, iz\u0146emiet salveti no iepakojuma un cie\u0161i aizveriet v\u0101ci\u0146u, lai saglab\u0101tu mitrumu p\u0113c lieto\u0161anas.<\/p>\n<p>Br\u012bdin\u0101jums: nav p\u0101rtikas produkts. Sarg\u0101t no tie\u0161iem saules stariem. Izvair\u012bties no saskares ar ac\u012bm. Ja nok\u013c\u016bst ac\u012bs, izskalot ar lielu daudzumu \u016bdens.<\/p>\n","protected":false},"excerpt":{"rendered":"<p>M\u012bkstas, biezas un iztur\u012bgas salvetes. Nesatur alkoholu un parab\u0113nus. Att\u012bra, m\u012bkstina un mitrina \u0101du. Lieto\u0161ana: atveriet v\u0101ci\u0146u, iz\u0146emiet salveti no iepakojuma un cie\u0161i aizveriet v\u0101ci\u0146u, lai saglab\u0101tu mitrumu p\u0113c lieto\u0161anas. Br\u012bdin\u0101jums: nav p\u0101rtikas produkts. Sarg\u0101t no tie\u0161iem saules stariem. Izvair\u012bties no saskares ar ac\u012bm. Ja nok\u013c\u016bst ac\u012bs, izskalot ar lielu daudzumu \u016bdens.<\/p>\n","protected":false},"featured_media":94202,"template":"","meta":[],"product_cat":[1806],"product_tag":[],"class_list":{"0":"post-71409","1":"product","2":"type-product","3":"status-publish","4":"has-post-thumbnail","6":"product_brand-salvor-wet-wiper-tr","7":"product_cat-mitras-salvetes-un-kabataslakatini","9":"first","10":"outofstock","11":"taxable","12":"shipping-taxable","13":"product-type-simple"},"_links":{"self":[{"href":"https:\/\/e.kosmolat.eu\/lv\/wp-json\/wp\/v2\/product\/71409","targetHints":{"allow":["GET"]}}],"collection":[{"href":"https:\/\/e.kosmolat.eu\/lv\/wp-json\/wp\/v2\/product"}],"about":[{"href":"https:\/\/e.kosmolat.eu\/lv\/wp-json\/wp\/v2\/types\/product"}],"wp:featuredmedia":[{"embeddable":true,"href":"https:\/\/e.kosmolat.eu\/lv\/wp-json\/wp\/v2\/media\/94202"}],"wp:attachment":[{"href":"https:\/\/e.kosmolat.eu\/lv\/wp-json\/wp\/v2\/media?parent=71409"}],"wp:term":[{"taxonomy":"product_cat","embeddable":true,"href":"https:\/\/e.kosmolat.eu\/lv\/wp-json\/wp\/v2\/product_cat?post=71409"},{"taxonomy":"product_tag","embeddable":true,"href":"https:\/\/e.kosmolat.eu\/lv\/wp-json\/wp\/v2\/product_tag?post=71409"}],"curies":[{"name":"wp","href":"https:\/\/api.w.org\/{rel}","templated":true}]}}