{"id":71401,"date":"2025-06-10T12:21:06","date_gmt":"2025-06-10T12:21:06","guid":{"rendered":"https:\/\/e.kosmolat.eu\/product\/white-day-biolog-noard-mitr-salv-999-udens-un-alv-ekstr-60-gab\/"},"modified":"2026-04-23T06:25:09","modified_gmt":"2026-04-23T06:25:09","slug":"white-day-biolog-noard-mitr-salv-999-udens-un-alv-ekstr-60-gab","status":"publish","type":"product","link":"https:\/\/e.kosmolat.eu\/lv\/product\/white-day-biolog-noard-mitr-salv-999-udens-un-alv-ekstr-60-gab\/","title":{"rendered":"White Day Biolo\u0123. no\u0101rd. mitr. salv. 99,9% \u016bdens un alv. ekstr., 60 gab."},"content":{"rendered":"<p>Biolo\u0123iski no\u0101rd\u0101m\u0101s mitr\u0101s salvetes satur 99,9\u202f% \u016bdens un pilienu alvejas ekstrakta. T\u012brs produkts. Nesatur alkoholu, parab\u0113nus un plastmasu.<\/p>\n<p>Lieto\u0161ana: atl\u012bm\u0113jiet uzl\u012bmi, iz\u0146emiet salveti. P\u0113c lieto\u0161anas aizl\u012bm\u0113jiet iepakojumu, lai nov\u0113rstu iz\u017e\u016b\u0161anu.<\/p>\n<p>Br\u012bdin\u0101jums: uzglab\u0101t v\u0113s\u0101, saus\u0101 viet\u0101. Sarg\u0101t no tie\u0161iem saules stariem. Izvair\u012bties no saskares ar ac\u012bm. Ja nok\u013c\u016bst ac\u012bs, izskalot ar lielu daudzumu \u016bdens.<\/p>\n<p>Uzman\u012bbu: nemest tualetes pod\u0101. Lai izvair\u012btos no nosmak\u0161anas, turiet visus plastmasas maisi\u0146us b\u0113rniem un m\u0101jdz\u012bvniekiem nepieejam\u0101 viet\u0101.<\/p>\n","protected":false},"excerpt":{"rendered":"<p>Biolo\u0123iski no\u0101rd\u0101m\u0101s mitr\u0101s salvetes satur 99,9\u202f% \u016bdens un pilienu alvejas ekstrakta. T\u012brs produkts. Nesatur alkoholu, parab\u0113nus un plastmasu. Lieto\u0161ana: atl\u012bm\u0113jiet uzl\u012bmi, iz\u0146emiet salveti. P\u0113c lieto\u0161anas aizl\u012bm\u0113jiet iepakojumu, lai nov\u0113rstu iz\u017e\u016b\u0161anu. Br\u012bdin\u0101jums: uzglab\u0101t v\u0113s\u0101, saus\u0101 viet\u0101. Sarg\u0101t no tie\u0161iem saules stariem. Izvair\u012bties no saskares ar ac\u012bm. Ja nok\u013c\u016bst ac\u012bs, izskalot ar lielu daudzumu \u016bdens. Uzman\u012bbu: nemest [&#8230;]\n","protected":false},"featured_media":94198,"template":"","meta":[],"product_cat":[1807],"product_tag":[],"class_list":{"0":"post-71401","1":"product","2":"type-product","3":"status-publish","4":"has-post-thumbnail","6":"product_brand-salvor-wet-wiper-tr","7":"product_cat-1807","9":"first","10":"instock","11":"taxable","12":"shipping-taxable","13":"product-type-simple"},"_links":{"self":[{"href":"https:\/\/e.kosmolat.eu\/lv\/wp-json\/wp\/v2\/product\/71401","targetHints":{"allow":["GET"]}}],"collection":[{"href":"https:\/\/e.kosmolat.eu\/lv\/wp-json\/wp\/v2\/product"}],"about":[{"href":"https:\/\/e.kosmolat.eu\/lv\/wp-json\/wp\/v2\/types\/product"}],"wp:featuredmedia":[{"embeddable":true,"href":"https:\/\/e.kosmolat.eu\/lv\/wp-json\/wp\/v2\/media\/94198"}],"wp:attachment":[{"href":"https:\/\/e.kosmolat.eu\/lv\/wp-json\/wp\/v2\/media?parent=71401"}],"wp:term":[{"taxonomy":"product_cat","embeddable":true,"href":"https:\/\/e.kosmolat.eu\/lv\/wp-json\/wp\/v2\/product_cat?post=71401"},{"taxonomy":"product_tag","embeddable":true,"href":"https:\/\/e.kosmolat.eu\/lv\/wp-json\/wp\/v2\/product_tag?post=71401"}],"curies":[{"name":"wp","href":"https:\/\/api.w.org\/{rel}","templated":true}]}}