{"id":71376,"date":"2025-06-10T04:11:06","date_gmt":"2025-06-10T04:11:06","guid":{"rendered":"https:\/\/e.kosmolat.eu\/product\/maskejoss-puderis-no-04-peach-beige-10-g\/"},"modified":"2026-02-18T13:18:32","modified_gmt":"2026-02-18T13:18:32","slug":"maskejoss-puderis-no-04-peach-beige-10-g","status":"publish","type":"product","link":"https:\/\/e.kosmolat.eu\/lv\/product\/maskejoss-puderis-no-04-peach-beige-10-g\/","title":{"rendered":"Mask\u0113jo\u0161s p\u016bderis No 04 Peach Beige, 10 g"},"content":{"rendered":"<p>Satur:<\/p>\n<p>Zea Mays Starch (kukur\u016bzas ciete) \u2014 mat\u0113, nomierina \u0101du un nodro\u0161ina lielisku p\u0101rkl\u0101jumu.<br \/>\nMica (vizla) \u2014 kori\u0123\u0113 \u0101das nepiln\u012bbas, pie\u0161\u0137ir mirdzumu.<br \/>\nE vitam\u012bns \u2014 antioksidants, mitrina \u0101du.<\/p>\n<p>Uzglab\u0101t temperat\u016br\u0101 no +2\u00b0C l\u012bdz +25\u00b0C.<\/p>\n","protected":false},"excerpt":{"rendered":"<p>Satur: Zea Mays Starch (kukur\u016bzas ciete) \u2014 mat\u0113, nomierina \u0101du un nodro\u0161ina lielisku p\u0101rkl\u0101jumu. Mica (vizla) \u2014 kori\u0123\u0113 \u0101das nepiln\u012bbas, pie\u0161\u0137ir mirdzumu. E vitam\u012bns \u2014 antioksidants, mitrina \u0101du. Uzglab\u0101t temperat\u016br\u0101 no +2\u00b0C l\u012bdz +25\u00b0C.<\/p>\n","protected":false},"featured_media":94186,"template":"","meta":[],"product_cat":[1999],"product_tag":[],"class_list":{"0":"post-71376","1":"product","2":"type-product","3":"status-publish","4":"has-post-thumbnail","6":"product_brand-quiz_bim_pl","7":"product_cat-bez-kategorijas","9":"first","10":"outofstock","11":"taxable","12":"shipping-taxable","13":"product-type-simple"},"_links":{"self":[{"href":"https:\/\/e.kosmolat.eu\/lv\/wp-json\/wp\/v2\/product\/71376","targetHints":{"allow":["GET"]}}],"collection":[{"href":"https:\/\/e.kosmolat.eu\/lv\/wp-json\/wp\/v2\/product"}],"about":[{"href":"https:\/\/e.kosmolat.eu\/lv\/wp-json\/wp\/v2\/types\/product"}],"wp:featuredmedia":[{"embeddable":true,"href":"https:\/\/e.kosmolat.eu\/lv\/wp-json\/wp\/v2\/media\/94186"}],"wp:attachment":[{"href":"https:\/\/e.kosmolat.eu\/lv\/wp-json\/wp\/v2\/media?parent=71376"}],"wp:term":[{"taxonomy":"product_cat","embeddable":true,"href":"https:\/\/e.kosmolat.eu\/lv\/wp-json\/wp\/v2\/product_cat?post=71376"},{"taxonomy":"product_tag","embeddable":true,"href":"https:\/\/e.kosmolat.eu\/lv\/wp-json\/wp\/v2\/product_tag?post=71376"}],"curies":[{"name":"wp","href":"https:\/\/api.w.org\/{rel}","templated":true}]}}