{"id":71336,"date":"2025-06-10T04:07:50","date_gmt":"2025-06-10T04:07:50","guid":{"rendered":"https:\/\/e.kosmolat.eu\/product\/matejoss-un-parklajoss-tonalais-kr-no-1-natural-30-ml\/"},"modified":"2026-04-21T07:18:45","modified_gmt":"2026-04-21T07:18:45","slug":"matejoss-un-parklajoss-tonalais-kr-no-1-natural-30-ml","status":"publish","type":"product","link":"https:\/\/e.kosmolat.eu\/lv\/product\/matejoss-un-parklajoss-tonalais-kr-no-1-natural-30-ml\/","title":{"rendered":"Mat\u0113jo\u0161s un p\u0101rkl\u0101jo\u0161s ton\u0101lais kr. No 1 Natural, 30 ml"},"content":{"rendered":"<p>Ar hialuronsk\u0101bi un alveju.<\/p>\n<p>\u2022 Nodro\u0161ina bl\u012bvu un vienm\u0113r\u012bgu p\u0101rkl\u0101jumu<br \/>\n\u2022 Mat\u0113ts un gluds fini\u0161s<br \/>\n\u2022 \u0100da izskat\u0101s dabiski, bez maskas efekta<br \/>\n\u2022 Piem\u0113rots gan ikdienas grimam, gan \u012bpa\u0161iem gad\u012bjumiem<\/p>\n<p>Veg\u0101niem draudz\u012bga formula.<\/p>\n<p>Uzglab\u0101t temperat\u016br\u0101 no +2\u00b0C l\u012bdz +25\u00b0C.<\/p>\n","protected":false},"excerpt":{"rendered":"<p>Ar hialuronsk\u0101bi un alveju. \u2022 Nodro\u0161ina bl\u012bvu un vienm\u0113r\u012bgu p\u0101rkl\u0101jumu \u2022 Mat\u0113ts un gluds fini\u0161s \u2022 \u0100da izskat\u0101s dabiski, bez maskas efekta \u2022 Piem\u0113rots gan ikdienas grimam, gan \u012bpa\u0161iem gad\u012bjumiem Veg\u0101niem draudz\u012bga formula. Uzglab\u0101t temperat\u016br\u0101 no +2\u00b0C l\u012bdz +25\u00b0C.<\/p>\n","protected":false},"featured_media":94166,"template":"","meta":[],"product_cat":[1289],"product_tag":[],"class_list":{"0":"post-71336","1":"product","2":"type-product","3":"status-publish","4":"has-post-thumbnail","6":"product_brand-quiz_bim_pl","7":"product_cat-grima-pamats","9":"first","10":"instock","11":"taxable","12":"shipping-taxable","13":"product-type-simple"},"_links":{"self":[{"href":"https:\/\/e.kosmolat.eu\/lv\/wp-json\/wp\/v2\/product\/71336","targetHints":{"allow":["GET"]}}],"collection":[{"href":"https:\/\/e.kosmolat.eu\/lv\/wp-json\/wp\/v2\/product"}],"about":[{"href":"https:\/\/e.kosmolat.eu\/lv\/wp-json\/wp\/v2\/types\/product"}],"wp:featuredmedia":[{"embeddable":true,"href":"https:\/\/e.kosmolat.eu\/lv\/wp-json\/wp\/v2\/media\/94166"}],"wp:attachment":[{"href":"https:\/\/e.kosmolat.eu\/lv\/wp-json\/wp\/v2\/media?parent=71336"}],"wp:term":[{"taxonomy":"product_cat","embeddable":true,"href":"https:\/\/e.kosmolat.eu\/lv\/wp-json\/wp\/v2\/product_cat?post=71336"},{"taxonomy":"product_tag","embeddable":true,"href":"https:\/\/e.kosmolat.eu\/lv\/wp-json\/wp\/v2\/product_tag?post=71336"}],"curies":[{"name":"wp","href":"https:\/\/api.w.org\/{rel}","templated":true}]}}