{"id":71304,"date":"2025-06-10T04:06:37","date_gmt":"2025-06-10T04:06:37","guid":{"rendered":"https:\/\/e.kosmolat.eu\/product\/color-focus-acu-enas-cetrkrasas-no-450-10-g\/"},"modified":"2025-09-20T06:49:04","modified_gmt":"2025-09-20T06:49:04","slug":"color-focus-acu-enas-cetrkrasas-no-450-10-g","status":"publish","type":"product","link":"https:\/\/e.kosmolat.eu\/lv\/product\/color-focus-acu-enas-cetrkrasas-no-450-10-g\/","title":{"rendered":"Color Focus Acu \u0113nas \u010detrkr\u0101\u0161as, No 450, 10 g"},"content":{"rendered":"<p>Uzglab\u0101t temperat\u016br\u0101 no +2\u00b0C l\u012bdz +25\u00b0C.<\/p>\n","protected":false},"excerpt":{"rendered":"<p>Uzglab\u0101t temperat\u016br\u0101 no +2\u00b0C l\u012bdz +25\u00b0C.<\/p>\n","protected":false},"featured_media":94154,"template":"","meta":[],"product_cat":[1295],"product_tag":[],"class_list":{"0":"post-71304","1":"product","2":"type-product","3":"status-publish","4":"has-post-thumbnail","6":"product_brand-quiz_bim_pl","7":"product_cat-akiu-seseliai","9":"first","10":"outofstock","11":"taxable","12":"shipping-taxable","13":"product-type-simple"},"_links":{"self":[{"href":"https:\/\/e.kosmolat.eu\/lv\/wp-json\/wp\/v2\/product\/71304","targetHints":{"allow":["GET"]}}],"collection":[{"href":"https:\/\/e.kosmolat.eu\/lv\/wp-json\/wp\/v2\/product"}],"about":[{"href":"https:\/\/e.kosmolat.eu\/lv\/wp-json\/wp\/v2\/types\/product"}],"wp:featuredmedia":[{"embeddable":true,"href":"https:\/\/e.kosmolat.eu\/lv\/wp-json\/wp\/v2\/media\/94154"}],"wp:attachment":[{"href":"https:\/\/e.kosmolat.eu\/lv\/wp-json\/wp\/v2\/media?parent=71304"}],"wp:term":[{"taxonomy":"product_cat","embeddable":true,"href":"https:\/\/e.kosmolat.eu\/lv\/wp-json\/wp\/v2\/product_cat?post=71304"},{"taxonomy":"product_tag","embeddable":true,"href":"https:\/\/e.kosmolat.eu\/lv\/wp-json\/wp\/v2\/product_tag?post=71304"}],"curies":[{"name":"wp","href":"https:\/\/api.w.org\/{rel}","templated":true}]}}