{"id":71264,"date":"2025-06-10T04:04:46","date_gmt":"2025-06-10T04:04:46","guid":{"rendered":"https:\/\/e.kosmolat.eu\/product\/beauty-obsession-1-palette-spotlight-no-01\/"},"modified":"2026-01-16T09:51:44","modified_gmt":"2026-01-16T09:51:44","slug":"beauty-obsession-1-palette-spotlight-no-01","status":"publish","type":"product","link":"https:\/\/e.kosmolat.eu\/lv\/product\/beauty-obsession-1-palette-spotlight-no-01\/","title":{"rendered":"Beauty Obsession 1 Palette Spotlight No 01"},"content":{"rendered":"<p>Uzglab\u0101t temperat\u016br\u0101 no +2\u00b0C l\u012bdz +25\u00b0C.<\/p>\n","protected":false},"excerpt":{"rendered":"<p>Uzglab\u0101t temperat\u016br\u0101 no +2\u00b0C l\u012bdz +25\u00b0C.<\/p>\n","protected":false},"featured_media":94134,"template":"","meta":[],"product_cat":[2182],"product_tag":[],"class_list":{"0":"post-71264","1":"product","2":"type-product","3":"status-publish","4":"has-post-thumbnail","6":"product_brand-quiz_bim_pl","7":"product_cat-bez-kategorijas-ru","9":"first","10":"outofstock","11":"taxable","12":"shipping-taxable","13":"product-type-simple"},"_links":{"self":[{"href":"https:\/\/e.kosmolat.eu\/lv\/wp-json\/wp\/v2\/product\/71264","targetHints":{"allow":["GET"]}}],"collection":[{"href":"https:\/\/e.kosmolat.eu\/lv\/wp-json\/wp\/v2\/product"}],"about":[{"href":"https:\/\/e.kosmolat.eu\/lv\/wp-json\/wp\/v2\/types\/product"}],"wp:featuredmedia":[{"embeddable":true,"href":"https:\/\/e.kosmolat.eu\/lv\/wp-json\/wp\/v2\/media\/94134"}],"wp:attachment":[{"href":"https:\/\/e.kosmolat.eu\/lv\/wp-json\/wp\/v2\/media?parent=71264"}],"wp:term":[{"taxonomy":"product_cat","embeddable":true,"href":"https:\/\/e.kosmolat.eu\/lv\/wp-json\/wp\/v2\/product_cat?post=71264"},{"taxonomy":"product_tag","embeddable":true,"href":"https:\/\/e.kosmolat.eu\/lv\/wp-json\/wp\/v2\/product_tag?post=71264"}],"curies":[{"name":"wp","href":"https:\/\/api.w.org\/{rel}","templated":true}]}}