{"id":71256,"date":"2025-06-10T04:04:32","date_gmt":"2025-06-10T04:04:32","guid":{"rendered":"https:\/\/e.kosmolat.eu\/product\/beauty-obsession-1-vaigu-sartumu-palete-9-g\/"},"modified":"2025-09-18T10:44:32","modified_gmt":"2025-09-18T10:44:32","slug":"beauty-obsession-1-vaigu-sartumu-palete-9-g","status":"publish","type":"product","link":"https:\/\/e.kosmolat.eu\/lv\/product\/beauty-obsession-1-vaigu-sartumu-palete-9-g\/","title":{"rendered":"Beauty Obsession 1 Vaigu s\u0101rtumu palete, 9 g"},"content":{"rendered":"<p>Uzglab\u0101t temperat\u016br\u0101 no +2\u00b0C l\u012bdz +25\u00b0C.<\/p>\n","protected":false},"excerpt":{"rendered":"<p>Uzglab\u0101t temperat\u016br\u0101 no +2\u00b0C l\u012bdz +25\u00b0C.<\/p>\n","protected":false},"featured_media":78338,"template":"","meta":[],"product_cat":[1495],"product_tag":[],"class_list":{"0":"post-71256","1":"product","2":"type-product","3":"status-publish","4":"has-post-thumbnail","6":"product_brand-quiz_bim_pl","7":"product_cat-vaigu-sartumi","9":"first","10":"outofstock","11":"taxable","12":"shipping-taxable","13":"product-type-simple"},"_links":{"self":[{"href":"https:\/\/e.kosmolat.eu\/lv\/wp-json\/wp\/v2\/product\/71256","targetHints":{"allow":["GET"]}}],"collection":[{"href":"https:\/\/e.kosmolat.eu\/lv\/wp-json\/wp\/v2\/product"}],"about":[{"href":"https:\/\/e.kosmolat.eu\/lv\/wp-json\/wp\/v2\/types\/product"}],"wp:featuredmedia":[{"embeddable":true,"href":"https:\/\/e.kosmolat.eu\/lv\/wp-json\/wp\/v2\/media\/78338"}],"wp:attachment":[{"href":"https:\/\/e.kosmolat.eu\/lv\/wp-json\/wp\/v2\/media?parent=71256"}],"wp:term":[{"taxonomy":"product_cat","embeddable":true,"href":"https:\/\/e.kosmolat.eu\/lv\/wp-json\/wp\/v2\/product_cat?post=71256"},{"taxonomy":"product_tag","embeddable":true,"href":"https:\/\/e.kosmolat.eu\/lv\/wp-json\/wp\/v2\/product_tag?post=71256"}],"curies":[{"name":"wp","href":"https:\/\/api.w.org\/{rel}","templated":true}]}}