{"id":71208,"date":"2025-06-10T04:03:13","date_gmt":"2025-06-10T04:03:13","guid":{"rendered":"https:\/\/e.kosmolat.eu\/product\/mateta-skidra-lupu-krasa-84-3-5-ml\/"},"modified":"2026-01-15T13:59:34","modified_gmt":"2026-01-15T13:59:34","slug":"mateta-skidra-lupu-krasa-84-3-5-ml","status":"publish","type":"product","link":"https:\/\/e.kosmolat.eu\/lv\/product\/mateta-skidra-lupu-krasa-84-3-5-ml\/","title":{"rendered":"Mat\u0113ta \u0161\u0137idr\u0101 l\u016bpu kr\u0101sa 84, 3.5 ml"},"content":{"rendered":"<p>Uzglab\u0101t temperat\u016br\u0101 no +2\u00b0C l\u012bdz +25\u00b0C.<\/p>\n","protected":false},"excerpt":{"rendered":"<p>Uzglab\u0101t temperat\u016br\u0101 no +2\u00b0C l\u012bdz +25\u00b0C.<\/p>\n","protected":false},"featured_media":101286,"template":"","meta":[],"product_cat":[1999],"product_tag":[],"class_list":{"0":"post-71208","1":"product","2":"type-product","3":"status-publish","4":"has-post-thumbnail","6":"product_brand-quiz_bim_pl","7":"product_cat-bez-kategorijas","9":"first","10":"instock","11":"taxable","12":"shipping-taxable","13":"product-type-simple"},"_links":{"self":[{"href":"https:\/\/e.kosmolat.eu\/lv\/wp-json\/wp\/v2\/product\/71208","targetHints":{"allow":["GET"]}}],"collection":[{"href":"https:\/\/e.kosmolat.eu\/lv\/wp-json\/wp\/v2\/product"}],"about":[{"href":"https:\/\/e.kosmolat.eu\/lv\/wp-json\/wp\/v2\/types\/product"}],"wp:featuredmedia":[{"embeddable":true,"href":"https:\/\/e.kosmolat.eu\/lv\/wp-json\/wp\/v2\/media\/101286"}],"wp:attachment":[{"href":"https:\/\/e.kosmolat.eu\/lv\/wp-json\/wp\/v2\/media?parent=71208"}],"wp:term":[{"taxonomy":"product_cat","embeddable":true,"href":"https:\/\/e.kosmolat.eu\/lv\/wp-json\/wp\/v2\/product_cat?post=71208"},{"taxonomy":"product_tag","embeddable":true,"href":"https:\/\/e.kosmolat.eu\/lv\/wp-json\/wp\/v2\/product_tag?post=71208"}],"curies":[{"name":"wp","href":"https:\/\/api.w.org\/{rel}","templated":true}]}}