{"id":71176,"date":"2025-06-09T09:36:32","date_gmt":"2025-06-09T09:36:32","guid":{"rendered":"https:\/\/e.kosmolat.eu\/product\/dp-green-life-eco-salt-for-dishwasher-boxed\/"},"modified":"2026-04-17T10:41:38","modified_gmt":"2026-04-17T10:41:38","slug":"dp-greenlife-sals-trauku-mazgajamam-mas-1-kg","status":"publish","type":"product","link":"https:\/\/e.kosmolat.eu\/lv\/product\/dp-greenlife-sals-trauku-mazgajamam-mas-1-kg\/","title":{"rendered":"DP Greenlife S\u0101ls trauku mazg\u0101jam\u0101m ma\u0161., 1 kg"},"content":{"rendered":"<p>S\u0101ls, kas paredz\u0113ta trauku mazg\u0101jam\u0101m ma\u0161\u012bn\u0101m. T\u0101 ir 99% t\u012bra un nesatur mikroplastmasu. Mazg\u0101\u0161anas laik\u0101 \u016bden\u012b var veidoties ka\u013c\u0137akmens nogulsnes. Tas samazina mazg\u0101\u0161anas l\u012bdzek\u013cu efektivit\u0101ti, atst\u0101j traipus uz traukiem un veicina ka\u013c\u0137akmens veido\u0161anos trauku mazg\u0101jam\u0101s ma\u0161\u012bnas iek\u0161pus\u0113. Lai no t\u0101 izvair\u012btos, m\u016bsdienu trauku mazg\u0101jam\u0101s ma\u0161\u012bnas ir apr\u012bkotas ar \u016bdens m\u012bkstin\u0101\u0161anas sist\u0113mu, kas samazina ka\u013c\u0137akmens saturu \u016bden\u012b. Dual Power GREENLIFE s\u0101ls nodro\u0161ina maksim\u0101lu iedarb\u012bbu \u016bdens m\u012bkstin\u0101\u0161anas sist\u0113mai, garant\u0113jot t\u012brus un sp\u012bd\u012bgus traukus.<\/p>\n<p>Lieto\u0161ana:<br \/>\n1. Iz\u0146emiet apak\u0161\u0113jo trauku grozu.<br \/>\n2. Atrodiet s\u0101ls nodal\u012bjumu un atveriet v\u0101ci\u0146u.<br \/>\n3. Piepildiet nodal\u012bjumu ar Dual Power s\u0101li.<br \/>\n4. Aizveriet v\u0101ci\u0146u un turpiniet ierasto mazg\u0101\u0161anas ciklu.<\/p>\n<p>Piesardz\u012bbas pas\u0101kumi: Uzglab\u0101t b\u0113rniem nepieejam\u0101 viet\u0101. Sarg\u0101t no mitruma un tie\u0161iem saules stariem. Nelietot uztur\u0101.<\/p>\n<p>Sast\u0101v\u0101: 30 % un vair\u0101k n\u0101trija hlor\u012bda.<\/p>\n","protected":false},"excerpt":{"rendered":"<p>S\u0101ls, kas paredz\u0113ta trauku mazg\u0101jam\u0101m ma\u0161\u012bn\u0101m. T\u0101 ir 99% t\u012bra un nesatur mikroplastmasu. Mazg\u0101\u0161anas laik\u0101 \u016bden\u012b var veidoties ka\u013c\u0137akmens nogulsnes. Tas samazina mazg\u0101\u0161anas l\u012bdzek\u013cu efektivit\u0101ti, atst\u0101j traipus uz traukiem un veicina ka\u013c\u0137akmens veido\u0161anos trauku mazg\u0101jam\u0101s ma\u0161\u012bnas iek\u0161pus\u0113. Lai no t\u0101 izvair\u012btos, m\u016bsdienu trauku mazg\u0101jam\u0101s ma\u0161\u012bnas ir apr\u012bkotas ar \u016bdens m\u012bkstin\u0101\u0161anas sist\u0113mu, kas samazina ka\u013c\u0137akmens saturu [&#8230;]\n","protected":false},"featured_media":94018,"template":"","meta":[],"product_cat":[1258],"product_tag":[],"class_list":{"0":"post-71176","1":"product","2":"type-product","3":"status-publish","4":"has-post-thumbnail","6":"product_brand-italchimica-it","7":"product_cat-lidzekli-trauku-mazgajamas-masinas-kopsanai","9":"first","10":"instock","11":"taxable","12":"shipping-taxable","13":"product-type-simple"},"_links":{"self":[{"href":"https:\/\/e.kosmolat.eu\/lv\/wp-json\/wp\/v2\/product\/71176","targetHints":{"allow":["GET"]}}],"collection":[{"href":"https:\/\/e.kosmolat.eu\/lv\/wp-json\/wp\/v2\/product"}],"about":[{"href":"https:\/\/e.kosmolat.eu\/lv\/wp-json\/wp\/v2\/types\/product"}],"wp:featuredmedia":[{"embeddable":true,"href":"https:\/\/e.kosmolat.eu\/lv\/wp-json\/wp\/v2\/media\/94018"}],"wp:attachment":[{"href":"https:\/\/e.kosmolat.eu\/lv\/wp-json\/wp\/v2\/media?parent=71176"}],"wp:term":[{"taxonomy":"product_cat","embeddable":true,"href":"https:\/\/e.kosmolat.eu\/lv\/wp-json\/wp\/v2\/product_cat?post=71176"},{"taxonomy":"product_tag","embeddable":true,"href":"https:\/\/e.kosmolat.eu\/lv\/wp-json\/wp\/v2\/product_tag?post=71176"}],"curies":[{"name":"wp","href":"https:\/\/api.w.org\/{rel}","templated":true}]}}