{"id":71157,"date":"2025-06-07T04:07:16","date_gmt":"2025-06-07T04:07:16","guid":{"rendered":"https:\/\/e.kosmolat.eu\/product\/nagu-vile-9262\/"},"modified":"2025-09-19T16:43:36","modified_gmt":"2025-09-19T16:43:36","slug":"nagu-vile-9262","status":"publish","type":"product","link":"https:\/\/e.kosmolat.eu\/lv\/product\/nagu-vile-9262\/","title":{"rendered":"Nagu v\u012ble 9262"},"content":{"rendered":"<p>Met\u0101lisk\u0101.&nbsp;Nov\u0113r&scaron; nagu l\u016b&scaron;anu, sl\u0101\u0146o&scaron;anos; mazg\u0101t ar \u016bdeni.<\/p>\n<p>Br\u012bdin\u0101jums: ja produkts ir boj\u0101ts, p\u0101rtrauciet lieto&scaron;anu!<\/p>\n","protected":false},"excerpt":{"rendered":"<p>Met\u0101lisk\u0101.&nbsp;Nov\u0113r&scaron; nagu l\u016b&scaron;anu, sl\u0101\u0146o&scaron;anos; mazg\u0101t ar \u016bdeni. Br\u012bdin\u0101jums: ja produkts ir boj\u0101ts, p\u0101rtrauciet lieto&scaron;anu!<\/p>\n","protected":false},"featured_media":79942,"template":"","meta":[],"product_cat":[1541],"product_tag":[],"class_list":{"0":"post-71157","1":"product","2":"type-product","3":"status-publish","4":"has-post-thumbnail","6":"product_brand-donegal-sp-zo-o-_pl","7":"product_cat-manikiuro-ir-pedikiuro-priemones","9":"first","10":"outofstock","11":"taxable","12":"shipping-taxable","13":"product-type-simple"},"_links":{"self":[{"href":"https:\/\/e.kosmolat.eu\/lv\/wp-json\/wp\/v2\/product\/71157","targetHints":{"allow":["GET"]}}],"collection":[{"href":"https:\/\/e.kosmolat.eu\/lv\/wp-json\/wp\/v2\/product"}],"about":[{"href":"https:\/\/e.kosmolat.eu\/lv\/wp-json\/wp\/v2\/types\/product"}],"wp:featuredmedia":[{"embeddable":true,"href":"https:\/\/e.kosmolat.eu\/lv\/wp-json\/wp\/v2\/media\/79942"}],"wp:attachment":[{"href":"https:\/\/e.kosmolat.eu\/lv\/wp-json\/wp\/v2\/media?parent=71157"}],"wp:term":[{"taxonomy":"product_cat","embeddable":true,"href":"https:\/\/e.kosmolat.eu\/lv\/wp-json\/wp\/v2\/product_cat?post=71157"},{"taxonomy":"product_tag","embeddable":true,"href":"https:\/\/e.kosmolat.eu\/lv\/wp-json\/wp\/v2\/product_tag?post=71157"}],"curies":[{"name":"wp","href":"https:\/\/api.w.org\/{rel}","templated":true}]}}