{"id":71141,"date":"2025-06-07T04:04:47","date_gmt":"2025-06-07T04:04:47","guid":{"rendered":"https:\/\/e.kosmolat.eu\/product\/joli-color-shine-109-ilgnoturiga-lupu-krasa-4-g\/"},"modified":"2026-04-21T07:18:16","modified_gmt":"2026-04-21T07:18:16","slug":"joli-color-shine-109-ilgnoturiga-lupu-krasa-4-g","status":"publish","type":"product","link":"https:\/\/e.kosmolat.eu\/lv\/product\/joli-color-shine-109-ilgnoturiga-lupu-krasa-4-g\/","title":{"rendered":"Joli Color Shine 109 Ilgnotur\u012bga l\u016bpu kr\u0101sa, 4 g"},"content":{"rendered":"<p>Uzglab\u0101t temperat\u016br\u0101 no +2\u00b0C l\u012bdz +25\u00b0C.<\/p>\n","protected":false},"excerpt":{"rendered":"<p>Uzglab\u0101t temperat\u016br\u0101 no +2\u00b0C l\u012bdz +25\u00b0C.<\/p>\n","protected":false},"featured_media":107436,"template":"","meta":[],"product_cat":[1267],"product_tag":[],"class_list":{"0":"post-71141","1":"product","2":"type-product","3":"status-publish","4":"has-post-thumbnail","6":"product_brand-quiz_bim_pl","7":"product_cat-lupu-krasas","9":"first","10":"instock","11":"taxable","12":"shipping-taxable","13":"product-type-simple"},"_links":{"self":[{"href":"https:\/\/e.kosmolat.eu\/lv\/wp-json\/wp\/v2\/product\/71141","targetHints":{"allow":["GET"]}}],"collection":[{"href":"https:\/\/e.kosmolat.eu\/lv\/wp-json\/wp\/v2\/product"}],"about":[{"href":"https:\/\/e.kosmolat.eu\/lv\/wp-json\/wp\/v2\/types\/product"}],"wp:featuredmedia":[{"embeddable":true,"href":"https:\/\/e.kosmolat.eu\/lv\/wp-json\/wp\/v2\/media\/107436"}],"wp:attachment":[{"href":"https:\/\/e.kosmolat.eu\/lv\/wp-json\/wp\/v2\/media?parent=71141"}],"wp:term":[{"taxonomy":"product_cat","embeddable":true,"href":"https:\/\/e.kosmolat.eu\/lv\/wp-json\/wp\/v2\/product_cat?post=71141"},{"taxonomy":"product_tag","embeddable":true,"href":"https:\/\/e.kosmolat.eu\/lv\/wp-json\/wp\/v2\/product_tag?post=71141"}],"curies":[{"name":"wp","href":"https:\/\/api.w.org\/{rel}","templated":true}]}}