{"id":71109,"date":"2025-06-07T04:03:24","date_gmt":"2025-06-07T04:03:24","guid":{"rendered":"https:\/\/e.kosmolat.eu\/product\/joli-color-shine-100-ilgnoturiga-lupu-krasa-4-g\/"},"modified":"2025-07-23T07:36:35","modified_gmt":"2025-07-23T07:36:35","slug":"joli-color-shine-100-ilgnoturiga-lupu-krasa-4-g","status":"publish","type":"product","link":"https:\/\/e.kosmolat.eu\/lv\/product\/joli-color-shine-100-ilgnoturiga-lupu-krasa-4-g\/","title":{"rendered":"Joli Color Shine 100 Ilgnotur\u012bga l\u016bpu kr\u0101sa, 4  g"},"content":{"rendered":"<p>Uzglab\u0101t temperat\u016br\u0101 no +2\u00b0C l\u012bdz +25\u00b0C.<\/p>\n","protected":false},"excerpt":{"rendered":"<p>Uzglab\u0101t temperat\u016br\u0101 no +2\u00b0C l\u012bdz +25\u00b0C.<\/p>\n","protected":false},"featured_media":71113,"template":"","meta":[],"product_cat":[1269],"product_tag":[],"class_list":{"0":"post-71109","1":"product","2":"type-product","3":"status-publish","4":"has-post-thumbnail","6":"product_brand-quiz_bim_pl","7":"product_cat-lupu-dazai","9":"first","10":"outofstock","11":"taxable","12":"shipping-taxable","13":"product-type-simple"},"_links":{"self":[{"href":"https:\/\/e.kosmolat.eu\/lv\/wp-json\/wp\/v2\/product\/71109","targetHints":{"allow":["GET"]}}],"collection":[{"href":"https:\/\/e.kosmolat.eu\/lv\/wp-json\/wp\/v2\/product"}],"about":[{"href":"https:\/\/e.kosmolat.eu\/lv\/wp-json\/wp\/v2\/types\/product"}],"wp:featuredmedia":[{"embeddable":true,"href":"https:\/\/e.kosmolat.eu\/lv\/wp-json\/wp\/v2\/media\/71113"}],"wp:attachment":[{"href":"https:\/\/e.kosmolat.eu\/lv\/wp-json\/wp\/v2\/media?parent=71109"}],"wp:term":[{"taxonomy":"product_cat","embeddable":true,"href":"https:\/\/e.kosmolat.eu\/lv\/wp-json\/wp\/v2\/product_cat?post=71109"},{"taxonomy":"product_tag","embeddable":true,"href":"https:\/\/e.kosmolat.eu\/lv\/wp-json\/wp\/v2\/product_tag?post=71109"}],"curies":[{"name":"wp","href":"https:\/\/api.w.org\/{rel}","templated":true}]}}