{"id":71093,"date":"2025-06-07T04:02:30","date_gmt":"2025-06-07T04:02:30","guid":{"rendered":"https:\/\/e.kosmolat.eu\/product\/skidrums-nagu-lakas-nonemsanai-9148\/"},"modified":"2025-09-19T16:13:45","modified_gmt":"2025-09-19T16:13:45","slug":"skidrums-nagu-lakas-nonemsanai-9148","status":"publish","type":"product","link":"https:\/\/e.kosmolat.eu\/lv\/product\/skidrums-nagu-lakas-nonemsanai-9148\/","title":{"rendered":"\u0160\u0137idrums nagu lakas no\u0146em\u0161anai 9148"},"content":{"rendered":"<p>Ar E vitam\u012bnu.&nbsp;R\u016bp\u012bgi no\u0146em laku, saglab\u0101 aizsargk\u0101rtu, neboj\u0101 nagus.<\/p>\n<p><strong>Lieto&scaron;ana:<\/strong> uzkl\u0101jiet nelielu daudzumu l\u012bdzek\u013ca uz vates diska un not\u012briet kr\u0101soto nagu pl\u0101ksni.<\/p>\n<p><strong>Br\u012bdin\u0101jums: <\/strong>L\u012bdzeklis ir ugunsnedro&scaron;s! Glab\u0101t atsevi&scaron;\u0137i no karstuma avotiem! Sarg\u0101t no b\u0113rniem!<br \/>\n&nbsp;<\/p>\n","protected":false},"excerpt":{"rendered":"<p>Ar E vitam\u012bnu.&nbsp;R\u016bp\u012bgi no\u0146em laku, saglab\u0101 aizsargk\u0101rtu, neboj\u0101 nagus. Lieto&scaron;ana: uzkl\u0101jiet nelielu daudzumu l\u012bdzek\u013ca uz vates diska un not\u012briet kr\u0101soto nagu pl\u0101ksni. Br\u012bdin\u0101jums: L\u012bdzeklis ir ugunsnedro&scaron;s! Glab\u0101t atsevi&scaron;\u0137i no karstuma avotiem! Sarg\u0101t no b\u0113rniem! &nbsp;<\/p>\n","protected":false},"featured_media":79454,"template":"","meta":[],"product_cat":[1526],"product_tag":[],"class_list":{"0":"post-71093","1":"product","2":"type-product","3":"status-publish","4":"has-post-thumbnail","6":"product_brand-donegal-sp-zo-o-_pl","7":"product_cat-nagu-lakas-nonemeji","9":"first","10":"outofstock","11":"taxable","12":"shipping-taxable","13":"product-type-simple"},"_links":{"self":[{"href":"https:\/\/e.kosmolat.eu\/lv\/wp-json\/wp\/v2\/product\/71093","targetHints":{"allow":["GET"]}}],"collection":[{"href":"https:\/\/e.kosmolat.eu\/lv\/wp-json\/wp\/v2\/product"}],"about":[{"href":"https:\/\/e.kosmolat.eu\/lv\/wp-json\/wp\/v2\/types\/product"}],"wp:featuredmedia":[{"embeddable":true,"href":"https:\/\/e.kosmolat.eu\/lv\/wp-json\/wp\/v2\/media\/79454"}],"wp:attachment":[{"href":"https:\/\/e.kosmolat.eu\/lv\/wp-json\/wp\/v2\/media?parent=71093"}],"wp:term":[{"taxonomy":"product_cat","embeddable":true,"href":"https:\/\/e.kosmolat.eu\/lv\/wp-json\/wp\/v2\/product_cat?post=71093"},{"taxonomy":"product_tag","embeddable":true,"href":"https:\/\/e.kosmolat.eu\/lv\/wp-json\/wp\/v2\/product_tag?post=71093"}],"curies":[{"name":"wp","href":"https:\/\/api.w.org\/{rel}","templated":true}]}}