{"id":71086,"date":"2025-06-05T08:20:40","date_gmt":"2025-06-05T08:20:40","guid":{"rendered":"https:\/\/e.kosmolat.eu\/product\/ht-barber-vir-matu-veidosanas-sprejs-ar-juras-sali-100-ml\/"},"modified":"2026-04-07T11:56:08","modified_gmt":"2026-04-07T11:56:08","slug":"ht-barber-vir-matu-veidosanas-sprejs-ar-juras-sali-100-ml","status":"publish","type":"product","link":"https:\/\/e.kosmolat.eu\/lv\/product\/ht-barber-vir-matu-veidosanas-sprejs-ar-juras-sali-100-ml\/","title":{"rendered":"HT Barber V\u012br. matu veido\u0161anas sprejs ar j\u016bras s\u0101li, 100 ml"},"content":{"rendered":"<p>Vieglas fiks\u0101cijas sprejs ar j\u016bras s\u0101li pie\u0161\u0137ir apjomu un pal\u012bdz izveidot dabisku matu izskatu. Pateicoties s\u0101lim sast\u0101v\u0101, tas nodro\u0161ina mat\u0113tu efektu. \u201cBarber\u201d s\u0113rija saglab\u0101 matu maigumu un pie\u0161\u0137ir v\u012bri\u0161\u0137\u012bgu arom\u0101tu visas dienas garum\u0101.<\/p>\n<p>Lieto\u0161ana: Pirms lieto\u0161anas sakrat\u012bt. Izsmidzin\u0101t uz mitriem vai sausiem matiem un ieveidot dabisk\u0101 form\u0101. Nenoskalot.<\/p>\n<p>Piesardz\u012bbas pas\u0101kumi:  Pirms lieto\u0161anas l\u012bdzeklis ir j\u0101p\u0101rbauda uz neliela \u0101das laukuma. Ja rodas aler\u0123iska reakcija, p\u0101rtrauciet lieto\u0161anu. Tikai \u0101r\u012bgai lieto\u0161anai. Ja iek\u013c\u016bst ac\u012bs, r\u016bp\u012bgi izskalojiet t\u0101s ar lielu daudzumu teko\u0161a \u016bdens. <\/p>\n<p>Kontrindik\u0101cijas: Individu\u0101la nepanes\u012bba pret l\u012bdzek\u013ca sast\u0101vda\u013c\u0101m. <\/p>\n<p>Uzglab\u0101t temperat\u016br\u0101 no +5\u00b0C l\u012bdz +25\u00b0C un relat\u012bvaj\u0101 gaisa mitrum\u0101 55-70%, sarg\u0101jot no tie\u0161iem saules stariem, ne tuv\u0101k par vienu metru no siltuma avotiem. <\/p>\n<p>Der\u012bguma termi\u0146\u0161: 36 m\u0113ne\u0161i no izgatavo\u0161anas datuma.<\/p>\n","protected":false},"excerpt":{"rendered":"<p>Vieglas fiks\u0101cijas sprejs ar j\u016bras s\u0101li pie\u0161\u0137ir apjomu un pal\u012bdz izveidot dabisku matu izskatu. Pateicoties s\u0101lim sast\u0101v\u0101, tas nodro\u0161ina mat\u0113tu efektu. \u201cBarber\u201d s\u0113rija saglab\u0101 matu maigumu un pie\u0161\u0137ir v\u012bri\u0161\u0137\u012bgu arom\u0101tu visas dienas garum\u0101. Lieto\u0161ana: Pirms lieto\u0161anas sakrat\u012bt. Izsmidzin\u0101t uz mitriem vai sausiem matiem un ieveidot dabisk\u0101 form\u0101. Nenoskalot. Piesardz\u012bbas pas\u0101kumi: Pirms lieto\u0161anas l\u012bdzeklis ir j\u0101p\u0101rbauda [&#8230;]\n","protected":false},"featured_media":97074,"template":"","meta":[],"product_cat":[1999],"product_tag":[],"class_list":{"0":"post-71086","1":"product","2":"type-product","3":"status-publish","4":"has-post-thumbnail","6":"product_brand-naturpro_ua","7":"product_cat-bez-kategorijas","9":"first","10":"instock","11":"taxable","12":"shipping-taxable","13":"product-type-simple"},"_links":{"self":[{"href":"https:\/\/e.kosmolat.eu\/lv\/wp-json\/wp\/v2\/product\/71086","targetHints":{"allow":["GET"]}}],"collection":[{"href":"https:\/\/e.kosmolat.eu\/lv\/wp-json\/wp\/v2\/product"}],"about":[{"href":"https:\/\/e.kosmolat.eu\/lv\/wp-json\/wp\/v2\/types\/product"}],"wp:featuredmedia":[{"embeddable":true,"href":"https:\/\/e.kosmolat.eu\/lv\/wp-json\/wp\/v2\/media\/97074"}],"wp:attachment":[{"href":"https:\/\/e.kosmolat.eu\/lv\/wp-json\/wp\/v2\/media?parent=71086"}],"wp:term":[{"taxonomy":"product_cat","embeddable":true,"href":"https:\/\/e.kosmolat.eu\/lv\/wp-json\/wp\/v2\/product_cat?post=71086"},{"taxonomy":"product_tag","embeddable":true,"href":"https:\/\/e.kosmolat.eu\/lv\/wp-json\/wp\/v2\/product_tag?post=71086"}],"curies":[{"name":"wp","href":"https:\/\/api.w.org\/{rel}","templated":true}]}}