{"id":71078,"date":"2025-06-05T06:52:40","date_gmt":"2025-06-05T06:52:40","guid":{"rendered":"https:\/\/e.kosmolat.eu\/product\/hair-trend-gel-styling-for-hair-ofmedium-fixation150-ml-hair-trend-c%d0%b5eu-%d1%81%d1%82a%d0%b9en%d0%bdn-ae%d1%8f-%d0%b2%d0%bee%d0%be%d1%81%d1%81%d1%8f-%d1%81%d0%b5\/"},"modified":"2026-04-10T07:32:11","modified_gmt":"2026-04-10T07:32:11","slug":"ht-barber-vir-matu-veidosanas-zeleja-videjas-fiks-150-ml","status":"publish","type":"product","link":"https:\/\/e.kosmolat.eu\/lv\/product\/ht-barber-vir-matu-veidosanas-zeleja-videjas-fiks-150-ml\/","title":{"rendered":"HT Barber V\u012br. matu veido\u0161anas \u017eeleja vid\u0113jas fiks., 150 ml"},"content":{"rendered":"<p>Efekt\u012bvs l\u012bdzeklis matu veido\u0161anai un fiks\u0101cijai. Nenoslogo matus. \u201cBarber\u201d s\u0113rijas produkti neatst\u0101j p\u0113das, nodro\u0161ina ilgsto\u0161u matu fiks\u0101ciju un saglab\u0101 v\u012bri\u0161\u0137\u012bgu arom\u0101tu visas dienas garum\u0101.<\/p>\n<p>Lieto\u0161ana: Uzkl\u0101t nelielu \u017eelejas daudzumu uz pirkstu galiem, ier\u012bv\u0113t un vienm\u0113r\u012bgi sadal\u012bt mitros, nedaudz nosusin\u0101tos matos. Ieveidot un \u013caut iz\u017e\u016bt dabisk\u0101 veid\u0101. Ja nok\u013c\u016bst ac\u012bs, r\u016bp\u012bgi izskalot ar lielu daudzumu teko\u0161a \u016bdens. Lietot tikai paredz\u0113tajam m\u0113r\u0137im.<\/p>\n<p>Kontrindik\u0101cijas: Individu\u0101la nepanes\u012bba pret l\u012bdzek\u013ca sast\u0101vda\u013c\u0101m. <\/p>\n<p>Uzglab\u0101t temperat\u016br\u0101 no +5\u00b0C l\u012bdz +25\u00b0C un relat\u012bvaj\u0101 gaisa mitrum\u0101 55-70%, sarg\u0101jot no tie\u0161iem saules stariem, ne tuv\u0101k par vienu metru no siltuma avotiem. <\/p>\n<p>Der\u012bguma termi\u0146\u0161: 36 m\u0113ne\u0161i no izgatavo\u0161anas datuma.<\/p>\n","protected":false},"excerpt":{"rendered":"<p>Efekt\u012bvs l\u012bdzeklis matu veido\u0161anai un fiks\u0101cijai. Nenoslogo matus. \u201cBarber\u201d s\u0113rijas produkti neatst\u0101j p\u0113das, nodro\u0161ina ilgsto\u0161u matu fiks\u0101ciju un saglab\u0101 v\u012bri\u0161\u0137\u012bgu arom\u0101tu visas dienas garum\u0101. Lieto\u0161ana: Uzkl\u0101t nelielu \u017eelejas daudzumu uz pirkstu galiem, ier\u012bv\u0113t un vienm\u0113r\u012bgi sadal\u012bt mitros, nedaudz nosusin\u0101tos matos. Ieveidot un \u013caut iz\u017e\u016bt dabisk\u0101 veid\u0101. Ja nok\u013c\u016bst ac\u012bs, r\u016bp\u012bgi izskalot ar lielu daudzumu teko\u0161a [&#8230;]\n","protected":false},"featured_media":106928,"template":"","meta":[],"product_cat":[1651],"product_tag":[],"class_list":{"0":"post-71078","1":"product","2":"type-product","3":"status-publish","4":"has-post-thumbnail","6":"product_brand-naturpro_ua","7":"product_cat-zelejas-kremi-ellas-u-c","9":"first","10":"instock","11":"taxable","12":"shipping-taxable","13":"product-type-simple"},"_links":{"self":[{"href":"https:\/\/e.kosmolat.eu\/lv\/wp-json\/wp\/v2\/product\/71078","targetHints":{"allow":["GET"]}}],"collection":[{"href":"https:\/\/e.kosmolat.eu\/lv\/wp-json\/wp\/v2\/product"}],"about":[{"href":"https:\/\/e.kosmolat.eu\/lv\/wp-json\/wp\/v2\/types\/product"}],"wp:featuredmedia":[{"embeddable":true,"href":"https:\/\/e.kosmolat.eu\/lv\/wp-json\/wp\/v2\/media\/106928"}],"wp:attachment":[{"href":"https:\/\/e.kosmolat.eu\/lv\/wp-json\/wp\/v2\/media?parent=71078"}],"wp:term":[{"taxonomy":"product_cat","embeddable":true,"href":"https:\/\/e.kosmolat.eu\/lv\/wp-json\/wp\/v2\/product_cat?post=71078"},{"taxonomy":"product_tag","embeddable":true,"href":"https:\/\/e.kosmolat.eu\/lv\/wp-json\/wp\/v2\/product_tag?post=71078"}],"curies":[{"name":"wp","href":"https:\/\/api.w.org\/{rel}","templated":true}]}}