{"id":71070,"date":"2025-06-05T04:02:06","date_gmt":"2025-06-05T04:02:06","guid":{"rendered":"https:\/\/e.kosmolat.eu\/product\/ht-total-oil-repair-ella-matu-galiem-100-ml\/"},"modified":"2025-09-19T23:30:15","modified_gmt":"2025-09-19T23:30:15","slug":"ht-total-oil-repair-ella-matu-galiem-100-ml","status":"publish","type":"product","link":"https:\/\/e.kosmolat.eu\/lv\/product\/ht-total-oil-repair-ella-matu-galiem-100-ml\/","title":{"rendered":"HT Total oil repair E\u013c\u013ca matu galiem, 100 ml"},"content":{"rendered":"<p>E\u013c\u013ca matu galiem \u2014 \u012bsts eliks\u012brs to atjauno\u0161anai, pateicoties 5 e\u013c\u013cu kompleksam: arg\u0101na, hohobas, makad\u0101mijas, kvie\u0161u d\u012bgstu un v\u012bnogu kauli\u0146u e\u013c\u013cai.<\/p>\n<p>Lieto\u0161ana: Iepiliniet 2\u20133 pilienus e\u013c\u013cas plaukst\u0101 un uzkl\u0101jiet uz mitriem matiem vis\u0101 garum\u0101, piev\u0113r\u0161ot \u012bpa\u0161u uzman\u012bbu matu galiem. Nenoskalot.<\/p>\n<p>Piesardz\u012bbas pas\u0101kumi: Tikai \u0101r\u012bgai lieto\u0161anai. Ja iek\u013c\u016bst ac\u012bs, r\u016bp\u012bgi izskalojiet t\u0101s ar lielu daudzumu teko\u0161a \u016bdens. <\/p>\n<p>Kontrindik\u0101cijas: Individu\u0101la nepanes\u012bba pret l\u012bdzek\u013ca sast\u0101vda\u013c\u0101m. <\/p>\n<p>Uzglab\u0101t temperat\u016br\u0101 no +5\u00b0C l\u012bdz +25\u00b0C un relat\u012bvaj\u0101 gaisa mitrum\u0101 55-70%, sarg\u0101jot no tie\u0161iem saules stariem, ne tuv\u0101k par vienu metru no siltuma avotiem. <\/p>\n<p>Der\u012bguma termi\u0146\u0161: 36 m\u0113ne\u0161i no izgatavo\u0161anas datuma.<\/p>\n","protected":false},"excerpt":{"rendered":"<p>E\u013c\u013ca matu galiem \u2014 \u012bsts eliks\u012brs to atjauno\u0161anai, pateicoties 5 e\u013c\u013cu kompleksam: arg\u0101na, hohobas, makad\u0101mijas, kvie\u0161u d\u012bgstu un v\u012bnogu kauli\u0146u e\u013c\u013cai. Lieto\u0161ana: Iepiliniet 2\u20133 pilienus e\u013c\u013cas plaukst\u0101 un uzkl\u0101jiet uz mitriem matiem vis\u0101 garum\u0101, piev\u0113r\u0161ot \u012bpa\u0161u uzman\u012bbu matu galiem. Nenoskalot. Piesardz\u012bbas pas\u0101kumi: Tikai \u0101r\u012bgai lieto\u0161anai. Ja iek\u013c\u016bst ac\u012bs, r\u016bp\u012bgi izskalojiet t\u0101s ar lielu daudzumu teko\u0161a [&#8230;]\n","protected":false},"featured_media":87114,"template":"","meta":[],"product_cat":[1651],"product_tag":[],"class_list":{"0":"post-71070","1":"product","2":"type-product","3":"status-publish","4":"has-post-thumbnail","6":"product_brand-naturpro_ua","7":"product_cat-zelejas-kremi-ellas-u-c","9":"first","10":"outofstock","11":"taxable","12":"shipping-taxable","13":"product-type-simple"},"_links":{"self":[{"href":"https:\/\/e.kosmolat.eu\/lv\/wp-json\/wp\/v2\/product\/71070","targetHints":{"allow":["GET"]}}],"collection":[{"href":"https:\/\/e.kosmolat.eu\/lv\/wp-json\/wp\/v2\/product"}],"about":[{"href":"https:\/\/e.kosmolat.eu\/lv\/wp-json\/wp\/v2\/types\/product"}],"wp:featuredmedia":[{"embeddable":true,"href":"https:\/\/e.kosmolat.eu\/lv\/wp-json\/wp\/v2\/media\/87114"}],"wp:attachment":[{"href":"https:\/\/e.kosmolat.eu\/lv\/wp-json\/wp\/v2\/media?parent=71070"}],"wp:term":[{"taxonomy":"product_cat","embeddable":true,"href":"https:\/\/e.kosmolat.eu\/lv\/wp-json\/wp\/v2\/product_cat?post=71070"},{"taxonomy":"product_tag","embeddable":true,"href":"https:\/\/e.kosmolat.eu\/lv\/wp-json\/wp\/v2\/product_tag?post=71070"}],"curies":[{"name":"wp","href":"https:\/\/api.w.org\/{rel}","templated":true}]}}