{"id":71062,"date":"2025-06-05T04:01:52","date_gmt":"2025-06-05T04:01:52","guid":{"rendered":"https:\/\/e.kosmolat.eu\/product\/bd-multi-nutrition-sejas-ella-30-ml\/"},"modified":"2026-03-25T14:09:25","modified_gmt":"2026-03-25T14:09:25","slug":"bd-multi-nutrition-sejas-ella-30-ml","status":"publish","type":"product","link":"https:\/\/e.kosmolat.eu\/lv\/product\/bd-multi-nutrition-sejas-ella-30-ml\/","title":{"rendered":"BD Multi-Nutrition Sejas e\u013c\u013ca, 30 ml"},"content":{"rendered":"<p>Intens\u012bvi baro un atjauno \u0101du, pal\u012bdz saglab\u0101t t\u0101s elast\u012bbu un svaigu izskatu.<\/p>\n<p>Lieto\u0161ana: Da\u017eus pilienus e\u013c\u013cas uzkl\u0101t divas reizes dien\u0101 ar mas\u0101\u017eas kust\u012bb\u0101m uz att\u012br\u012btas un toniz\u0113tas sejas, kakla un dekolt\u0113 zonas \u0101das. Var lietot ar\u012b acu zon\u0101 un k\u0101 grima b\u0101zi. Atst\u0101t l\u012bdz piln\u012bgai uzs\u016bk\u0161anai.<\/p>\n<p>Piesardz\u012bbas pas\u0101kumi:  Pirms lieto\u0161anas l\u012bdzeklis ir j\u0101p\u0101rbauda uz neliela \u0101das laukuma. Ja rodas aler\u0123iska reakcija, p\u0101rtrauciet lieto\u0161anu. Tikai \u0101r\u012bgai lieto\u0161anai. Ja iek\u013c\u016bst ac\u012bs, r\u016bp\u012bgi izskalojiet t\u0101s ar lielu daudzumu teko\u0161a \u016bdens. <\/p>\n<p>Br\u012bdin\u0101jums: Satur A vitam\u012bnu. L\u016bgums pirms lieto\u0161anas p\u0101rdom\u0101t savu dienas devu.<\/p>\n<p>Kontrindik\u0101cijas: Individu\u0101la nepanes\u012bba pret l\u012bdzek\u013ca sast\u0101vda\u013c\u0101m. <\/p>\n<p>Uzglab\u0101t temperat\u016br\u0101 no +5\u00b0C l\u012bdz +25\u00b0C un relat\u012bvaj\u0101 gaisa mitrum\u0101 55-70%, sarg\u0101jot no tie\u0161iem saules stariem, ne tuv\u0101k par vienu metru no siltuma avotiem. <\/p>\n<p>Der\u012bguma termi\u0146\u0161: 36 m\u0113ne\u0161i no izgatavo\u0161anas datuma.<\/p>\n","protected":false},"excerpt":{"rendered":"<p>Intens\u012bvi baro un atjauno \u0101du, pal\u012bdz saglab\u0101t t\u0101s elast\u012bbu un svaigu izskatu. Lieto\u0161ana: Da\u017eus pilienus e\u013c\u013cas uzkl\u0101t divas reizes dien\u0101 ar mas\u0101\u017eas kust\u012bb\u0101m uz att\u012br\u012btas un toniz\u0113tas sejas, kakla un dekolt\u0113 zonas \u0101das. Var lietot ar\u012b acu zon\u0101 un k\u0101 grima b\u0101zi. Atst\u0101t l\u012bdz piln\u012bgai uzs\u016bk\u0161anai. Piesardz\u012bbas pas\u0101kumi: Pirms lieto\u0161anas l\u012bdzeklis ir j\u0101p\u0101rbauda uz neliela [&#8230;]\n","protected":false},"featured_media":86990,"template":"","meta":[],"product_cat":[1999],"product_tag":[],"class_list":{"0":"post-71062","1":"product","2":"type-product","3":"status-publish","4":"has-post-thumbnail","6":"product_brand-naturpro_ua","7":"product_cat-bez-kategorijas","9":"first","10":"instock","11":"taxable","12":"shipping-taxable","13":"product-type-simple"},"_links":{"self":[{"href":"https:\/\/e.kosmolat.eu\/lv\/wp-json\/wp\/v2\/product\/71062","targetHints":{"allow":["GET"]}}],"collection":[{"href":"https:\/\/e.kosmolat.eu\/lv\/wp-json\/wp\/v2\/product"}],"about":[{"href":"https:\/\/e.kosmolat.eu\/lv\/wp-json\/wp\/v2\/types\/product"}],"wp:featuredmedia":[{"embeddable":true,"href":"https:\/\/e.kosmolat.eu\/lv\/wp-json\/wp\/v2\/media\/86990"}],"wp:attachment":[{"href":"https:\/\/e.kosmolat.eu\/lv\/wp-json\/wp\/v2\/media?parent=71062"}],"wp:term":[{"taxonomy":"product_cat","embeddable":true,"href":"https:\/\/e.kosmolat.eu\/lv\/wp-json\/wp\/v2\/product_cat?post=71062"},{"taxonomy":"product_tag","embeddable":true,"href":"https:\/\/e.kosmolat.eu\/lv\/wp-json\/wp\/v2\/product_tag?post=71062"}],"curies":[{"name":"wp","href":"https:\/\/api.w.org\/{rel}","templated":true}]}}