{"id":71054,"date":"2025-06-05T04:01:37","date_gmt":"2025-06-05T04:01:37","guid":{"rendered":"https:\/\/e.kosmolat.eu\/product\/bd-callus-remover-skabju-pilinga-zeleja-pedam-ar-mentolu-75-ml\/"},"modified":"2026-04-21T10:19:10","modified_gmt":"2026-04-21T10:19:10","slug":"i_bd-callus-remover-skabju-pilinga-zeleja-pedam-ar-mentolu-75-ml","status":"publish","type":"product","link":"https:\/\/e.kosmolat.eu\/lv\/product\/i_bd-callus-remover-skabju-pilinga-zeleja-pedam-ar-mentolu-75-ml\/","title":{"rendered":"I_BD Callus Remover Sk\u0101bju p\u012blinga \u017eeleja p\u0113d\u0101m ar mentolu, 75 ml"},"content":{"rendered":"<p>Pateicoties \u012bpa\u0161ajai formulai, p\u012blings m\u012bkstina un efekt\u012bvi no\u0146em sabiez\u0113ju\u0161o \u0101du.<\/p>\n<p>Lieto\u0161ana: Lietojot l\u012bdzekli, ieteicams lietot gumijas cimdus. M\u0113rc\u0113jiet p\u0113das silt\u0101 \u016bden\u012b, p\u0113c tam r\u016bp\u012bgi nosusiniet t\u0101s ar dvieli. Uzkl\u0101jiet sk\u0101bju p\u012blinga \u017eeleju uz problem\u0101tiskaj\u0101m zon\u0101m un atst\u0101jiet uz 10\u201315 min\u016bt\u0113m. Noskalojiet atlikumus un no\u0146emiet sabiez\u0113ju\u0161o \u0101du ar apar\u0101tu vai p\u0113du v\u012bl\u012bti.<\/p>\n<p>Piesardz\u012bbas pas\u0101kumi: Pirms lieto\u0161anas l\u012bdzeklis ir j\u0101p\u0101rbauda uz neliela \u0101das laukuma. Ja rodas aler\u0123iska reakcija, p\u0101rtrauciet lieto\u0161anu. Tikai \u0101r\u012bgai lieto\u0161anai. Ja iek\u013c\u016bst ac\u012bs, r\u016bp\u012bgi izskalojiet t\u0101s ar lielu daudzumu teko\u0161a \u016bdens. Uzglab\u0101t b\u0113rniem nepieejam\u0101 viet\u0101.<\/p>\n<p>Kontrindik\u0101cijas: Individu\u0101la nepanes\u012bba pret l\u012bdzek\u013ca sast\u0101vda\u013c\u0101m.<br \/>\nUzglab\u0101t temperat\u016br\u0101 no +5\u00b0C l\u012bdz +25\u00b0C un relat\u012bvaj\u0101 gaisa mitrum\u0101 55-70%, sarg\u0101jot no tie\u0161iem saules stariem, ne tuv\u0101k par vienu metru no siltuma avotiem. <\/p>\n<p>Der\u012bguma termi\u0146\u0161: 36 m\u0113ne\u0161i no izgatavo\u0161anas datuma.<\/p>\n","protected":false},"excerpt":{"rendered":"<p>Pateicoties \u012bpa\u0161ajai formulai, p\u012blings m\u012bkstina un efekt\u012bvi no\u0146em sabiez\u0113ju\u0161o \u0101du. Lieto\u0161ana: Lietojot l\u012bdzekli, ieteicams lietot gumijas cimdus. M\u0113rc\u0113jiet p\u0113das silt\u0101 \u016bden\u012b, p\u0113c tam r\u016bp\u012bgi nosusiniet t\u0101s ar dvieli. Uzkl\u0101jiet sk\u0101bju p\u012blinga \u017eeleju uz problem\u0101tiskaj\u0101m zon\u0101m un atst\u0101jiet uz 10\u201315 min\u016bt\u0113m. Noskalojiet atlikumus un no\u0146emiet sabiez\u0113ju\u0161o \u0101du ar apar\u0101tu vai p\u0113du v\u012bl\u012bti. Piesardz\u012bbas pas\u0101kumi: Pirms lieto\u0161anas [&#8230;]\n","protected":false},"featured_media":97046,"template":"","meta":[],"product_cat":[1999],"product_tag":[],"class_list":{"0":"post-71054","1":"product","2":"type-product","3":"status-publish","4":"has-post-thumbnail","6":"product_brand-naturpro_ua","7":"product_cat-bez-kategorijas","9":"first","10":"instock","11":"taxable","12":"shipping-taxable","13":"product-type-simple"},"_links":{"self":[{"href":"https:\/\/e.kosmolat.eu\/lv\/wp-json\/wp\/v2\/product\/71054","targetHints":{"allow":["GET"]}}],"collection":[{"href":"https:\/\/e.kosmolat.eu\/lv\/wp-json\/wp\/v2\/product"}],"about":[{"href":"https:\/\/e.kosmolat.eu\/lv\/wp-json\/wp\/v2\/types\/product"}],"wp:featuredmedia":[{"embeddable":true,"href":"https:\/\/e.kosmolat.eu\/lv\/wp-json\/wp\/v2\/media\/97046"}],"wp:attachment":[{"href":"https:\/\/e.kosmolat.eu\/lv\/wp-json\/wp\/v2\/media?parent=71054"}],"wp:term":[{"taxonomy":"product_cat","embeddable":true,"href":"https:\/\/e.kosmolat.eu\/lv\/wp-json\/wp\/v2\/product_cat?post=71054"},{"taxonomy":"product_tag","embeddable":true,"href":"https:\/\/e.kosmolat.eu\/lv\/wp-json\/wp\/v2\/product_tag?post=71054"}],"curies":[{"name":"wp","href":"https:\/\/api.w.org\/{rel}","templated":true}]}}