{"id":71038,"date":"2025-06-05T04:00:38","date_gmt":"2025-06-05T04:00:38","guid":{"rendered":"https:\/\/e.kosmolat.eu\/product\/bioton-vecmamin-rec-bernu-krems-ar-kazas-pienu-75-ml\/"},"modified":"2025-09-20T06:53:25","modified_gmt":"2025-09-20T06:53:25","slug":"bioton-vecmamin-rec-bernu-krems-ar-kazas-pienu-75-ml","status":"publish","type":"product","link":"https:\/\/e.kosmolat.eu\/lv\/product\/bioton-vecmamin-rec-bernu-krems-ar-kazas-pienu-75-ml\/","title":{"rendered":"Bioton Vecm\u0101mi\u0146. rec. B\u0113rnu kr\u0113ms ar kazas pienu, 75 ml"},"content":{"rendered":"<p>Kazas piens mitrina \u0101du un mazina t\u0101s lob\u012b\u0161anos. Alanto\u012bns un vitam\u012bni A, E, B nomierina jut\u012bgu \u0101du. V\u012bnogu kauli\u0146u e\u013c\u013ca dzi\u013ci ies\u016bcas mazu\u013ca \u0101d\u0101, pasarg\u0101 to no apk\u0101rt\u0113j\u0101s vides kait\u012bg\u0101s ietekmes un pal\u012bdz saglab\u0101t dabisko mitruma l\u012bmeni. Kr\u0113ms ide\u0101li piem\u0113rots \u0101das kop\u0161anai p\u0113c vannas vai du\u0161as.<\/p>\n<p>Lieto\u0161ana: uzkl\u0101t pl\u0101n\u0101 k\u0101rt\u0101 uz t\u012bras \u0101das un viegli ier\u012bv\u0113t ar mas\u0113jo\u0161\u0101m kust\u012bb\u0101m. <\/p>\n<p>Uzglab\u0101\u0161anas noteikumi: uzglab\u0101t temperat\u016br\u0101 no +5 \u00b0C l\u012bdz +25 \u00b0C.<\/p>\n<p>Piesardz\u012bbas pas\u0101kumi: tikai \u0101r\u012bgai lieto\u0161anai. Satur A vitam\u012bnu. L\u016bgums pirms lieto\u0161anas p\u0101rdom\u0101t savu dienas devu.<\/p>\n<p>Der\u012bguma termi\u0146\u0161: 24 m\u0113ne\u0161i.<\/p>\n","protected":false},"excerpt":{"rendered":"<p>Kazas piens mitrina \u0101du un mazina t\u0101s lob\u012b\u0161anos. Alanto\u012bns un vitam\u012bni A, E, B nomierina jut\u012bgu \u0101du. V\u012bnogu kauli\u0146u e\u013c\u013ca dzi\u013ci ies\u016bcas mazu\u013ca \u0101d\u0101, pasarg\u0101 to no apk\u0101rt\u0113j\u0101s vides kait\u012bg\u0101s ietekmes un pal\u012bdz saglab\u0101t dabisko mitruma l\u012bmeni. Kr\u0113ms ide\u0101li piem\u0113rots \u0101das kop\u0161anai p\u0113c vannas vai du\u0161as. Lieto\u0161ana: uzkl\u0101t pl\u0101n\u0101 k\u0101rt\u0101 uz t\u012bras \u0101das un viegli [&#8230;]\n","protected":false},"featured_media":94230,"template":"","meta":[],"product_cat":[1361],"product_tag":[],"class_list":{"0":"post-71038","1":"product","2":"type-product","3":"status-publish","4":"has-post-thumbnail","6":"product_brand-bioton_ua","7":"product_cat-adas-kopsanas-kosmetika","9":"first","10":"outofstock","11":"taxable","12":"shipping-taxable","13":"product-type-simple"},"_links":{"self":[{"href":"https:\/\/e.kosmolat.eu\/lv\/wp-json\/wp\/v2\/product\/71038","targetHints":{"allow":["GET"]}}],"collection":[{"href":"https:\/\/e.kosmolat.eu\/lv\/wp-json\/wp\/v2\/product"}],"about":[{"href":"https:\/\/e.kosmolat.eu\/lv\/wp-json\/wp\/v2\/types\/product"}],"wp:featuredmedia":[{"embeddable":true,"href":"https:\/\/e.kosmolat.eu\/lv\/wp-json\/wp\/v2\/media\/94230"}],"wp:attachment":[{"href":"https:\/\/e.kosmolat.eu\/lv\/wp-json\/wp\/v2\/media?parent=71038"}],"wp:term":[{"taxonomy":"product_cat","embeddable":true,"href":"https:\/\/e.kosmolat.eu\/lv\/wp-json\/wp\/v2\/product_cat?post=71038"},{"taxonomy":"product_tag","embeddable":true,"href":"https:\/\/e.kosmolat.eu\/lv\/wp-json\/wp\/v2\/product_tag?post=71038"}],"curies":[{"name":"wp","href":"https:\/\/api.w.org\/{rel}","templated":true}]}}