{"id":71030,"date":"2025-06-04T13:36:36","date_gmt":"2025-06-04T13:36:36","guid":{"rendered":"https:\/\/e.kosmolat.eu\/product\/ht-barber-vir-dusas-zeleja-sejai-kerm-un-mat-3-in-1-500-ml\/"},"modified":"2026-04-10T07:32:26","modified_gmt":"2026-04-10T07:32:26","slug":"i_ht-barber-vir-dusas-zeleja-sejai-kerm-un-mat-3-in-1-500-ml","status":"publish","type":"product","link":"https:\/\/e.kosmolat.eu\/lv\/product\/i_ht-barber-vir-dusas-zeleja-sejai-kerm-un-mat-3-in-1-500-ml\/","title":{"rendered":"I_HT Barber V\u012br. du\u0161as \u017eeleja sejai, \u0137erm. un mat. 3 in 1, 500 ml"},"content":{"rendered":"<p>Izsmalcin\u0101t\u0101 formula sejai matiem un \u0137ermenim sniedz ne vien t\u012br\u012bbu, bet ar\u012b harmoniju, komforta un grezn\u012bbas saj\u016btu. Barojo\u0161s e\u013c\u013cu komplekss un gar\u0161vielu un tabakas arom\u0101ts atsvaidzina \u0101du, padara to maigu un atst\u0101j v\u012bri\u0161\u0137\u012bgu arom\u0101tu, kas pavada visas dienas garum\u0101.<\/p>\n<p>Lieto\u0161ana: Uzkl\u0101t nelielu l\u012bdzek\u013ca daudzumu uz mitriem matiem un mitras \u0101das, iemas\u0113t un r\u016bp\u012bgi noskalot ar \u016bdeni.<\/p>\n<p>Piesardz\u012bbas pas\u0101kumi: Pirms lieto\u0161anas l\u012bdzeklis ir j\u0101p\u0101rbauda uz neliela \u0101das laukuma. Ja rodas aler\u0123iska reakcija, p\u0101rtrauciet lieto\u0161anu. Tikai \u0101r\u012bgai lieto\u0161anai. Ja iek\u013c\u016bst ac\u012bs, r\u016bp\u012bgi izskalojiet t\u0101s ar lielu daudzumu teko\u0161a \u016bdens. <\/p>\n<p>Kontrindik\u0101cijas: Individu\u0101la nepanes\u012bba pret l\u012bdzek\u013ca sast\u0101vda\u013c\u0101m. <\/p>\n<p>Uzglab\u0101t temperat\u016br\u0101 no +5\u00b0C l\u012bdz +25\u00b0C un relat\u012bvaj\u0101 gaisa mitrum\u0101 55-70%, sarg\u0101jot no tie\u0161iem saules stariem, ne tuv\u0101k par vienu metru no siltuma avotiem. <\/p>\n<p>Der\u012bguma termi\u0146\u0161: 36 m\u0113ne\u0161i no izgatavo\u0161anas datuma.<\/p>\n","protected":false},"excerpt":{"rendered":"<p>Izsmalcin\u0101t\u0101 formula sejai matiem un \u0137ermenim sniedz ne vien t\u012br\u012bbu, bet ar\u012b harmoniju, komforta un grezn\u012bbas saj\u016btu. Barojo\u0161s e\u013c\u013cu komplekss un gar\u0161vielu un tabakas arom\u0101ts atsvaidzina \u0101du, padara to maigu un atst\u0101j v\u012bri\u0161\u0137\u012bgu arom\u0101tu, kas pavada visas dienas garum\u0101. Lieto\u0161ana: Uzkl\u0101t nelielu l\u012bdzek\u013ca daudzumu uz mitriem matiem un mitras \u0101das, iemas\u0113t un r\u016bp\u012bgi noskalot ar [&#8230;]\n","protected":false},"featured_media":97078,"template":"","meta":[],"product_cat":[1676],"product_tag":[],"class_list":{"0":"post-71030","1":"product","2":"type-product","3":"status-publish","4":"has-post-thumbnail","6":"product_brand-naturpro_ua","7":"product_cat-sejas-kopsanai-viriesiem","9":"first","10":"instock","11":"taxable","12":"shipping-taxable","13":"product-type-simple"},"_links":{"self":[{"href":"https:\/\/e.kosmolat.eu\/lv\/wp-json\/wp\/v2\/product\/71030","targetHints":{"allow":["GET"]}}],"collection":[{"href":"https:\/\/e.kosmolat.eu\/lv\/wp-json\/wp\/v2\/product"}],"about":[{"href":"https:\/\/e.kosmolat.eu\/lv\/wp-json\/wp\/v2\/types\/product"}],"wp:featuredmedia":[{"embeddable":true,"href":"https:\/\/e.kosmolat.eu\/lv\/wp-json\/wp\/v2\/media\/97078"}],"wp:attachment":[{"href":"https:\/\/e.kosmolat.eu\/lv\/wp-json\/wp\/v2\/media?parent=71030"}],"wp:term":[{"taxonomy":"product_cat","embeddable":true,"href":"https:\/\/e.kosmolat.eu\/lv\/wp-json\/wp\/v2\/product_cat?post=71030"},{"taxonomy":"product_tag","embeddable":true,"href":"https:\/\/e.kosmolat.eu\/lv\/wp-json\/wp\/v2\/product_tag?post=71030"}],"curies":[{"name":"wp","href":"https:\/\/api.w.org\/{rel}","templated":true}]}}