{"id":71026,"date":"2025-06-04T13:06:36","date_gmt":"2025-06-04T13:06:36","guid":{"rendered":"https:\/\/e.kosmolat.eu\/product\/ht-sampuns-skrubis-visiem-matu-tip-250-ml\/"},"modified":"2026-04-10T07:31:27","modified_gmt":"2026-04-10T07:31:27","slug":"i_ht-sampuns-skrubis-visiem-matu-tip-250-ml","status":"publish","type":"product","link":"https:\/\/e.kosmolat.eu\/lv\/product\/i_ht-sampuns-skrubis-visiem-matu-tip-250-ml\/","title":{"rendered":"I_HT \u0160amp\u016bns-skrubis visiem matu tip., 250 ml"},"content":{"rendered":"<p>\u0160amp\u016bns-skrubis nodro\u0161ina dzi\u013cu att\u012br\u012b\u0161anu, m\u012bkstina matus un veicina galvas \u0101das optim\u0101lu darb\u012bbu, kas ir b\u016btiski stipriem un vesel\u012bgiem matiem.<\/p>\n<p>Lieto\u0161ana: Uzkl\u0101jiet ar maig\u0101m mas\u0101\u017eas kust\u012bb\u0101m uz mitriem matiem, saputojiet un r\u016bp\u012bgi izskalojiet ar \u016bdeni. Ja nepiecie\u0161ams, atk\u0101rtojiet. Lietojiet 1 reizi ned\u0113\u013c\u0101.<\/p>\n<p>Piesardz\u012bbas pas\u0101kumi:  Pirms lieto\u0161anas l\u012bdzeklis ir j\u0101p\u0101rbauda uz neliela \u0101das laukuma. Ja rodas aler\u0123iska reakcija, p\u0101rtrauciet lieto\u0161anu. Tikai \u0101r\u012bgai lieto\u0161anai. Ja iek\u013c\u016bst ac\u012bs, r\u016bp\u012bgi izskalojiet t\u0101s ar lielu daudzumu teko\u0161a \u016bdens. <\/p>\n<p>Br\u012bdin\u0101jums: Satur A vitam\u012bnu. L\u016bgums pirms lieto\u0161anas p\u0101rdom\u0101t savu dienas devu.<\/p>\n<p>Kontrindik\u0101cijas: Individu\u0101la nepanes\u012bba pret l\u012bdzek\u013ca sast\u0101vda\u013c\u0101m. <\/p>\n<p>Uzglab\u0101t temperat\u016br\u0101 no +5\u00b0C l\u012bdz +25\u00b0C un relat\u012bvaj\u0101 gaisa mitrum\u0101 55-70%, sarg\u0101jot no tie\u0161iem saules stariem, ne tuv\u0101k par vienu metru no siltuma avotiem. <\/p>\n<p>Der\u012bguma termi\u0146\u0161: 36 m\u0113ne\u0161i no izgatavo\u0161anas datuma.<\/p>\n","protected":false},"excerpt":{"rendered":"<p>\u0160amp\u016bns-skrubis nodro\u0161ina dzi\u013cu att\u012br\u012b\u0161anu, m\u012bkstina matus un veicina galvas \u0101das optim\u0101lu darb\u012bbu, kas ir b\u016btiski stipriem un vesel\u012bgiem matiem. Lieto\u0161ana: Uzkl\u0101jiet ar maig\u0101m mas\u0101\u017eas kust\u012bb\u0101m uz mitriem matiem, saputojiet un r\u016bp\u012bgi izskalojiet ar \u016bdeni. Ja nepiecie\u0161ams, atk\u0101rtojiet. Lietojiet 1 reizi ned\u0113\u013c\u0101. Piesardz\u012bbas pas\u0101kumi: Pirms lieto\u0161anas l\u012bdzeklis ir j\u0101p\u0101rbauda uz neliela \u0101das laukuma. Ja rodas aler\u0123iska [&#8230;]\n","protected":false},"featured_media":97066,"template":"","meta":[],"product_cat":[1248],"product_tag":[],"class_list":{"0":"post-71026","1":"product","2":"type-product","3":"status-publish","4":"has-post-thumbnail","6":"product_brand-naturpro_ua","7":"product_cat-sampuni","9":"first","10":"outofstock","11":"taxable","12":"shipping-taxable","13":"product-type-simple"},"_links":{"self":[{"href":"https:\/\/e.kosmolat.eu\/lv\/wp-json\/wp\/v2\/product\/71026","targetHints":{"allow":["GET"]}}],"collection":[{"href":"https:\/\/e.kosmolat.eu\/lv\/wp-json\/wp\/v2\/product"}],"about":[{"href":"https:\/\/e.kosmolat.eu\/lv\/wp-json\/wp\/v2\/types\/product"}],"wp:featuredmedia":[{"embeddable":true,"href":"https:\/\/e.kosmolat.eu\/lv\/wp-json\/wp\/v2\/media\/97066"}],"wp:attachment":[{"href":"https:\/\/e.kosmolat.eu\/lv\/wp-json\/wp\/v2\/media?parent=71026"}],"wp:term":[{"taxonomy":"product_cat","embeddable":true,"href":"https:\/\/e.kosmolat.eu\/lv\/wp-json\/wp\/v2\/product_cat?post=71026"},{"taxonomy":"product_tag","embeddable":true,"href":"https:\/\/e.kosmolat.eu\/lv\/wp-json\/wp\/v2\/product_tag?post=71026"}],"curies":[{"name":"wp","href":"https:\/\/api.w.org\/{rel}","templated":true}]}}