{"id":71022,"date":"2025-06-04T12:51:12","date_gmt":"2025-06-04T12:51:12","guid":{"rendered":"https:\/\/e.kosmolat.eu\/product\/hair-trend-sulfate-free-shampoo-for-all-hair-types-250-%d0%bcl-hair-trend-i%d0%b5%d0%b7%d1%81%d1%83eu%d1%84a%d1%82%d0%bdc%d0%b9-ua%d0%bc%d0%bf%d1%83%d0%bdu-ae%d1%8f-%d0%b2%d1%81no\/"},"modified":"2025-09-15T13:03:19","modified_gmt":"2025-09-15T13:03:19","slug":"ht-sampuns-bez-sulfatiem-visiem-matu-tipiem-250-ml","status":"publish","type":"product","link":"https:\/\/e.kosmolat.eu\/lv\/product\/ht-sampuns-bez-sulfatiem-visiem-matu-tipiem-250-ml\/","title":{"rendered":"HT \u0160amp\u016bns bez sulf\u0101tiem visiem matu tipiem, 250 ml"},"content":{"rendered":"<p>\u0160amp\u016bns nodro\u0161ina dzi\u013cu baro\u0161anu, m\u012bkstina matus un pie\u0161\u0137ir tiem sp\u012bdumu.<\/p>\n<p>Lieto\u0161ana: Uzkl\u0101jiet ar maig\u0101m mas\u0101\u017eas kust\u012bb\u0101m uz mitriem matiem, saputojiet un r\u016bp\u012bgi izskalojiet ar \u016bdeni. Ja nepiecie\u0161ams, atk\u0101rtojiet. <\/p>\n<p>Piesardz\u012bbas pas\u0101kumi:  Pirms lieto\u0161anas l\u012bdzeklis ir j\u0101p\u0101rbauda uz neliela \u0101das laukuma. Ja rodas aler\u0123iska reakcija, p\u0101rtrauciet lieto\u0161anu. Tikai \u0101r\u012bgai lieto\u0161anai. Ja iek\u013c\u016bst ac\u012bs, r\u016bp\u012bgi izskalojiet t\u0101s ar lielu daudzumu teko\u0161a \u016bdens. <\/p>\n<p>Br\u012bdin\u0101jums: Satur A vitam\u012bnu. L\u016bgums pirms lieto\u0161anas p\u0101rdom\u0101t savu dienas devu.<\/p>\n<p>Kontrindik\u0101cijas: Individu\u0101la nepanes\u012bba pret l\u012bdzek\u013ca sast\u0101vda\u013c\u0101m.<br \/>\nUzglab\u0101t temperat\u016br\u0101 no +5\u00b0C l\u012bdz +25\u00b0C un relat\u012bvaj\u0101 gaisa mitrum\u0101 55-70%, sarg\u0101jot no tie\u0161iem saules stariem, ne tuv\u0101k par vienu metru no siltuma avotiem. <\/p>\n<p>Der\u012bguma termi\u0146\u0161: 36 m\u0113ne\u0161i no izgatavo\u0161anas datuma.<\/p>\n","protected":false},"excerpt":{"rendered":"<p>\u0160amp\u016bns nodro\u0161ina dzi\u013cu baro\u0161anu, m\u012bkstina matus un pie\u0161\u0137ir tiem sp\u012bdumu. Lieto\u0161ana: Uzkl\u0101jiet ar maig\u0101m mas\u0101\u017eas kust\u012bb\u0101m uz mitriem matiem, saputojiet un r\u016bp\u012bgi izskalojiet ar \u016bdeni. Ja nepiecie\u0161ams, atk\u0101rtojiet. Piesardz\u012bbas pas\u0101kumi: Pirms lieto\u0161anas l\u012bdzeklis ir j\u0101p\u0101rbauda uz neliela \u0101das laukuma. Ja rodas aler\u0123iska reakcija, p\u0101rtrauciet lieto\u0161anu. Tikai \u0101r\u012bgai lieto\u0161anai. Ja iek\u013c\u016bst ac\u012bs, r\u016bp\u012bgi izskalojiet t\u0101s ar [&#8230;]\n","protected":false},"featured_media":0,"template":"","meta":[],"product_cat":[1248],"product_tag":[],"class_list":{"0":"post-71022","1":"product","2":"type-product","3":"status-publish","5":"product_brand-naturpro_ua","6":"product_cat-sampuni","8":"first","9":"outofstock","10":"taxable","11":"shipping-taxable","12":"product-type-simple"},"_links":{"self":[{"href":"https:\/\/e.kosmolat.eu\/lv\/wp-json\/wp\/v2\/product\/71022","targetHints":{"allow":["GET"]}}],"collection":[{"href":"https:\/\/e.kosmolat.eu\/lv\/wp-json\/wp\/v2\/product"}],"about":[{"href":"https:\/\/e.kosmolat.eu\/lv\/wp-json\/wp\/v2\/types\/product"}],"wp:attachment":[{"href":"https:\/\/e.kosmolat.eu\/lv\/wp-json\/wp\/v2\/media?parent=71022"}],"wp:term":[{"taxonomy":"product_cat","embeddable":true,"href":"https:\/\/e.kosmolat.eu\/lv\/wp-json\/wp\/v2\/product_cat?post=71022"},{"taxonomy":"product_tag","embeddable":true,"href":"https:\/\/e.kosmolat.eu\/lv\/wp-json\/wp\/v2\/product_tag?post=71022"}],"curies":[{"name":"wp","href":"https:\/\/api.w.org\/{rel}","templated":true}]}}