{"id":71013,"date":"2025-06-04T09:06:34","date_gmt":"2025-06-04T09:06:34","guid":{"rendered":"https:\/\/e.kosmolat.eu\/product\/ec-hyaluron-nomierin-toniks-norm-un-jutigai-adai-200-ml\/"},"modified":"2026-04-10T07:33:12","modified_gmt":"2026-04-10T07:33:12","slug":"ec-hyaluron-nomierin-toniks-norm-un-jutigai-adai-200-ml","status":"publish","type":"product","link":"https:\/\/e.kosmolat.eu\/lv\/product\/ec-hyaluron-nomierin-toniks-norm-un-jutigai-adai-200-ml\/","title":{"rendered":"EC Hyaluron Nomierin. toniks norm. un jut\u012bgai \u0101dai, 200 ml"},"content":{"rendered":"<p>Toniks mitrina un toniz\u0113 \u0101du, normaliz\u0113 t\u0101s pH l\u012bdzsvaru, k\u0101 ar\u012b veicina efekt\u012bv\u0101ku kr\u0113mu un citu kop\u0161anas l\u012bdzek\u013cu uzs\u016bk\u0161anos.<\/p>\n<p>Lieto\u0161ana: Samitriniet vates disku ar toniku un not\u012briet sejas, acu un l\u016bpu \u0101du. Nav j\u0101noskalo.<\/p>\n<p>Piesardz\u012bbas pas\u0101kumi:  Pirms lieto\u0161anas l\u012bdzeklis ir j\u0101p\u0101rbauda uz neliela \u0101das laukuma. Ja rodas aler\u0123iska reakcija, p\u0101rtrauciet lieto\u0161anu. Tikai \u0101r\u012bgai lieto\u0161anai. Ja iek\u013c\u016bst ac\u012bs, r\u016bp\u012bgi izskalojiet t\u0101s ar lielu daudzumu teko\u0161a \u016bdens. <\/p>\n<p>Kontrindik\u0101cijas: Individu\u0101la nepanes\u012bba pret l\u012bdzek\u013ca sast\u0101vda\u013c\u0101m. <\/p>\n<p>Uzglab\u0101t temperat\u016br\u0101 no +5\u00b0C l\u012bdz +25\u00b0C un relat\u012bvaj\u0101 gaisa mitrum\u0101 55-70%, sarg\u0101jot no tie\u0161iem saules stariem, ne tuv\u0101k par vienu metru no siltuma avotiem. <\/p>\n<p>Der\u012bguma termi\u0146\u0161: 36 m\u0113ne\u0161i no izgatavo\u0161anas datuma.<\/p>\n","protected":false},"excerpt":{"rendered":"<p>Toniks mitrina un toniz\u0113 \u0101du, normaliz\u0113 t\u0101s pH l\u012bdzsvaru, k\u0101 ar\u012b veicina efekt\u012bv\u0101ku kr\u0113mu un citu kop\u0161anas l\u012bdzek\u013cu uzs\u016bk\u0161anos. Lieto\u0161ana: Samitriniet vates disku ar toniku un not\u012briet sejas, acu un l\u016bpu \u0101du. Nav j\u0101noskalo. Piesardz\u012bbas pas\u0101kumi: Pirms lieto\u0161anas l\u012bdzeklis ir j\u0101p\u0101rbauda uz neliela \u0101das laukuma. Ja rodas aler\u0123iska reakcija, p\u0101rtrauciet lieto\u0161anu. Tikai \u0101r\u012bgai lieto\u0161anai. Ja [&#8230;]\n","protected":false},"featured_media":97090,"template":"","meta":[],"product_cat":[1578],"product_tag":[],"class_list":{"0":"post-71013","1":"product","2":"type-product","3":"status-publish","4":"has-post-thumbnail","6":"product_brand-naturpro_ua","7":"product_cat-losjoni-un-toniki","9":"first","10":"outofstock","11":"taxable","12":"shipping-taxable","13":"product-type-simple"},"_links":{"self":[{"href":"https:\/\/e.kosmolat.eu\/lv\/wp-json\/wp\/v2\/product\/71013","targetHints":{"allow":["GET"]}}],"collection":[{"href":"https:\/\/e.kosmolat.eu\/lv\/wp-json\/wp\/v2\/product"}],"about":[{"href":"https:\/\/e.kosmolat.eu\/lv\/wp-json\/wp\/v2\/types\/product"}],"wp:featuredmedia":[{"embeddable":true,"href":"https:\/\/e.kosmolat.eu\/lv\/wp-json\/wp\/v2\/media\/97090"}],"wp:attachment":[{"href":"https:\/\/e.kosmolat.eu\/lv\/wp-json\/wp\/v2\/media?parent=71013"}],"wp:term":[{"taxonomy":"product_cat","embeddable":true,"href":"https:\/\/e.kosmolat.eu\/lv\/wp-json\/wp\/v2\/product_cat?post=71013"},{"taxonomy":"product_tag","embeddable":true,"href":"https:\/\/e.kosmolat.eu\/lv\/wp-json\/wp\/v2\/product_tag?post=71013"}],"curies":[{"name":"wp","href":"https:\/\/api.w.org\/{rel}","templated":true}]}}