{"id":71005,"date":"2025-06-04T07:52:32","date_gmt":"2025-06-04T07:52:32","guid":{"rendered":"https:\/\/e.kosmolat.eu\/?post_type=product&#038;p=71005"},"modified":"2026-03-30T17:27:44","modified_gmt":"2026-03-30T17:27:44","slug":"bioton-vecmamin-rec-bernu-kr-autinbiks-zonai-ar-kumel-un-provit-b5-75-ml","status":"publish","type":"product","link":"https:\/\/e.kosmolat.eu\/lv\/product\/bioton-vecmamin-rec-bernu-kr-autinbiks-zonai-ar-kumel-un-provit-b5-75-ml\/","title":{"rendered":"Bioton Vecm\u0101mi\u0146. rec. B\u0113rnu kr. auti\u0146biks. zonai ar kumel. un provit. B5, 75 ml"},"content":{"rendered":"<p>B\u0113rnu kr\u0113ms \u012bpa\u0161i izstr\u0101d\u0101ts ikdienas b\u0113rna \u0101das kop\u0161anai, lietojot auti\u0146biks\u012btes. Kumel\u012btes ekstrakts un lavandas e\u013c\u013ca kombin\u0101cij\u0101 ar provitam\u012bnu B5 nomierina \u0101du. Kr\u0113ms pal\u012bdz nov\u0113rst sausumu un lob\u012b\u0161anos, nodro\u0161inot uzticamu aizsardz\u012bbu pat regul\u0101ri lietojot auti\u0146biks\u012btes.<\/p>\n<p>Lieto\u0161ana: uzkl\u0101t pl\u0101n\u0101 k\u0101rt\u0101 uz t\u012bras \u0101das un viegli ier\u012bv\u0113t ar mas\u0113jo\u0161\u0101m kust\u012bb\u0101m.<\/p>\n<p>Uzglab\u0101\u0161anas noteikumi: uzglab\u0101t temperat\u016br\u0101 no +5 \u00b0C l\u012bdz +25 \u00b0C.<\/p>\n<p>Piesardz\u012bbas pas\u0101kumi: tikai \u0101r\u012bgai lieto\u0161anai.<\/p>\n<p>Der\u012bguma termi\u0146\u0161: 24 m\u0113ne\u0161i.<\/p>\n","protected":false},"excerpt":{"rendered":"<p>B\u0113rnu kr\u0113ms \u012bpa\u0161i izstr\u0101d\u0101ts ikdienas b\u0113rna \u0101das kop\u0161anai, lietojot auti\u0146biks\u012btes. Kumel\u012btes ekstrakts un lavandas e\u013c\u013ca kombin\u0101cij\u0101 ar provitam\u012bnu B5 nomierina \u0101du. Kr\u0113ms pal\u012bdz nov\u0113rst sausumu un lob\u012b\u0161anos, nodro\u0161inot uzticamu aizsardz\u012bbu pat regul\u0101ri lietojot auti\u0146biks\u012btes. Lieto\u0161ana: uzkl\u0101t pl\u0101n\u0101 k\u0101rt\u0101 uz t\u012bras \u0101das un viegli ier\u012bv\u0113t ar mas\u0113jo\u0161\u0101m kust\u012bb\u0101m. Uzglab\u0101\u0161anas noteikumi: uzglab\u0101t temperat\u016br\u0101 no +5 \u00b0C l\u012bdz [&#8230;]\n","protected":false},"featured_media":94234,"template":"","meta":[],"product_cat":[1361],"product_tag":[],"class_list":{"0":"post-71005","1":"product","2":"type-product","3":"status-publish","4":"has-post-thumbnail","6":"product_brand-bioton_ua","7":"product_cat-adas-kopsanas-kosmetika","9":"first","10":"outofstock","11":"taxable","12":"shipping-taxable","13":"product-type-simple"},"_links":{"self":[{"href":"https:\/\/e.kosmolat.eu\/lv\/wp-json\/wp\/v2\/product\/71005","targetHints":{"allow":["GET"]}}],"collection":[{"href":"https:\/\/e.kosmolat.eu\/lv\/wp-json\/wp\/v2\/product"}],"about":[{"href":"https:\/\/e.kosmolat.eu\/lv\/wp-json\/wp\/v2\/types\/product"}],"wp:featuredmedia":[{"embeddable":true,"href":"https:\/\/e.kosmolat.eu\/lv\/wp-json\/wp\/v2\/media\/94234"}],"wp:attachment":[{"href":"https:\/\/e.kosmolat.eu\/lv\/wp-json\/wp\/v2\/media?parent=71005"}],"wp:term":[{"taxonomy":"product_cat","embeddable":true,"href":"https:\/\/e.kosmolat.eu\/lv\/wp-json\/wp\/v2\/product_cat?post=71005"},{"taxonomy":"product_tag","embeddable":true,"href":"https:\/\/e.kosmolat.eu\/lv\/wp-json\/wp\/v2\/product_tag?post=71005"}],"curies":[{"name":"wp","href":"https:\/\/api.w.org\/{rel}","templated":true}]}}