{"id":71001,"date":"2025-06-04T07:50:32","date_gmt":"2025-06-04T07:50:32","guid":{"rendered":"https:\/\/e.kosmolat.eu\/product\/bd-izgaism-sejas-pilinga-zeleja-visiem-adas-tip-75-ml\/"},"modified":"2026-04-10T07:29:13","modified_gmt":"2026-04-10T07:29:13","slug":"i_bd-izgaism-sejas-pilinga-zeleja-visiem-adas-tip-75-ml","status":"publish","type":"product","link":"https:\/\/e.kosmolat.eu\/lv\/product\/i_bd-izgaism-sejas-pilinga-zeleja-visiem-adas-tip-75-ml\/","title":{"rendered":"I_BD Izgaism. sejas p\u012blinga \u017eeleja visiem \u0101das tip., 75 ml"},"content":{"rendered":"<p>Sejas p\u012blinga \u017eeleja, pateicoties mikrokrist\u0101liskajai celulozei, maigi un efekt\u012bvi no\u0146em atmiru\u0161\u0101s \u0101das \u0161\u016bnas un net\u012brumus. Saskaroties ar \u0101du, veidojas eksfoli\u0113jo\u0161as da\u013ci\u0146as, kas maigi att\u012bra \u0101das virsmu. \u0100das tonis k\u013c\u016bst vienm\u0113r\u012bg\u0101ks un mirdzo\u0161\u0101ks.<\/p>\n<p>Lieto\u0161ana: Uzkl\u0101jiet l\u012bdzekli uz t\u012bras, sausas sejas \u0101das, atst\u0101jiet 0,5\u20132 min\u016btes, p\u0113c tam maigi iemas\u0113jiet un noskalojiet ar siltu \u016bdeni.<\/p>\n<p>Piesardz\u012bbas pas\u0101kumi: Pirms lieto\u0161anas l\u012bdzeklis ir j\u0101p\u0101rbauda uz neliela \u0101das laukuma. Ja rodas aler\u0123iska reakcija, p\u0101rtrauciet lieto\u0161anu. Tikai \u0101r\u012bgai lieto\u0161anai. Ja iek\u013c\u016bst ac\u012bs, r\u016bp\u012bgi izskalojiet t\u0101s ar lielu daudzumu teko\u0161a \u016bdens. <\/p>\n<p>Kontrindik\u0101cijas: Individu\u0101la nepanes\u012bba pret l\u012bdzek\u013ca sast\u0101vda\u013c\u0101m. <\/p>\n<p>Uzglab\u0101t temperat\u016br\u0101 no +5\u00b0C l\u012bdz +25\u00b0C un relat\u012bvaj\u0101 mitrum\u0101 55-70%, sarg\u0101jot no tie\u0161iem saules stariem, ne tuv\u0101k par vienu metru no siltuma avotiem. <\/p>\n<p>Der\u012bguma termi\u0146\u0161: 36 m\u0113ne\u0161i no izgatavo\u0161anas datuma.<\/p>\n","protected":false},"excerpt":{"rendered":"<p>Sejas p\u012blinga \u017eeleja, pateicoties mikrokrist\u0101liskajai celulozei, maigi un efekt\u012bvi no\u0146em atmiru\u0161\u0101s \u0101das \u0161\u016bnas un net\u012brumus. Saskaroties ar \u0101du, veidojas eksfoli\u0113jo\u0161as da\u013ci\u0146as, kas maigi att\u012bra \u0101das virsmu. \u0100das tonis k\u013c\u016bst vienm\u0113r\u012bg\u0101ks un mirdzo\u0161\u0101ks. Lieto\u0161ana: Uzkl\u0101jiet l\u012bdzekli uz t\u012bras, sausas sejas \u0101das, atst\u0101jiet 0,5\u20132 min\u016btes, p\u0113c tam maigi iemas\u0113jiet un noskalojiet ar siltu \u016bdeni. Piesardz\u012bbas pas\u0101kumi: Pirms [&#8230;]\n","protected":false},"featured_media":106920,"template":"","meta":[],"product_cat":[1394],"product_tag":[],"class_list":{"0":"post-71001","1":"product","2":"type-product","3":"status-publish","4":"has-post-thumbnail","6":"product_brand-naturpro_ua","7":"product_cat-skrubji-un-pilingi-sejai","9":"first","10":"instock","11":"taxable","12":"shipping-taxable","13":"product-type-simple"},"_links":{"self":[{"href":"https:\/\/e.kosmolat.eu\/lv\/wp-json\/wp\/v2\/product\/71001","targetHints":{"allow":["GET"]}}],"collection":[{"href":"https:\/\/e.kosmolat.eu\/lv\/wp-json\/wp\/v2\/product"}],"about":[{"href":"https:\/\/e.kosmolat.eu\/lv\/wp-json\/wp\/v2\/types\/product"}],"wp:featuredmedia":[{"embeddable":true,"href":"https:\/\/e.kosmolat.eu\/lv\/wp-json\/wp\/v2\/media\/106920"}],"wp:attachment":[{"href":"https:\/\/e.kosmolat.eu\/lv\/wp-json\/wp\/v2\/media?parent=71001"}],"wp:term":[{"taxonomy":"product_cat","embeddable":true,"href":"https:\/\/e.kosmolat.eu\/lv\/wp-json\/wp\/v2\/product_cat?post=71001"},{"taxonomy":"product_tag","embeddable":true,"href":"https:\/\/e.kosmolat.eu\/lv\/wp-json\/wp\/v2\/product_tag?post=71001"}],"curies":[{"name":"wp","href":"https:\/\/api.w.org\/{rel}","templated":true}]}}