{"id":70992,"date":"2025-06-04T04:03:53","date_gmt":"2025-06-04T04:03:53","guid":{"rendered":"https:\/\/e.kosmolat.eu\/product\/bd-atjaunin-auduma-sejas-maska-ar-koloidalo-zeltu-un-hialronsk-25-ml\/"},"modified":"2026-04-10T06:02:48","modified_gmt":"2026-04-10T06:02:48","slug":"bd-atjaunin-auduma-sejas-maska-ar-koloidalo-zeltu-un-hialronsk-25-ml","status":"publish","type":"product","link":"https:\/\/e.kosmolat.eu\/lv\/product\/bd-atjaunin-auduma-sejas-maska-ar-koloidalo-zeltu-un-hialronsk-25-ml\/","title":{"rendered":"BD Atjaunin. auduma sejas maska ar koloid\u0101lo zeltu un hialronsk., 25 ml"},"content":{"rendered":"<p>Pal\u012bdz uztur\u0113t \u0101das dabiskos atjauno&scaron;an\u0101s procesus un optim\u0101lu mitruma l\u012bmeni, t\u0101d\u0113j\u0101di saglab\u0101jot t\u0101s elast\u012bbu un tvirtumu. Vizu\u0101li samazina grumbu redzam\u012bbu. Auduma maska ar zelta foliju rada vieglu term\u0101lo efektu un uzlabo akt\u012bvo sast\u0101vda\u013cu iek\u013c\u016b&scaron;anu \u0101d\u0101.<\/p>\n<p><strong>Lieto&scaron;ana:&nbsp;<\/strong>&nbsp;<\/p>\n<ol>\n<li>Iz\u0146emiet masku no iepakojuma un uzkl\u0101jiet to uz &nbsp;att\u012br\u012btas sejas \u0101das, uzman\u012bgi izl\u012bdzinot ar pirkstu galiem.<\/li>\n<li>Paturiet masku uz sejas 15-20 min\u016btes.<\/li>\n<li>Emulsijas paliekas viegli iemas\u0113jiet \u0101d\u0101. Nenomazg\u0101t. Ja nepiecie&scaron;ams, no\u0146emiet emulsijas paliekas ar vates disku.<\/li>\n<\/ol>\n<p>Ieteicams lietot masku 2-3 reizes ned\u0113\u013c\u0101.<\/p>\n<p><strong>Piesardz\u012bbas pas\u0101kumi:&nbsp;<\/strong>NELIETOT MASKU ATK\u0100RTOTI. Pirms lieto&scaron;anas maska ir j\u0101p\u0101rbauda uz neliela \u0101das laukuma. Ja rodas aler\u0123iska reakcija, p\u0101rtrauciet lieto&scaron;anu. Tikai \u0101r\u012bgai lieto&scaron;anai. Masku ieteicams lietot uzreiz p\u0113c iepakojuma atv\u0113r&scaron;anas. Ja iek\u013c\u016bst ac\u012bs, r\u016bp\u012bgi izskalojiet ar lielu daudzumu teko&scaron;a \u016bdens.&nbsp;<\/p>\n<p><strong>Kontrindik\u0101cijas:<\/strong>&nbsp;individu\u0101la nepanes\u012bba pret maskas sast\u0101vda\u013c\u0101m.&nbsp;<\/p>\n<p>Uzglab\u0101t temperat\u016br\u0101 no +5&deg;C l\u012bdz +25&deg;C un relat\u012bvaj\u0101 mitrum\u0101 55-70%, sarg\u0101jot no tie&scaron;iem saules stariem, ne tuv\u0101k par vienu metru no siltuma avotiem.&nbsp;<\/p>\n<p><strong>Der\u012bguma termi\u0146&scaron;:&nbsp;<\/strong>36 m\u0113ne&scaron;i no izgatavo&scaron;anas datuma, kas nor\u0101d\u012bts uz iepakojuma.<\/p>\n","protected":false},"excerpt":{"rendered":"<p>Pal\u012bdz uztur\u0113t \u0101das dabiskos atjauno&scaron;an\u0101s procesus un optim\u0101lu mitruma l\u012bmeni, t\u0101d\u0113j\u0101di saglab\u0101jot t\u0101s elast\u012bbu un tvirtumu. Vizu\u0101li samazina grumbu redzam\u012bbu. Auduma maska ar zelta foliju rada vieglu term\u0101lo efektu un uzlabo akt\u012bvo sast\u0101vda\u013cu iek\u013c\u016b&scaron;anu \u0101d\u0101. Lieto&scaron;ana:&nbsp;&nbsp; Iz\u0146emiet masku no iepakojuma un uzkl\u0101jiet to uz &nbsp;att\u012br\u012btas sejas \u0101das, uzman\u012bgi izl\u012bdzinot ar pirkstu galiem. Paturiet masku uz [&#8230;]\n","protected":false},"featured_media":86954,"template":"","meta":[],"product_cat":[1369],"product_tag":[],"class_list":{"0":"post-70992","1":"product","2":"type-product","3":"status-publish","4":"has-post-thumbnail","6":"product_brand-naturpro_ua","7":"product_cat-veido-kaukes","9":"first","10":"outofstock","11":"taxable","12":"shipping-taxable","13":"product-type-simple"},"_links":{"self":[{"href":"https:\/\/e.kosmolat.eu\/lv\/wp-json\/wp\/v2\/product\/70992","targetHints":{"allow":["GET"]}}],"collection":[{"href":"https:\/\/e.kosmolat.eu\/lv\/wp-json\/wp\/v2\/product"}],"about":[{"href":"https:\/\/e.kosmolat.eu\/lv\/wp-json\/wp\/v2\/types\/product"}],"wp:featuredmedia":[{"embeddable":true,"href":"https:\/\/e.kosmolat.eu\/lv\/wp-json\/wp\/v2\/media\/86954"}],"wp:attachment":[{"href":"https:\/\/e.kosmolat.eu\/lv\/wp-json\/wp\/v2\/media?parent=70992"}],"wp:term":[{"taxonomy":"product_cat","embeddable":true,"href":"https:\/\/e.kosmolat.eu\/lv\/wp-json\/wp\/v2\/product_cat?post=70992"},{"taxonomy":"product_tag","embeddable":true,"href":"https:\/\/e.kosmolat.eu\/lv\/wp-json\/wp\/v2\/product_tag?post=70992"}],"curies":[{"name":"wp","href":"https:\/\/api.w.org\/{rel}","templated":true}]}}