{"id":70984,"date":"2025-06-04T04:03:37","date_gmt":"2025-06-04T04:03:37","guid":{"rendered":"https:\/\/e.kosmolat.eu\/product\/bd-pink-raspberry-sejas-maska-skrubis-10-ml\/"},"modified":"2026-04-22T08:28:47","modified_gmt":"2026-04-22T08:28:47","slug":"bd-pink-raspberry-sejas-maska-skrubis-10-ml","status":"publish","type":"product","link":"https:\/\/e.kosmolat.eu\/lv\/product\/bd-pink-raspberry-sejas-maska-skrubis-10-ml\/","title":{"rendered":"BD Pink Raspberry Sejas maska-skrubis, 10 ml"},"content":{"rendered":"<p>Maska-skrubis apvieno divu \u0101das kop\u0161anas l\u012bdzek\u013cu \u012bpa\u0161\u012bbas. Satur smalkas eksfoli\u0113jo\u0161as da\u013ci\u0146as, kas saudz\u012bgi att\u012bra \u0101das virsmu no atmiru\u0161aj\u0101m \u0161\u016bn\u0101m un citiem net\u012brumiem, atbalstot dabisko \u0101das atjauno\u0161an\u0101s procesu. Maskas-skrubja akt\u012bv\u0101s sast\u0101vda\u013cas toniz\u0113 un nomierina \u0101du \u2014 vizu\u0101l\u0101s nepiln\u012bbas k\u013c\u016bst maz\u0101k paman\u0101mas, poras izskat\u0101s sa\u0161aurin\u0101tas.<\/p>\n<p>Lieto\u0161ana: Atveriet iepakojumu un uzkl\u0101jiet masku-skrubi uz att\u012br\u012btas sejas \u0101das, izvairoties no zonas ap ac\u012bm un l\u016bp\u0101m. Iemas\u0113jiet \u0101d\u0101, p\u0113c 10\u201315 min\u016bt\u0113m noskalojiet. Ieteicams lietot 1\u20132 reizes ned\u0113\u013c\u0101.<\/p>\n<p>Piesardz\u012bbas pas\u0101kumi:  Pirms lieto\u0161anas maska-skrubis ir j\u0101p\u0101rbauda uz neliela \u0101das laukuma. Ja rodas aler\u0123iska reakcija, p\u0101rtrauciet lieto\u0161anu. Tikai \u0101r\u012bgai lieto\u0161anai. Masku ieteicams lietot uzreiz p\u0113c iepakojuma atv\u0113r\u0161anas. Ja iek\u013c\u016bst ac\u012bs, r\u016bp\u012bgi izskalojiet ar lielu daudzumu teko\u0161a \u016bdens. <\/p>\n<p>Kontrindik\u0101cijas: Individu\u0101la nepanes\u012bba pret maskas-skrubja sast\u0101vda\u013c\u0101m. <\/p>\n<p>Uzglab\u0101t temperat\u016br\u0101 no +5\u00b0C l\u012bdz +25\u00b0C un relat\u012bvaj\u0101 mitrum\u0101 55-70%, sarg\u0101jot no tie\u0161iem saules stariem, ne tuv\u0101k par vienu metru no siltuma avotiem. <\/p>\n<p>Der\u012bguma termi\u0146\u0161: 36 m\u0113ne\u0161i no izgatavo\u0161anas datuma.<\/p>\n","protected":false},"excerpt":{"rendered":"<p>Maska-skrubis apvieno divu \u0101das kop\u0161anas l\u012bdzek\u013cu \u012bpa\u0161\u012bbas. Satur smalkas eksfoli\u0113jo\u0161as da\u013ci\u0146as, kas saudz\u012bgi att\u012bra \u0101das virsmu no atmiru\u0161aj\u0101m \u0161\u016bn\u0101m un citiem net\u012brumiem, atbalstot dabisko \u0101das atjauno\u0161an\u0101s procesu. Maskas-skrubja akt\u012bv\u0101s sast\u0101vda\u013cas toniz\u0113 un nomierina \u0101du \u2014 vizu\u0101l\u0101s nepiln\u012bbas k\u013c\u016bst maz\u0101k paman\u0101mas, poras izskat\u0101s sa\u0161aurin\u0101tas. Lieto\u0161ana: Atveriet iepakojumu un uzkl\u0101jiet masku-skrubi uz att\u012br\u012btas sejas \u0101das, izvairoties no [&#8230;]\n","protected":false},"featured_media":97038,"template":"","meta":[],"product_cat":[2182],"product_tag":[],"class_list":{"0":"post-70984","1":"product","2":"type-product","3":"status-publish","4":"has-post-thumbnail","6":"product_brand-naturpro_ua","7":"product_cat-bez-kategorijas-ru","9":"first","10":"instock","11":"taxable","12":"shipping-taxable","13":"product-type-simple"},"_links":{"self":[{"href":"https:\/\/e.kosmolat.eu\/lv\/wp-json\/wp\/v2\/product\/70984","targetHints":{"allow":["GET"]}}],"collection":[{"href":"https:\/\/e.kosmolat.eu\/lv\/wp-json\/wp\/v2\/product"}],"about":[{"href":"https:\/\/e.kosmolat.eu\/lv\/wp-json\/wp\/v2\/types\/product"}],"wp:featuredmedia":[{"embeddable":true,"href":"https:\/\/e.kosmolat.eu\/lv\/wp-json\/wp\/v2\/media\/97038"}],"wp:attachment":[{"href":"https:\/\/e.kosmolat.eu\/lv\/wp-json\/wp\/v2\/media?parent=70984"}],"wp:term":[{"taxonomy":"product_cat","embeddable":true,"href":"https:\/\/e.kosmolat.eu\/lv\/wp-json\/wp\/v2\/product_cat?post=70984"},{"taxonomy":"product_tag","embeddable":true,"href":"https:\/\/e.kosmolat.eu\/lv\/wp-json\/wp\/v2\/product_tag?post=70984"}],"curies":[{"name":"wp","href":"https:\/\/api.w.org\/{rel}","templated":true}]}}