{"id":70976,"date":"2025-06-04T04:02:41","date_gmt":"2025-06-04T04:02:41","guid":{"rendered":"https:\/\/e.kosmolat.eu\/product\/bd-juicy-apricot-sejas-maska-skrubis-10-ml\/"},"modified":"2026-03-31T10:46:58","modified_gmt":"2026-03-31T10:46:58","slug":"bd-juicy-apricot-sejas-maska-skrubis-10-ml","status":"publish","type":"product","link":"https:\/\/e.kosmolat.eu\/lv\/product\/bd-juicy-apricot-sejas-maska-skrubis-10-ml\/","title":{"rendered":"BD Juicy Apricot Sejas maska-skrubis, 10 ml"},"content":{"rendered":"<p>Maska-skrubis apvieno divu \u0101das kop\u0161anas l\u012bdzek\u013cu \u012bpa\u0161\u012bbas. Satur apriko\u017eu kauli\u0146u pulveri, kas efekt\u012bvi att\u012bra \u0101das virsmu no atmiru\u0161aj\u0101m \u0161\u016bn\u0101m un citiem net\u012brumiem, atbalstot dabisko \u0101das atjauno\u0161an\u0101s procesu. Maskas-skrubja akt\u012bv\u0101s sast\u0101vda\u013cas dzi\u013ci baro \u0101du un pal\u012bdz uztur\u0113t optim\u0101lu mitruma l\u012bmeni. \u0100das reljefs izskat\u0101s vienm\u0113r\u012bg\u0101ks, bet tonis \u2014 viendab\u012bgs un starojo\u0161s.<\/p>\n<p>Lieto\u0161ana: Atveriet iepakojumu un uzkl\u0101jiet masku-skrubi uz att\u012br\u012btas sejas \u0101das, izvairoties no zonas ap ac\u012bm un l\u016bp\u0101m. Iemas\u0113jiet \u0101d\u0101, p\u0113c 10\u201315 min\u016bt\u0113m noskalojiet. Ieteicams lietot 1\u20132 reizes ned\u0113\u013c\u0101.<\/p>\n<p>Piesardz\u012bbas pas\u0101kumi:  Pirms lieto\u0161anas maska-skrubis ir j\u0101p\u0101rbauda uz neliela \u0101das laukuma. Ja rodas aler\u0123iska reakcija, p\u0101rtrauciet lieto\u0161anu. Tikai \u0101r\u012bgai lieto\u0161anai. Ja iek\u013c\u016bst ac\u012bs, r\u016bp\u012bgi izskalojiet ar lielu daudzumu teko\u0161a \u016bdens. <\/p>\n<p>Br\u012bdin\u0101jums: Satur A vitam\u012bnu. L\u016bgums pirms lieto\u0161anas p\u0101rdom\u0101t savu dienas devu.<\/p>\n<p>Kontrindik\u0101cijas: Individu\u0101la nepanes\u012bba pret maskas-skrubja sast\u0101vda\u013c\u0101m. <\/p>\n<p>Uzglab\u0101t temperat\u016br\u0101 no +5\u00b0C l\u012bdz +25\u00b0C un relat\u012bvaj\u0101 mitrum\u0101 55-70%, sarg\u0101jot no tie\u0161iem saules stariem, ne tuv\u0101k par vienu metru no siltuma avotiem. <\/p>\n<p>Der\u012bguma termi\u0146\u0161: 36 m\u0113ne\u0161i no izgatavo\u0161anas datuma.<\/p>\n","protected":false},"excerpt":{"rendered":"<p>Maska-skrubis apvieno divu \u0101das kop\u0161anas l\u012bdzek\u013cu \u012bpa\u0161\u012bbas. Satur apriko\u017eu kauli\u0146u pulveri, kas efekt\u012bvi att\u012bra \u0101das virsmu no atmiru\u0161aj\u0101m \u0161\u016bn\u0101m un citiem net\u012brumiem, atbalstot dabisko \u0101das atjauno\u0161an\u0101s procesu. Maskas-skrubja akt\u012bv\u0101s sast\u0101vda\u013cas dzi\u013ci baro \u0101du un pal\u012bdz uztur\u0113t optim\u0101lu mitruma l\u012bmeni. \u0100das reljefs izskat\u0101s vienm\u0113r\u012bg\u0101ks, bet tonis \u2014 viendab\u012bgs un starojo\u0161s. Lieto\u0161ana: Atveriet iepakojumu un uzkl\u0101jiet masku-skrubi [&#8230;]\n","protected":false},"featured_media":97034,"template":"","meta":[],"product_cat":[1367],"product_tag":[],"class_list":{"0":"post-70976","1":"product","2":"type-product","3":"status-publish","4":"has-post-thumbnail","6":"product_brand-naturpro_ua","7":"product_cat-sejas-maskas","9":"first","10":"instock","11":"taxable","12":"shipping-taxable","13":"product-type-simple"},"_links":{"self":[{"href":"https:\/\/e.kosmolat.eu\/lv\/wp-json\/wp\/v2\/product\/70976","targetHints":{"allow":["GET"]}}],"collection":[{"href":"https:\/\/e.kosmolat.eu\/lv\/wp-json\/wp\/v2\/product"}],"about":[{"href":"https:\/\/e.kosmolat.eu\/lv\/wp-json\/wp\/v2\/types\/product"}],"wp:featuredmedia":[{"embeddable":true,"href":"https:\/\/e.kosmolat.eu\/lv\/wp-json\/wp\/v2\/media\/97034"}],"wp:attachment":[{"href":"https:\/\/e.kosmolat.eu\/lv\/wp-json\/wp\/v2\/media?parent=70976"}],"wp:term":[{"taxonomy":"product_cat","embeddable":true,"href":"https:\/\/e.kosmolat.eu\/lv\/wp-json\/wp\/v2\/product_cat?post=70976"},{"taxonomy":"product_tag","embeddable":true,"href":"https:\/\/e.kosmolat.eu\/lv\/wp-json\/wp\/v2\/product_tag?post=70976"}],"curies":[{"name":"wp","href":"https:\/\/api.w.org\/{rel}","templated":true}]}}