{"id":70970,"date":"2025-06-03T13:50:57","date_gmt":"2025-06-03T13:50:57","guid":{"rendered":"https:\/\/e.kosmolat.eu\/product\/bd-detox-kosm-sejas-maska-ar-ar-meln-maliem-75-g\/"},"modified":"2025-07-23T07:38:53","modified_gmt":"2025-07-23T07:38:53","slug":"bd-detox-kosm-sejas-maska-ar-ar-meln-maliem-75-g","status":"publish","type":"product","link":"https:\/\/e.kosmolat.eu\/lv\/product\/bd-detox-kosm-sejas-maska-ar-ar-meln-maliem-75-g\/","title":{"rendered":"BD Detox Kosm. sejas maska ar ar meln. m\u0101liem, 75 g"},"content":{"rendered":"<p>Kosm\u0113tisk\u0101 maska ar melnajiem m\u0101liem absorb\u0113 lieko sebumu un att\u012bra \u0101du.<\/p>\n<p>Lieto\u0161ana: Uzkl\u0101jiet masku uz att\u012br\u012btas sejas \u0101das, p\u0113c 10\u201315 min\u016bt\u0113m noskalojiet. Ieteicams lietot 1-2 reizes ned\u0113\u013c\u0101.<\/p>\n<p>Piesardz\u012bbas pas\u0101kumi: Pirms lieto\u0161anas l\u012bdzeklis ir j\u0101p\u0101rbauda uz neliela \u0101das laukuma. Ja rodas aler\u0123iska reakcija, p\u0101rtrauciet lieto\u0161anu. Tikai \u0101r\u012bgai lieto\u0161anai. Ja iek\u013c\u016bst ac\u012bs, r\u016bp\u012bgi izskalojiet t\u0101s ar lielu daudzumu teko\u0161a \u016bdens. <\/p>\n<p>Kontrindik\u0101cijas: Individu\u0101la nepanes\u012bba pret l\u012bdzek\u013ca sast\u0101vda\u013c\u0101m.<br \/>\nUzglab\u0101t temperat\u016br\u0101 no +5\u00b0C l\u012bdz +25\u00b0C un relat\u012bvaj\u0101 mitrum\u0101 55-70%, sarg\u0101jot no tie\u0161iem saules stariem, ne tuv\u0101k par vienu metru no siltuma avotiem. <\/p>\n<p>Der\u012bguma termi\u0146\u0161: 36 m\u0113ne\u0161i no izgatavo\u0161anas datuma.<\/p>\n","protected":false},"excerpt":{"rendered":"<p>Kosm\u0113tisk\u0101 maska ar melnajiem m\u0101liem absorb\u0113 lieko sebumu un att\u012bra \u0101du. Lieto\u0161ana: Uzkl\u0101jiet masku uz att\u012br\u012btas sejas \u0101das, p\u0113c 10\u201315 min\u016bt\u0113m noskalojiet. Ieteicams lietot 1-2 reizes ned\u0113\u013c\u0101. Piesardz\u012bbas pas\u0101kumi: Pirms lieto\u0161anas l\u012bdzeklis ir j\u0101p\u0101rbauda uz neliela \u0101das laukuma. Ja rodas aler\u0123iska reakcija, p\u0101rtrauciet lieto\u0161anu. Tikai \u0101r\u012bgai lieto\u0161anai. Ja iek\u013c\u016bst ac\u012bs, r\u016bp\u012bgi izskalojiet t\u0101s ar lielu [&#8230;]\n","protected":false},"featured_media":73810,"template":"","meta":[],"product_cat":[1367],"product_tag":[],"class_list":{"0":"post-70970","1":"product","2":"type-product","3":"status-publish","4":"has-post-thumbnail","6":"product_brand-naturpro_ua","7":"product_cat-sejas-maskas","9":"first","10":"outofstock","11":"taxable","12":"shipping-taxable","13":"product-type-simple"},"_links":{"self":[{"href":"https:\/\/e.kosmolat.eu\/lv\/wp-json\/wp\/v2\/product\/70970","targetHints":{"allow":["GET"]}}],"collection":[{"href":"https:\/\/e.kosmolat.eu\/lv\/wp-json\/wp\/v2\/product"}],"about":[{"href":"https:\/\/e.kosmolat.eu\/lv\/wp-json\/wp\/v2\/types\/product"}],"wp:featuredmedia":[{"embeddable":true,"href":"https:\/\/e.kosmolat.eu\/lv\/wp-json\/wp\/v2\/media\/73810"}],"wp:attachment":[{"href":"https:\/\/e.kosmolat.eu\/lv\/wp-json\/wp\/v2\/media?parent=70970"}],"wp:term":[{"taxonomy":"product_cat","embeddable":true,"href":"https:\/\/e.kosmolat.eu\/lv\/wp-json\/wp\/v2\/product_cat?post=70970"},{"taxonomy":"product_tag","embeddable":true,"href":"https:\/\/e.kosmolat.eu\/lv\/wp-json\/wp\/v2\/product_tag?post=70970"}],"curies":[{"name":"wp","href":"https:\/\/api.w.org\/{rel}","templated":true}]}}