{"id":70962,"date":"2025-06-03T12:06:42","date_gmt":"2025-06-03T12:06:42","guid":{"rendered":"https:\/\/e.kosmolat.eu\/product\/beautyderm-facial-cosmetic-mask-banana-nutrition-75-ml-tm-beautyderm-%d0%ba%d0%be%d1%81%d0%bc%d0%b5%d1%82c%d1%87%d0%bda-%d0%bca%d1%81%d0%baa-ae%d1%8f-%d0%beiec%d1%87%d1%87\/"},"modified":"2025-08-04T05:33:00","modified_gmt":"2025-08-04T05:33:00","slug":"bd-banana-nutrition-kosm-sejas-maska-75-ml","status":"publish","type":"product","link":"https:\/\/e.kosmolat.eu\/lv\/product\/bd-banana-nutrition-kosm-sejas-maska-75-ml\/","title":{"rendered":"BD Banana Nutrition Kosm. sejas maska, 75 ml"},"content":{"rendered":"<p>Baro un mitrina \u0101du, pal\u012bdz saglab\u0101t t\u0101s tvirtumu un elast\u012bbu.<\/p>\n<p>Lieto\u0161ana: Uzkl\u0101jiet masku uz att\u012br\u012btas sejas \u0101das, p\u0113c 10\u201315 min\u016bt\u0113m noskalojiet.<\/p>\n<p>Piesardz\u012bbas pas\u0101kumi:  Pirms lieto\u0161anas maska ir j\u0101p\u0101rbauda uz neliela \u0101das laukuma. Ja rodas aler\u0123iska reakcija, p\u0101rtrauciet lieto\u0161anu. Tikai \u0101r\u012bgai lieto\u0161anai. Ja iek\u013c\u016bst ac\u012bs, r\u016bp\u012bgi izskalojiet ar lielu daudzumu teko\u0161a \u016bdens. <\/p>\n<p>Br\u012bdin\u0101jums: Satur A vitam\u012bnu. L\u016bgums pirms lieto\u0161anas p\u0101rdom\u0101t savu dienas devu.<\/p>\n<p>Kontrindik\u0101cijas: Individu\u0101la nepanes\u012bba pret maskas sast\u0101vda\u013c\u0101m. <\/p>\n<p>Uzglab\u0101t temperat\u016br\u0101 no +5\u00b0C l\u012bdz +25\u00b0C un relat\u012bvaj\u0101 mitrum\u0101 55-70%, sarg\u0101jot no tie\u0161iem saules stariem, ne tuv\u0101k par vienu metru no siltuma avotiem. <\/p>\n<p>Der\u012bguma termi\u0146\u0161: 36 m\u0113ne\u0161i no izgatavo\u0161anas datuma.<\/p>\n","protected":false},"excerpt":{"rendered":"<p>Baro un mitrina \u0101du, pal\u012bdz saglab\u0101t t\u0101s tvirtumu un elast\u012bbu. Lieto\u0161ana: Uzkl\u0101jiet masku uz att\u012br\u012btas sejas \u0101das, p\u0113c 10\u201315 min\u016bt\u0113m noskalojiet. Piesardz\u012bbas pas\u0101kumi: Pirms lieto\u0161anas maska ir j\u0101p\u0101rbauda uz neliela \u0101das laukuma. Ja rodas aler\u0123iska reakcija, p\u0101rtrauciet lieto\u0161anu. Tikai \u0101r\u012bgai lieto\u0161anai. Ja iek\u013c\u016bst ac\u012bs, r\u016bp\u012bgi izskalojiet ar lielu daudzumu teko\u0161a \u016bdens. Br\u012bdin\u0101jums: Satur A vitam\u012bnu. [&#8230;]\n","protected":false},"featured_media":73555,"template":"","meta":[],"product_cat":[1367],"product_tag":[],"class_list":{"0":"post-70962","1":"product","2":"type-product","3":"status-publish","4":"has-post-thumbnail","6":"product_brand-naturpro_ua","7":"product_cat-sejas-maskas","9":"first","10":"outofstock","11":"taxable","12":"shipping-taxable","13":"product-type-simple"},"_links":{"self":[{"href":"https:\/\/e.kosmolat.eu\/lv\/wp-json\/wp\/v2\/product\/70962","targetHints":{"allow":["GET"]}}],"collection":[{"href":"https:\/\/e.kosmolat.eu\/lv\/wp-json\/wp\/v2\/product"}],"about":[{"href":"https:\/\/e.kosmolat.eu\/lv\/wp-json\/wp\/v2\/types\/product"}],"wp:featuredmedia":[{"embeddable":true,"href":"https:\/\/e.kosmolat.eu\/lv\/wp-json\/wp\/v2\/media\/73555"}],"wp:attachment":[{"href":"https:\/\/e.kosmolat.eu\/lv\/wp-json\/wp\/v2\/media?parent=70962"}],"wp:term":[{"taxonomy":"product_cat","embeddable":true,"href":"https:\/\/e.kosmolat.eu\/lv\/wp-json\/wp\/v2\/product_cat?post=70962"},{"taxonomy":"product_tag","embeddable":true,"href":"https:\/\/e.kosmolat.eu\/lv\/wp-json\/wp\/v2\/product_tag?post=70962"}],"curies":[{"name":"wp","href":"https:\/\/api.w.org\/{rel}","templated":true}]}}