{"id":70949,"date":"2025-06-03T04:02:29","date_gmt":"2025-06-03T04:02:29","guid":{"rendered":"https:\/\/e.kosmolat.eu\/product\/balsam-zvezda-balzams-inhalacijam-un-bersanai-30-ml\/"},"modified":"2026-04-24T05:34:21","modified_gmt":"2026-04-24T05:34:21","slug":"zvaigznite-balzams-inhalacijam-un-ierivesanai-30-ml","status":"publish","type":"product","link":"https:\/\/e.kosmolat.eu\/lv\/product\/zvaigznite-balzams-inhalacijam-un-ierivesanai-30-ml\/","title":{"rendered":"Zvaigzn\u012bte Balzams inhal\u0101cij\u0101m un ier\u012bv\u0113\u0161anai, 30 ml"},"content":{"rendered":"<p>Nav \u0101rstniecisks l\u012bdzeklis.<\/p>\n<p>Kosm\u0113tisks l\u012bdzeklis \u0101r\u012bgai lieto\u0161anai, paredz\u0113ts ier\u012bv\u0113\u0161anai un inhal\u0101cij\u0101m.<\/p>\n<p>Balzams var tikt izmantots diskomforta mazin\u0101\u0161anai, kas saist\u012bts ar saaukst\u0113\u0161an\u0101s slim\u012bb\u0101m, k\u0101 ar\u012b musku\u013cu un loc\u012btavu st\u0101vok\u013ca atvieglo\u0161anai. Piem\u0113rots ier\u012bv\u0113\u0161anai un lok\u0101lai uzkl\u0101\u0161anai.<\/p>\n<p>Mentols, kampars un \u0113terisk\u0101s e\u013c\u013cas, kas ietilpst sast\u0101v\u0101, uzlabo asinsriti, mazina piet\u016bkumu un pal\u012bdz samazin\u0101t iekaisumu.<\/p>\n<p>Lieto\u0161ana: Nelielu daudzumu l\u012bdzek\u013ca uzkl\u0101t uz \u0101das un ier\u012bv\u0113t 3\u20134 reizes dien\u0101 vai bie\u017e\u0101k \u2013 p\u0113c  nepiecie\u0161am\u012bbas.<br \/>\nInhal\u0101cij\u0101m: iz\u0161\u0137\u012bdin\u0101t nelielu daudzumu l\u012bdzek\u013ca karst\u0101 \u016bden\u012b un ieelpot tvaikus.<\/p>\n<p>Piesardz\u012bbas pas\u0101kumi: Nelietot b\u0113rniem l\u012bdz 3 gadu vecumam. B\u0113rniem no 3 gadu vecuma ieteicams lietot balzamu pieaugu\u0161o uzraudz\u012bb\u0101. Inhal\u0101cij\u0101m lietot b\u0113rniem, kas vec\u0101ki par 12 gadiem. Tikai \u0101r\u012bgai lieto\u0161anai. Izvair\u012bties no saskares ar ac\u012bm, g\u013cot\u0101d\u0101m un atkl\u0101t\u0101m br\u016bc\u0113m. Neier\u012bv\u0113t n\u0101s\u012bs. Pirms lieto\u0161anas ieteicams p\u0101rbaud\u012bt l\u012bdzekli uz neliela \u0101das laukuma, lai p\u0101rliecin\u0101tos, ka nav individu\u0101las jut\u012bbas pret sast\u0101vda\u013c\u0101m. P\u0113c lieto\u0161anas rokas nomazg\u0101t. <\/p>\n<p>Kontrindik\u0101cijas: Nelietot person\u0101m ar paaugstin\u0101tu jut\u012bbu pret balzama sast\u0101vda\u013c\u0101m.<\/p>\n<p>Uzglab\u0101\u0161anas noteikumi: Uzglab\u0101t ori\u0123in\u0101laj\u0101 iepakojum\u0101 saus\u0101 viet\u0101, temperat\u016br\u0101 no +5 l\u012bdz +25\u202f\u00b0C, relat\u012bvaj\u0101 gaisa mitrum\u0101 ne augst\u0101k\u0101 par 75%, sarg\u0101jot no tie\u0161iem saules stariem, karstuma un atkl\u0101tas liesmas. Uzglab\u0101t b\u0113rniem nepieejam\u0101 viet\u0101.<\/p>\n<p>Der\u012bguma termi\u0146\u0161: 36 m\u0113ne\u0161i no izgatavo\u0161anas datuma.<\/p>\n","protected":false},"excerpt":{"rendered":"<p>Nav \u0101rstniecisks l\u012bdzeklis. Kosm\u0113tisks l\u012bdzeklis \u0101r\u012bgai lieto\u0161anai, paredz\u0113ts ier\u012bv\u0113\u0161anai un inhal\u0101cij\u0101m. Balzams var tikt izmantots diskomforta mazin\u0101\u0161anai, kas saist\u012bts ar saaukst\u0113\u0161an\u0101s slim\u012bb\u0101m, k\u0101 ar\u012b musku\u013cu un loc\u012btavu st\u0101vok\u013ca atvieglo\u0161anai. Piem\u0113rots ier\u012bv\u0113\u0161anai un lok\u0101lai uzkl\u0101\u0161anai. Mentols, kampars un \u0113terisk\u0101s e\u013c\u013cas, kas ietilpst sast\u0101v\u0101, uzlabo asinsriti, mazina piet\u016bkumu un pal\u012bdz samazin\u0101t iekaisumu. Lieto\u0161ana: Nelielu daudzumu l\u012bdzek\u013ca uzkl\u0101t [&#8230;]\n","protected":false},"featured_media":94010,"template":"","meta":[],"product_cat":[1597],"product_tag":[],"class_list":{"0":"post-70949","1":"product","2":"type-product","3":"status-publish","4":"has-post-thumbnail","6":"product_brand-green-pharm-cosmetic_ua","7":"product_cat-ellas-un-citi-specialie-lidzekli","9":"first","10":"instock","11":"taxable","12":"shipping-taxable","13":"product-type-simple"},"_links":{"self":[{"href":"https:\/\/e.kosmolat.eu\/lv\/wp-json\/wp\/v2\/product\/70949","targetHints":{"allow":["GET"]}}],"collection":[{"href":"https:\/\/e.kosmolat.eu\/lv\/wp-json\/wp\/v2\/product"}],"about":[{"href":"https:\/\/e.kosmolat.eu\/lv\/wp-json\/wp\/v2\/types\/product"}],"wp:featuredmedia":[{"embeddable":true,"href":"https:\/\/e.kosmolat.eu\/lv\/wp-json\/wp\/v2\/media\/94010"}],"wp:attachment":[{"href":"https:\/\/e.kosmolat.eu\/lv\/wp-json\/wp\/v2\/media?parent=70949"}],"wp:term":[{"taxonomy":"product_cat","embeddable":true,"href":"https:\/\/e.kosmolat.eu\/lv\/wp-json\/wp\/v2\/product_cat?post=70949"},{"taxonomy":"product_tag","embeddable":true,"href":"https:\/\/e.kosmolat.eu\/lv\/wp-json\/wp\/v2\/product_tag?post=70949"}],"curies":[{"name":"wp","href":"https:\/\/api.w.org\/{rel}","templated":true}]}}