{"id":70933,"date":"2025-06-02T08:46:33","date_gmt":"2025-06-02T08:46:33","guid":{"rendered":"https:\/\/e.kosmolat.eu\/product\/beautyderm-liquid-eye-patches-u-are-smooth-15-ml-beautyderm-sna%d0%ban-%d0%bfa%d1%82%d1%87n-%d0%bfna-%d0%be%d1%87n-u-are-smooth-15\/"},"modified":"2026-04-22T08:28:16","modified_gmt":"2026-04-22T08:28:16","slug":"bd-u-are-smooth-skidrie-patci-adai-ap-acim-15-ml","status":"publish","type":"product","link":"https:\/\/e.kosmolat.eu\/lv\/product\/bd-u-are-smooth-skidrie-patci-adai-ap-acim-15-ml\/","title":{"rendered":"BD U are smooth \u0160\u0137idrie pat\u010di \u0101dai ap ac\u012bm, 15 ml"},"content":{"rendered":"<p>\u0160\u0137idrie pat\u010di pal\u012bdz vizu\u0101li uzlabot \u0101das tekst\u016bru un samazin\u0101t piet\u016bkumu un grumbas. Akt\u012bv\u0101s sast\u0101vda\u013cas atbalsta \u0101das dabisko aizsargbarjeru.<\/p>\n<p>Lieto\u0161ana: Uzkl\u0101jiet \u0161\u0137idros pat\u010dus uz iepriek\u0161 att\u012br\u012btas \u0101das ap ac\u012bm. Atst\u0101jiet l\u012bdz piln\u012bgai uzs\u016bk\u0161anai. Ieteicams lietot 2 reizes dien\u0101. Piem\u0113rots ikdienas lieto\u0161anai.<\/p>\n<p>Piesardz\u012bbas pas\u0101kumi: Pirms lieto\u0161anas ieteicams p\u0101rbaud\u012bt pat\u010dus uz neliela \u0101das laukuma. Aler\u0123iskas reakcijas gad\u012bjum\u0101 p\u0101rtrauciet lieto\u0161anu. Tikai \u0101r\u012bgai lieto\u0161anai. Ja nok\u013c\u016bst ac\u012bs, r\u016bp\u012bgi izskalojiet t\u0101s ar lielu daudzumu teko\u0161a \u016bdens. Nelietot uz kairin\u0101tas vai boj\u0101tas \u0101das. <\/p>\n<p>Br\u012bdin\u0101jums: Satur A vitam\u012bnu. L\u016bgums pirms lieto\u0161anas p\u0101rdom\u0101t savu dienas devu.<\/p>\n<p>Kontrindik\u0101cijas: Individu\u0101la nepanes\u012bba pret l\u012bdzek\u013ca sast\u0101vda\u013c\u0101m.<\/p>\n<p>Uzglab\u0101t temperat\u016br\u0101 no +5\u00b0C l\u012bdz +25\u00b0C un relat\u012bvaj\u0101 gaisa mitrum\u0101 55-70%, sarg\u0101jot no tie\u0161iem saules stariem, ne tuv\u0101k par vienu metru no siltuma avotiem.<\/p>\n<p>Der\u012bguma termi\u0146\u0161: 36 m\u0113ne\u0161i.<\/p>\n","protected":false},"excerpt":{"rendered":"<p>\u0160\u0137idrie pat\u010di pal\u012bdz vizu\u0101li uzlabot \u0101das tekst\u016bru un samazin\u0101t piet\u016bkumu un grumbas. Akt\u012bv\u0101s sast\u0101vda\u013cas atbalsta \u0101das dabisko aizsargbarjeru. Lieto\u0161ana: Uzkl\u0101jiet \u0161\u0137idros pat\u010dus uz iepriek\u0161 att\u012br\u012btas \u0101das ap ac\u012bm. Atst\u0101jiet l\u012bdz piln\u012bgai uzs\u016bk\u0161anai. Ieteicams lietot 2 reizes dien\u0101. Piem\u0113rots ikdienas lieto\u0161anai. Piesardz\u012bbas pas\u0101kumi: Pirms lieto\u0161anas ieteicams p\u0101rbaud\u012bt pat\u010dus uz neliela \u0101das laukuma. Aler\u0123iskas reakcijas gad\u012bjum\u0101 p\u0101rtrauciet [&#8230;]\n","protected":false},"featured_media":97058,"template":"","meta":[],"product_cat":[1999],"product_tag":[],"class_list":{"0":"post-70933","1":"product","2":"type-product","3":"status-publish","4":"has-post-thumbnail","6":"product_brand-naturpro_ua","7":"product_cat-bez-kategorijas","9":"first","10":"outofstock","11":"taxable","12":"shipping-taxable","13":"product-type-simple"},"_links":{"self":[{"href":"https:\/\/e.kosmolat.eu\/lv\/wp-json\/wp\/v2\/product\/70933","targetHints":{"allow":["GET"]}}],"collection":[{"href":"https:\/\/e.kosmolat.eu\/lv\/wp-json\/wp\/v2\/product"}],"about":[{"href":"https:\/\/e.kosmolat.eu\/lv\/wp-json\/wp\/v2\/types\/product"}],"wp:featuredmedia":[{"embeddable":true,"href":"https:\/\/e.kosmolat.eu\/lv\/wp-json\/wp\/v2\/media\/97058"}],"wp:attachment":[{"href":"https:\/\/e.kosmolat.eu\/lv\/wp-json\/wp\/v2\/media?parent=70933"}],"wp:term":[{"taxonomy":"product_cat","embeddable":true,"href":"https:\/\/e.kosmolat.eu\/lv\/wp-json\/wp\/v2\/product_cat?post=70933"},{"taxonomy":"product_tag","embeddable":true,"href":"https:\/\/e.kosmolat.eu\/lv\/wp-json\/wp\/v2\/product_tag?post=70933"}],"curies":[{"name":"wp","href":"https:\/\/api.w.org\/{rel}","templated":true}]}}