{"id":70928,"date":"2025-06-02T07:46:21","date_gmt":"2025-06-02T07:46:21","guid":{"rendered":"https:\/\/e.kosmolat.eu\/product\/beautyderm-patches-against-imperfections-24-pcs-beautyderm-%d0%bfa%d1%82%d1%87n-%d0%bfs%d0%be%d1%82c-%d0%bd%d0%b5a%d0%been%d0%ban%d0%b2-24-u%d1%82\/"},"modified":"2025-09-22T09:13:38","modified_gmt":"2025-09-22T09:13:38","slug":"bd-patci-pret-nepilnibam-ar-salicilskabi-24-gab","status":"publish","type":"product","link":"https:\/\/e.kosmolat.eu\/lv\/product\/bd-patci-pret-nepilnibam-ar-salicilskabi-24-gab\/","title":{"rendered":"BD Pat\u010di pret nepiln\u012bb\u0101m ar salicilsk\u0101bi, 24 gab."},"content":{"rendered":"<p>Pat\u010di efekt\u012bvi uzs\u016bc izdal\u012bjumus no problem\u0101tiskaj\u0101m \u0101das zon\u0101m, vienlaikus aizsarg\u0101jot \u0101du no negat\u012bv\u0101s apk\u0101rt\u0113j\u0101s vides ietekmes. Akt\u012bv\u0101s sast\u0101vda\u013cas veicina \u0101das atjauno\u0161anos. T\u0101d\u0113j\u0101di nepiln\u012bbas k\u013c\u016bst maz\u0101k paman\u0101mas. Pat\u010di ir \u013coti pl\u0101ni un caursp\u012bd\u012bgi, lieliski mask\u0113 iekaisumus un ir piem\u0113roti lieto\u0161anai gan dien\u0101, gan nakt\u012b.<\/p>\n<p>Lieto\u0161ana:<br \/>\n1. Att\u012briet problem\u0101tisko \u0101das zonu.<br \/>\n2. No\u0146emiet no pat\u010da caursp\u012bd\u012bgo pl\u0113v\u012bti.<br \/>\n3. P\u0101rliecinieties, ka \u0101da ir sausa. Stingri piespiediet pat\u010du ar lip\u012bgo pusi pie \u0101das.<br \/>\n4. Ieteicams no\u0146emt pat\u010du, kad tas vairs nav caursp\u012bd\u012bgs. Lietot p\u0113c vajadz\u012bbas.<\/p>\n<p>Piesardz\u012bbas pas\u0101kumi: NEIZMANTOT PAT\u010cU ATK\u0100RTOTI!<br \/>\nPirms lieto\u0161anas ieteicams p\u0101rbaud\u012bt pat\u010du uz neliela \u0101das laukuma. Ja rodas aler\u0123iska reakcija, p\u0101rtrauciet lieto\u0161anu un konsult\u0113jieties ar \u0101rstu. Tikai \u0101r\u012bgai lieto\u0161anai. Nelietot uz dzi\u013ci boj\u0101t\u0101m vai infic\u0113t\u0101m \u0101das viet\u0101m.<\/p>\n<p>Kontrindik\u0101cijas: individu\u0101la nepanes\u012bba pret l\u012bdzek\u013ca sast\u0101vda\u013c\u0101m.<\/p>\n<p>Uzglab\u0101t temperat\u016br\u0101 no +5\u00b0C l\u012bdz +25\u00b0C un relat\u012bvaj\u0101 gaisa mitrum\u0101 55-70%, sarg\u0101jot no tie\u0161iem saules stariem, ne tuv\u0101k par vienu metru no siltuma avotiem.<\/p>\n<p>Der\u012bguma termi\u0146\u0161: 36 m\u0113ne\u0161i.<\/p>\n","protected":false},"excerpt":{"rendered":"<p>Pat\u010di efekt\u012bvi uzs\u016bc izdal\u012bjumus no problem\u0101tiskaj\u0101m \u0101das zon\u0101m, vienlaikus aizsarg\u0101jot \u0101du no negat\u012bv\u0101s apk\u0101rt\u0113j\u0101s vides ietekmes. Akt\u012bv\u0101s sast\u0101vda\u013cas veicina \u0101das atjauno\u0161anos. T\u0101d\u0113j\u0101di nepiln\u012bbas k\u013c\u016bst maz\u0101k paman\u0101mas. Pat\u010di ir \u013coti pl\u0101ni un caursp\u012bd\u012bgi, lieliski mask\u0113 iekaisumus un ir piem\u0113roti lieto\u0161anai gan dien\u0101, gan nakt\u012b. Lieto\u0161ana: 1. Att\u012briet problem\u0101tisko \u0101das zonu. 2. No\u0146emiet no pat\u010da caursp\u012bd\u012bgo pl\u0113v\u012bti. [&#8230;]\n","protected":false},"featured_media":78160,"template":"","meta":[],"product_cat":[1339],"product_tag":[],"class_list":{"0":"post-70928","1":"product","2":"type-product","3":"status-publish","4":"has-post-thumbnail","6":"product_brand-naturpro_ua","7":"product_cat-attirosas-maskas","9":"first","10":"outofstock","11":"taxable","12":"shipping-taxable","13":"product-type-simple"},"_links":{"self":[{"href":"https:\/\/e.kosmolat.eu\/lv\/wp-json\/wp\/v2\/product\/70928","targetHints":{"allow":["GET"]}}],"collection":[{"href":"https:\/\/e.kosmolat.eu\/lv\/wp-json\/wp\/v2\/product"}],"about":[{"href":"https:\/\/e.kosmolat.eu\/lv\/wp-json\/wp\/v2\/types\/product"}],"wp:featuredmedia":[{"embeddable":true,"href":"https:\/\/e.kosmolat.eu\/lv\/wp-json\/wp\/v2\/media\/78160"}],"wp:attachment":[{"href":"https:\/\/e.kosmolat.eu\/lv\/wp-json\/wp\/v2\/media?parent=70928"}],"wp:term":[{"taxonomy":"product_cat","embeddable":true,"href":"https:\/\/e.kosmolat.eu\/lv\/wp-json\/wp\/v2\/product_cat?post=70928"},{"taxonomy":"product_tag","embeddable":true,"href":"https:\/\/e.kosmolat.eu\/lv\/wp-json\/wp\/v2\/product_tag?post=70928"}],"curies":[{"name":"wp","href":"https:\/\/api.w.org\/{rel}","templated":true}]}}