{"id":70924,"date":"2025-06-02T06:30:22","date_gmt":"2025-06-02T06:30:22","guid":{"rendered":"https:\/\/e.kosmolat.eu\/product\/beautyderm-cleansing-nose-strips-with-strawberry-3-pcs-box-%d0%be%d1%87c%d1%89%d1%83z%d1%87n-%d1%81%d0%bc%d1%83e%d0%bac-ae%d1%8f-%d0%bd%d0%be%d1%81%d1%83-%d0%b7-%d0%b5%d0%ba%d1%81%d1%82sa%d0%ba\/"},"modified":"2026-04-10T07:30:42","modified_gmt":"2026-04-10T07:30:42","slug":"bd-attirosas-deguna-sloks-ar-zemenu-ekstr-3-gab","status":"publish","type":"product","link":"https:\/\/e.kosmolat.eu\/lv\/product\/bd-attirosas-deguna-sloks-ar-zemenu-ekstr-3-gab\/","title":{"rendered":"BD Att\u012bro\u0161\u0101s deguna sloks. ar zeme\u0146u ekstr., 3 gab."},"content":{"rendered":"<p>Dzi\u013ci att\u012bra poras no atmiru\u0161aj\u0101m \u0101das \u0161\u016bn\u0101m, liek\u0101 sebuma un net\u012brumiem. Poras vizu\u0101li k\u013c\u016bst maz\u0101k paman\u0101mas, \u0101da ieg\u016bst vienm\u0113r\u012bgu un mirdzo\u0161u toni, uzlabojas t\u0101s tekst\u016bra.<\/p>\n<p>Lieto\u0161ana:<br \/>\n1. Ar saus\u0101m rok\u0101m no\u0146emiet caursp\u012bd\u012bgo pl\u0113vi no sloksnes.<br \/>\n2. Cie\u0161i piespiediet sloksnes gludo pusi pie att\u012br\u012btas un mitras deguna \u0101das.<br \/>\n3. Atst\u0101jiet, l\u012bdz sloksne piln\u012bb\u0101 iz\u017e\u016bst (15-20 min\u016btes).<br \/>\n4. No\u0146emiet sloksni virzien\u0101 no apak\u0161as uz aug\u0161u. Ja nepiecie\u0161ams, noskalojiet \u0101du ar \u016bdeni. Ieteicams lietot 1\u20132 reizes ned\u0113\u013c\u0101.<\/p>\n<p>Piesardz\u012bbas pas\u0101kumi: nelietot uz iekaisu\u0161as vai boj\u0101tas \u0101das. Lietot produktu tikai paredz\u0113tajam nol\u016bkam \u2013 tikai degunam. Pirms lieto\u0161anas deguna sloksnes ieteicams p\u0101rbaud\u012bt uz neliela \u0101das laukuma. Ja rodas aler\u0123iska reakcija, p\u0101rtraukt lieto\u0161anu. Tikai \u0101r\u012bgai lieto\u0161anai. Sloksnes ieteicams lietot uzreiz p\u0113c individu\u0101l\u0101 iepakojuma atv\u0113r\u0161anas. Ja nok\u013c\u016bst ac\u012bs, r\u016bp\u012bgi izskalojiet t\u0101s ar lielu daudzumu teko\u0161a \u016bdens.<\/p>\n<p>Kontrindik\u0101cijas: individu\u0101la nepanes\u012bba pret l\u012bdzek\u013ca sast\u0101vda\u013c\u0101m.<\/p>\n<p>Uzglab\u0101t temperat\u016br\u0101 no +5\u00b0C l\u012bdz +25\u00b0C un relat\u012bvaj\u0101 gaisa mitrum\u0101 55-70%, sarg\u0101jot no tie\u0161iem saules stariem, ne tuv\u0101k par vienu metru no siltuma avotiem.<\/p>\n<p>Der\u012bguma termi\u0146\u0161: 36 m\u0113ne\u0161i.<\/p>\n","protected":false},"excerpt":{"rendered":"<p>Dzi\u013ci att\u012bra poras no atmiru\u0161aj\u0101m \u0101das \u0161\u016bn\u0101m, liek\u0101 sebuma un net\u012brumiem. Poras vizu\u0101li k\u013c\u016bst maz\u0101k paman\u0101mas, \u0101da ieg\u016bst vienm\u0113r\u012bgu un mirdzo\u0161u toni, uzlabojas t\u0101s tekst\u016bra. Lieto\u0161ana: 1. Ar saus\u0101m rok\u0101m no\u0146emiet caursp\u012bd\u012bgo pl\u0113vi no sloksnes. 2. Cie\u0161i piespiediet sloksnes gludo pusi pie att\u012br\u012btas un mitras deguna \u0101das. 3. Atst\u0101jiet, l\u012bdz sloksne piln\u012bb\u0101 iz\u017e\u016bst (15-20 min\u016btes). [&#8230;]\n","protected":false},"featured_media":97054,"template":"","meta":[],"product_cat":[1339],"product_tag":[],"class_list":{"0":"post-70924","1":"product","2":"type-product","3":"status-publish","4":"has-post-thumbnail","6":"product_brand-naturpro_ua","7":"product_cat-attirosas-maskas","9":"first","10":"instock","11":"taxable","12":"shipping-taxable","13":"product-type-simple"},"_links":{"self":[{"href":"https:\/\/e.kosmolat.eu\/lv\/wp-json\/wp\/v2\/product\/70924","targetHints":{"allow":["GET"]}}],"collection":[{"href":"https:\/\/e.kosmolat.eu\/lv\/wp-json\/wp\/v2\/product"}],"about":[{"href":"https:\/\/e.kosmolat.eu\/lv\/wp-json\/wp\/v2\/types\/product"}],"wp:featuredmedia":[{"embeddable":true,"href":"https:\/\/e.kosmolat.eu\/lv\/wp-json\/wp\/v2\/media\/97054"}],"wp:attachment":[{"href":"https:\/\/e.kosmolat.eu\/lv\/wp-json\/wp\/v2\/media?parent=70924"}],"wp:term":[{"taxonomy":"product_cat","embeddable":true,"href":"https:\/\/e.kosmolat.eu\/lv\/wp-json\/wp\/v2\/product_cat?post=70924"},{"taxonomy":"product_tag","embeddable":true,"href":"https:\/\/e.kosmolat.eu\/lv\/wp-json\/wp\/v2\/product_tag?post=70924"}],"curies":[{"name":"wp","href":"https:\/\/api.w.org\/{rel}","templated":true}]}}