{"id":70908,"date":"2025-06-01T18:06:39","date_gmt":"2025-06-01T18:06:39","guid":{"rendered":"https:\/\/e.kosmolat.eu\/product\/fb-profil-zobu-p-ar-prop-un-asinszal-ekstr-uz-zalu-nov-75-ml\/"},"modified":"2026-04-24T06:30:23","modified_gmt":"2026-04-24T06:30:23","slug":"fb-profil-zobu-p-ar-prop-un-asinszal-ekstr-uz-zalu-nov-75-ml","status":"publish","type":"product","link":"https:\/\/e.kosmolat.eu\/lv\/product\/fb-profil-zobu-p-ar-prop-un-asinszal-ekstr-uz-zalu-nov-75-ml\/","title":{"rendered":"FB Profil. zobu p. ar prop. un asinsz\u0101l. ekstr. uz z\u0101\u013cu nov., 75 ml"},"content":{"rendered":"<p>Profilaktisk\u0101 zobu pasta atbalsta smaganu vesel\u012bbu jau no pirm\u0101s lieto\u0161anas reizes, pal\u012bdzot samazin\u0101t nopietnu mutes dobuma probl\u0113mu risku.<\/p>\n<p>\u2022 PELA\u0160\u0136A EKSTRAKTS pal\u012bdz stiprin\u0101t smaganas, bag\u0101tinot t\u0101s ar vitam\u012bniem.<br \/>\n\u2022 PROPOLISA EKSTRAKTAM piem\u012bt izteiktas pretiekaisuma \u012bpa\u0161\u012bbas.<br \/>\n\u2022 FORMULA UZ Z\u0100\u013bU NOV\u0100R\u012aJUMA PAMATA baro un stiprina smaganas.<\/p>\n<p>Lieto\u0161ana: zobu un smaganu vesel\u012bbai stomatologi iesaka t\u012br\u012bt zobus vismaz 2 reizes dien\u0101 2-3 min. Satur n\u0101trija fluor\u012bdu. Fluor\u012bdu masas da\u013ca 0.1%. Nelietot b\u0113rniem l\u012bdz 14 gadu vecumam. Lieto\u0161ana p\u0101rtikas nol\u016bkos nav pie\u013caujama. L\u012bdzek\u013ca lieto\u0161ana neatbr\u012bvo no zob\u0101rsta apmekl\u0113\u0161anas. Nav \u0101rstniecisks l\u012bdzeklis. Uzglab\u0101t b\u0113rniem nepieejam\u0101 viet\u0101.<\/p>\n<p>Uzglab\u0101\u0161anas temperat\u016bra: 0 \u00b0C &#8211; +25 \u00b0C.<\/p>\n","protected":false},"excerpt":{"rendered":"<p>Profilaktisk\u0101 zobu pasta atbalsta smaganu vesel\u012bbu jau no pirm\u0101s lieto\u0161anas reizes, pal\u012bdzot samazin\u0101t nopietnu mutes dobuma probl\u0113mu risku. \u2022 PELA\u0160\u0136A EKSTRAKTS pal\u012bdz stiprin\u0101t smaganas, bag\u0101tinot t\u0101s ar vitam\u012bniem. \u2022 PROPOLISA EKSTRAKTAM piem\u012bt izteiktas pretiekaisuma \u012bpa\u0161\u012bbas. \u2022 FORMULA UZ Z\u0100\u013bU NOV\u0100R\u012aJUMA PAMATA baro un stiprina smaganas. Lieto\u0161ana: zobu un smaganu vesel\u012bbai stomatologi iesaka t\u012br\u012bt zobus vismaz [&#8230;]\n","protected":false},"featured_media":98779,"template":"","meta":[],"product_cat":[1309],"product_tag":[],"class_list":{"0":"post-70908","1":"product","2":"type-product","3":"status-publish","4":"has-post-thumbnail","6":"product_brand-private-label","7":"product_cat-1309","9":"first","10":"instock","11":"taxable","12":"shipping-taxable","13":"product-type-simple"},"_links":{"self":[{"href":"https:\/\/e.kosmolat.eu\/lv\/wp-json\/wp\/v2\/product\/70908","targetHints":{"allow":["GET"]}}],"collection":[{"href":"https:\/\/e.kosmolat.eu\/lv\/wp-json\/wp\/v2\/product"}],"about":[{"href":"https:\/\/e.kosmolat.eu\/lv\/wp-json\/wp\/v2\/types\/product"}],"wp:featuredmedia":[{"embeddable":true,"href":"https:\/\/e.kosmolat.eu\/lv\/wp-json\/wp\/v2\/media\/98779"}],"wp:attachment":[{"href":"https:\/\/e.kosmolat.eu\/lv\/wp-json\/wp\/v2\/media?parent=70908"}],"wp:term":[{"taxonomy":"product_cat","embeddable":true,"href":"https:\/\/e.kosmolat.eu\/lv\/wp-json\/wp\/v2\/product_cat?post=70908"},{"taxonomy":"product_tag","embeddable":true,"href":"https:\/\/e.kosmolat.eu\/lv\/wp-json\/wp\/v2\/product_tag?post=70908"}],"curies":[{"name":"wp","href":"https:\/\/api.w.org\/{rel}","templated":true}]}}