{"id":70900,"date":"2025-06-01T18:06:21","date_gmt":"2025-06-01T18:06:21","guid":{"rendered":"https:\/\/e.kosmolat.eu\/product\/fb-profil-zobu-p-ar-salvijas-un-alv-ekstr-uz-zalu-novar-75-ml\/"},"modified":"2026-04-02T09:23:27","modified_gmt":"2026-04-02T09:23:27","slug":"fb-profil-zobu-p-ar-salvijas-un-alv-ekstr-uz-zalu-novar-75-ml","status":"publish","type":"product","link":"https:\/\/e.kosmolat.eu\/lv\/product\/fb-profil-zobu-p-ar-salvijas-un-alv-ekstr-uz-zalu-novar-75-ml\/","title":{"rendered":"FB Profil. zobu p. ar salvijas un alv. ekstr. uz z\u0101\u013cu nov\u0101r., 75 ml"},"content":{"rendered":"<p>Profilaktisk\u0101 zobu pasta samazina smaganu iekaisumu l\u012bdz pat 84%, mazinot nopietnu mutes dobuma probl\u0113mu risku.<\/p>\n<p>\u2022 PELA\u0160\u0136A EKSTRAKTS, pastiprin\u0101ts ar alvejas ekstraktu, stiprina un nomierina smaganas, nodro\u0161inot t\u0101s ar vitam\u012bniem.<br \/>\n\u2022 SALVIJAS EKSTRAKTS kav\u0113 patog\u0113no bakt\u0113riju vairo\u0161anos mutes dobum\u0101.<br \/>\n\u2022 FORMULA UZ Z\u0100\u013bU NOV\u0100R\u012aJUMA PAMATA baro un stiprina smaganas.<\/p>\n<p>Lieto\u0161ana: zobu un smaganu vesel\u012bbai stomatologi iesaka t\u012br\u012bt zobus vismaz 2 reizes dien\u0101 2-3 min. Satur n\u0101trija fluor\u012bdu. Fluor\u012bdu masas da\u013ca 0.1%. Nelietot b\u0113rniem l\u012bdz 14 gadu vecumam. Lieto\u0161ana p\u0101rtikas nol\u016bkos nav pie\u013caujama. L\u012bdzek\u013ca lieto\u0161ana neatbr\u012bvo no zob\u0101rsta apmekl\u0113\u0161anas. Nav \u0101rstniecisks l\u012bdzeklis. Uzglab\u0101t b\u0113rniem nepieejam\u0101 viet\u0101.<\/p>\n<p>Uzglab\u0101\u0161anas temperat\u016bra: 0 \u00b0C &#8211; +25 \u00b0C.<\/p>\n","protected":false},"excerpt":{"rendered":"<p>Profilaktisk\u0101 zobu pasta samazina smaganu iekaisumu l\u012bdz pat 84%, mazinot nopietnu mutes dobuma probl\u0113mu risku. \u2022 PELA\u0160\u0136A EKSTRAKTS, pastiprin\u0101ts ar alvejas ekstraktu, stiprina un nomierina smaganas, nodro\u0161inot t\u0101s ar vitam\u012bniem. \u2022 SALVIJAS EKSTRAKTS kav\u0113 patog\u0113no bakt\u0113riju vairo\u0161anos mutes dobum\u0101. \u2022 FORMULA UZ Z\u0100\u013bU NOV\u0100R\u012aJUMA PAMATA baro un stiprina smaganas. Lieto\u0161ana: zobu un smaganu vesel\u012bbai stomatologi [&#8230;]\n","protected":false},"featured_media":99064,"template":"","meta":[],"product_cat":[1999],"product_tag":[],"class_list":{"0":"post-70900","1":"product","2":"type-product","3":"status-publish","4":"has-post-thumbnail","6":"product_brand-private-label","7":"product_cat-bez-kategorijas","9":"first","10":"instock","11":"taxable","12":"shipping-taxable","13":"product-type-simple"},"_links":{"self":[{"href":"https:\/\/e.kosmolat.eu\/lv\/wp-json\/wp\/v2\/product\/70900","targetHints":{"allow":["GET"]}}],"collection":[{"href":"https:\/\/e.kosmolat.eu\/lv\/wp-json\/wp\/v2\/product"}],"about":[{"href":"https:\/\/e.kosmolat.eu\/lv\/wp-json\/wp\/v2\/types\/product"}],"wp:featuredmedia":[{"embeddable":true,"href":"https:\/\/e.kosmolat.eu\/lv\/wp-json\/wp\/v2\/media\/99064"}],"wp:attachment":[{"href":"https:\/\/e.kosmolat.eu\/lv\/wp-json\/wp\/v2\/media?parent=70900"}],"wp:term":[{"taxonomy":"product_cat","embeddable":true,"href":"https:\/\/e.kosmolat.eu\/lv\/wp-json\/wp\/v2\/product_cat?post=70900"},{"taxonomy":"product_tag","embeddable":true,"href":"https:\/\/e.kosmolat.eu\/lv\/wp-json\/wp\/v2\/product_tag?post=70900"}],"curies":[{"name":"wp","href":"https:\/\/api.w.org\/{rel}","templated":true}]}}