{"id":70852,"date":"2025-06-01T18:02:09","date_gmt":"2025-06-01T18:02:09","guid":{"rendered":"https:\/\/e.kosmolat.eu\/product\/fb-profil-zobu-p-ar-ozola-mizas-un-baltegl-ekstr-uz-zalu-nov-75-ml\/"},"modified":"2026-04-02T09:23:14","modified_gmt":"2026-04-02T09:23:14","slug":"fb-profil-zobu-p-ar-ozola-mizas-un-baltegl-ekstr-uz-zalu-nov-75-ml","status":"publish","type":"product","link":"https:\/\/e.kosmolat.eu\/lv\/product\/fb-profil-zobu-p-ar-ozola-mizas-un-baltegl-ekstr-uz-zalu-nov-75-ml\/","title":{"rendered":"FB Profil. zobu p. ar ozola mizas un baltegl. ekstr. uz z\u0101\u013cu nov., 75 ml"},"content":{"rendered":"<p>Profilaktisk\u0101 zobu stiprina smaganas l\u012bdz pat 84%, pal\u012bdzot samazin\u0101t nopietnu mutes dobuma probl\u0113mu risku.<\/p>\n<p>\u2022 KADI\u0136A EKSTRAKTS, pastiprin\u0101ts ar ozola mizas ekstraktu, samazina bakteri\u0101lo slodzi mutes dobum\u0101, toniz\u0113 un bag\u0101tina smaganas ar vitam\u012bniem.<br \/>\n\u2022 OZOLA MIZAI piem\u012bt hemostatisks efekts.<br \/>\n\u2022 FORMULA UZ Z\u0100\u013bU NOV\u0100R\u012aJUMA PAMATA baro un stiprina smaganas.<\/p>\n<p>Lieto\u0161ana: zobu un smaganu vesel\u012bbai stomatologi iesaka t\u012br\u012bt zobus vismaz 2 reizes dien\u0101 2-3 min. Satur n\u0101trija fluor\u012bdu. Fluor\u012bdu masas da\u013ca 0.1%. Nelietot b\u0113rniem l\u012bdz 14 gadu vecumam. Lieto\u0161ana p\u0101rtikas nol\u016bkos nav pie\u013caujama. L\u012bdzek\u013ca lieto\u0161ana neatbr\u012bvo no zob\u0101rsta apmekl\u0113\u0161anas. Nav \u0101rstniecisks l\u012bdzeklis. Uzglab\u0101t b\u0113rniem nepieejam\u0101 viet\u0101.<\/p>\n<p>Uzglab\u0101\u0161anas temperat\u016bra: 0 \u00b0C &#8211; +25 \u00b0C.<\/p>\n","protected":false},"excerpt":{"rendered":"<p>Profilaktisk\u0101 zobu stiprina smaganas l\u012bdz pat 84%, pal\u012bdzot samazin\u0101t nopietnu mutes dobuma probl\u0113mu risku. \u2022 KADI\u0136A EKSTRAKTS, pastiprin\u0101ts ar ozola mizas ekstraktu, samazina bakteri\u0101lo slodzi mutes dobum\u0101, toniz\u0113 un bag\u0101tina smaganas ar vitam\u012bniem. \u2022 OZOLA MIZAI piem\u012bt hemostatisks efekts. \u2022 FORMULA UZ Z\u0100\u013bU NOV\u0100R\u012aJUMA PAMATA baro un stiprina smaganas. Lieto\u0161ana: zobu un smaganu vesel\u012bbai stomatologi [&#8230;]\n","protected":false},"featured_media":98783,"template":"","meta":[],"product_cat":[1999],"product_tag":[],"class_list":{"0":"post-70852","1":"product","2":"type-product","3":"status-publish","4":"has-post-thumbnail","6":"product_brand-private-label","7":"product_cat-bez-kategorijas","9":"first","10":"instock","11":"taxable","12":"shipping-taxable","13":"product-type-simple"},"_links":{"self":[{"href":"https:\/\/e.kosmolat.eu\/lv\/wp-json\/wp\/v2\/product\/70852","targetHints":{"allow":["GET"]}}],"collection":[{"href":"https:\/\/e.kosmolat.eu\/lv\/wp-json\/wp\/v2\/product"}],"about":[{"href":"https:\/\/e.kosmolat.eu\/lv\/wp-json\/wp\/v2\/types\/product"}],"wp:featuredmedia":[{"embeddable":true,"href":"https:\/\/e.kosmolat.eu\/lv\/wp-json\/wp\/v2\/media\/98783"}],"wp:attachment":[{"href":"https:\/\/e.kosmolat.eu\/lv\/wp-json\/wp\/v2\/media?parent=70852"}],"wp:term":[{"taxonomy":"product_cat","embeddable":true,"href":"https:\/\/e.kosmolat.eu\/lv\/wp-json\/wp\/v2\/product_cat?post=70852"},{"taxonomy":"product_tag","embeddable":true,"href":"https:\/\/e.kosmolat.eu\/lv\/wp-json\/wp\/v2\/product_tag?post=70852"}],"curies":[{"name":"wp","href":"https:\/\/api.w.org\/{rel}","templated":true}]}}