{"id":70836,"date":"2025-06-01T18:01:30","date_gmt":"2025-06-01T18:01:30","guid":{"rendered":"https:\/\/e.kosmolat.eu\/product\/famirel-divfazu-lidz-kosm-non-ar-naves-juras-mineral-200-ml\/"},"modified":"2026-04-16T13:12:01","modified_gmt":"2026-04-16T13:12:01","slug":"famirel-divfazu-lidz-kosm-non-ar-naves-juras-mineral-200-ml","status":"publish","type":"product","link":"https:\/\/e.kosmolat.eu\/lv\/product\/famirel-divfazu-lidz-kosm-non-ar-naves-juras-mineral-200-ml\/","title":{"rendered":"Famirel Divf\u0101\u017eu l\u012bdz. kosm. no\u0146. ar N\u0101ves j\u016bras miner\u0101l., 200 ml"},"content":{"rendered":"<p>Divf\u0101\u017eu formula efekt\u012bvi no\u0146em visa veida grimu. Satur mande\u013cu un arg\u0101na e\u013c\u013cas, kas intens\u012bvi mitrina \u0101du. Gur\u0137a, alvejas un kumel\u012b\u0161u ekstrakti nomierina \u0101du, savuk\u0101rt N\u0101ves j\u016bras miner\u0101li un E vitam\u012bns baro to. L\u012bdzeklis ne tikai att\u012bra \u0101du no kosm\u0113tikas paliek\u0101m, bet ar\u012b maigi no\u0146em atmiru\u0161\u0101s \u0161\u016bnas un pal\u012bdz atjaunot mitruma l\u012bdzsvaru. Piem\u0113rots visiem \u0101das tipiem.<\/p>\n<p>Lieto\u0161ana: Pirms lieto\u0161anas k\u0101rt\u012bgi sakratiet pudeli. Uzkl\u0101jiet l\u012bdzekli uz vates diska un maigi not\u012briet seju l\u012bdz piln\u012bgai grima no\u0146em\u0161anai.<\/p>\n<p>Piesardz\u012bbas pas\u0101kumi:<br \/>\n\u2022 Lietot saska\u0146\u0101 ar nor\u0101d\u012bjumiem.<br \/>\n\u2022 Nenor\u012bt.<br \/>\n\u2022 Izvair\u012bties no saskares ar ac\u012bm.<br \/>\n\u2022 Glab\u0101t b\u0113rniem nepieejam\u0101 viet\u0101.<br \/>\n\u2022 Nelietot, ja ir paaugstin\u0101ta individu\u0101la jut\u012bba pret k\u0101du no sast\u0101vda\u013c\u0101m.<br \/>\n\u2022 Nekav\u0113joties p\u0101rtraukt lieto\u0161anu, ja rodas kairin\u0101jums.<br \/>\n\u2022 Nesatur parab\u0113nus. <\/p>\n<p>Uzglab\u0101\u0161anas noteikumi: uzglab\u0101t temperat\u016br\u0101 no +5 l\u012bdz +39 \u00b0C un relat\u012bvaj\u0101 gaisa mitrum\u0101 no 55% l\u012bdz 70%.<\/p>\n","protected":false},"excerpt":{"rendered":"<p>Divf\u0101\u017eu formula efekt\u012bvi no\u0146em visa veida grimu. Satur mande\u013cu un arg\u0101na e\u013c\u013cas, kas intens\u012bvi mitrina \u0101du. Gur\u0137a, alvejas un kumel\u012b\u0161u ekstrakti nomierina \u0101du, savuk\u0101rt N\u0101ves j\u016bras miner\u0101li un E vitam\u012bns baro to. L\u012bdzeklis ne tikai att\u012bra \u0101du no kosm\u0113tikas paliek\u0101m, bet ar\u012b maigi no\u0146em atmiru\u0161\u0101s \u0161\u016bnas un pal\u012bdz atjaunot mitruma l\u012bdzsvaru. Piem\u0113rots visiem \u0101das tipiem. [&#8230;]\n","protected":false},"featured_media":100492,"template":"","meta":[],"product_cat":[1999],"product_tag":[],"class_list":{"0":"post-70836","1":"product","2":"type-product","3":"status-publish","4":"has-post-thumbnail","6":"product_brand-famirel-il","7":"product_cat-bez-kategorijas","9":"first","10":"instock","11":"taxable","12":"shipping-taxable","13":"product-type-simple"},"_links":{"self":[{"href":"https:\/\/e.kosmolat.eu\/lv\/wp-json\/wp\/v2\/product\/70836","targetHints":{"allow":["GET"]}}],"collection":[{"href":"https:\/\/e.kosmolat.eu\/lv\/wp-json\/wp\/v2\/product"}],"about":[{"href":"https:\/\/e.kosmolat.eu\/lv\/wp-json\/wp\/v2\/types\/product"}],"wp:featuredmedia":[{"embeddable":true,"href":"https:\/\/e.kosmolat.eu\/lv\/wp-json\/wp\/v2\/media\/100492"}],"wp:attachment":[{"href":"https:\/\/e.kosmolat.eu\/lv\/wp-json\/wp\/v2\/media?parent=70836"}],"wp:term":[{"taxonomy":"product_cat","embeddable":true,"href":"https:\/\/e.kosmolat.eu\/lv\/wp-json\/wp\/v2\/product_cat?post=70836"},{"taxonomy":"product_tag","embeddable":true,"href":"https:\/\/e.kosmolat.eu\/lv\/wp-json\/wp\/v2\/product_tag?post=70836"}],"curies":[{"name":"wp","href":"https:\/\/api.w.org\/{rel}","templated":true}]}}