{"id":70828,"date":"2025-06-01T18:00:59","date_gmt":"2025-06-01T18:00:59","guid":{"rendered":"https:\/\/e.kosmolat.eu\/product\/famirel-botoderm-action-sejas-serums-40-ml\/"},"modified":"2026-04-16T13:47:55","modified_gmt":"2026-04-16T13:47:55","slug":"famirel-botoderm-action-sejas-serums-40-ml","status":"publish","type":"product","link":"https:\/\/e.kosmolat.eu\/lv\/product\/famirel-botoderm-action-sejas-serums-40-ml\/","title":{"rendered":"Famirel Botoderm Action Sejas serums, 40 ml"},"content":{"rendered":"<p>Famirel BOTODERM \u2014 inovat\u012bva tehnolo\u0123ija, kas nodro\u0161ina botoksa efektu. Lietojiet \u0161o l\u012bdzekli ikdien\u0101 sejas un kakla \u0101das kop\u0161anai, lai mazin\u0101tu krunci\u0146as un pie\u0161\u0137irtu \u0101dai tvirtu izskatu, par k\u0101du vienm\u0113r esat sap\u0146oju\u0161i.<\/p>\n<p>Serumam piem\u012bt antioksidanta \u012bpa\u0161\u012bbas, tas nov\u0113r\u0161 smalko grumbu veido\u0161anos, uzlabo sejas toni un pal\u012bdz nov\u0113rst \u0101das elast\u012bbas zudumu.<\/p>\n<p>Lieto\u0161ana: Uzkl\u0101jiet serumu uz att\u012br\u012btas sejas un kakla \u0101das ar viegl\u0101m plaukst\u0113jo\u0161\u0101m kust\u012bb\u0101m l\u012bdz piln\u012bgai uzs\u016bk\u0161anai. Lai sasniegtu vislab\u0101kos rezult\u0101tus, lietojiet katru dienu zem kr\u0113ma Famirel BOTODERM Diena\/Nakts vismaz 30 dienas.<\/p>\n<p>Br\u012bdin\u0101jums: Satur A vitam\u012bnu. L\u016bgums pirms lieto\u0161anas p\u0101rdom\u0101t savu dienas devu.<\/p>\n<p>Piesardz\u012bbas pas\u0101kumi:<br \/>\n\u2022 Lietot saska\u0146\u0101 ar nor\u0101d\u012bjumiem.<br \/>\n\u2022 Nenor\u012bt.<br \/>\n\u2022 Izvair\u012bties no saskares ar ac\u012bm.<br \/>\n\u2022 Glab\u0101t b\u0113rniem nepieejam\u0101 viet\u0101.<br \/>\n\u2022 Nelietot, ja ir paaugstin\u0101ta individu\u0101la jut\u012bba pret k\u0101du no sast\u0101vda\u013c\u0101m.<br \/>\n\u2022 Nekav\u0113joties p\u0101rtraukt lieto\u0161anu, ja rodas kairin\u0101jums.<br \/>\n\u2022 Nesatur parab\u0113nus.<\/p>\n<p>Uzglab\u0101\u0161anas noteikumi: Uzglab\u0101t temperat\u016br\u0101 no +5 l\u012bdz +39 \u00b0C un relat\u012bvaj\u0101 gaisa mitrum\u0101 no 55% l\u012bdz 70%.<\/p>\n","protected":false},"excerpt":{"rendered":"<p>Famirel BOTODERM \u2014 inovat\u012bva tehnolo\u0123ija, kas nodro\u0161ina botoksa efektu. Lietojiet \u0161o l\u012bdzekli ikdien\u0101 sejas un kakla \u0101das kop\u0161anai, lai mazin\u0101tu krunci\u0146as un pie\u0161\u0137irtu \u0101dai tvirtu izskatu, par k\u0101du vienm\u0113r esat sap\u0146oju\u0161i. Serumam piem\u012bt antioksidanta \u012bpa\u0161\u012bbas, tas nov\u0113r\u0161 smalko grumbu veido\u0161anos, uzlabo sejas toni un pal\u012bdz nov\u0113rst \u0101das elast\u012bbas zudumu. Lieto\u0161ana: Uzkl\u0101jiet serumu uz att\u012br\u012btas sejas [&#8230;]\n","protected":false},"featured_media":107520,"template":"","meta":[],"product_cat":[1325],"product_tag":[],"class_list":{"0":"post-70828","1":"product","2":"type-product","3":"status-publish","4":"has-post-thumbnail","6":"product_brand-famirel-il","7":"product_cat-serumi","9":"first","10":"instock","11":"taxable","12":"shipping-taxable","13":"product-type-simple"},"_links":{"self":[{"href":"https:\/\/e.kosmolat.eu\/lv\/wp-json\/wp\/v2\/product\/70828","targetHints":{"allow":["GET"]}}],"collection":[{"href":"https:\/\/e.kosmolat.eu\/lv\/wp-json\/wp\/v2\/product"}],"about":[{"href":"https:\/\/e.kosmolat.eu\/lv\/wp-json\/wp\/v2\/types\/product"}],"wp:featuredmedia":[{"embeddable":true,"href":"https:\/\/e.kosmolat.eu\/lv\/wp-json\/wp\/v2\/media\/107520"}],"wp:attachment":[{"href":"https:\/\/e.kosmolat.eu\/lv\/wp-json\/wp\/v2\/media?parent=70828"}],"wp:term":[{"taxonomy":"product_cat","embeddable":true,"href":"https:\/\/e.kosmolat.eu\/lv\/wp-json\/wp\/v2\/product_cat?post=70828"},{"taxonomy":"product_tag","embeddable":true,"href":"https:\/\/e.kosmolat.eu\/lv\/wp-json\/wp\/v2\/product_tag?post=70828"}],"curies":[{"name":"wp","href":"https:\/\/api.w.org\/{rel}","templated":true}]}}