{"id":70820,"date":"2025-06-01T18:00:43","date_gmt":"2025-06-01T18:00:43","guid":{"rendered":"https:\/\/e.kosmolat.eu\/product\/famirel-botoderm-action-krems-adai-ap-acim-40-ml\/"},"modified":"2026-04-14T17:15:37","modified_gmt":"2026-04-14T17:15:37","slug":"famirel-botoderm-action-krems-adai-ap-acim-40-ml","status":"publish","type":"product","link":"https:\/\/e.kosmolat.eu\/lv\/product\/famirel-botoderm-action-krems-adai-ap-acim-40-ml\/","title":{"rendered":"Famirel Botoderm Action Kr\u0113ms \u0101dai ap ac\u012bm, 40 ml"},"content":{"rendered":"<p>Famirel BOTODERM \u2014 inovat\u012bva tehnolo\u0123ija, kas nodro\u0161ina botoksa efektu.<\/p>\n<p>Krems \u0101dai ap ac\u012bm izl\u012bdzina s\u012bkas grumbi\u0146as, padara \u0101du elast\u012bg\u0101ku, nov\u0113r\u0161ot to veido\u0161anos.<\/p>\n<p>Lieto\u0161ana: Uzkl\u0101jiet nelielu daudzumu kr\u0113ma uz \u0101das ap ac\u012bm ar viegl\u0101m plaukst\u0113jo\u0161\u0101m kust\u012bb\u0101m l\u012bdz piln\u012bgai uzs\u016bk\u0161anai. Lai sasniegtu lab\u0101ko rezult\u0101tu, lietojiet katru dienu, no r\u012bta un vakar\u0101, vismaz 30 dienas.<\/p>\n<p>Br\u012bdin\u0101jums: Satur A vitam\u012bnu. L\u016bgums pirms lieto\u0161anas p\u0101rdom\u0101t savu dienas devu.<\/p>\n<p>Piesardz\u012bbas pas\u0101kumi:<br \/>\n\u2022 Lietot saska\u0146\u0101 ar nor\u0101d\u012bjumiem.<br \/>\n\u2022 Nenor\u012bt.<br \/>\n\u2022 Izvair\u012bties no saskares ar ac\u012bm.<br \/>\n\u2022 Glab\u0101t b\u0113rniem nepieejam\u0101 viet\u0101.<br \/>\n\u2022 Nelietot, ja ir paaugstin\u0101ta individu\u0101la jut\u012bba pret k\u0101du no sast\u0101vda\u013c\u0101m.<br \/>\n\u2022 Nekav\u0113joties p\u0101rtraukt lieto\u0161anu, ja rodas kairin\u0101jums.<br \/>\n\u2022 Nesatur parab\u0113nus.<\/p>\n<p>Uzglab\u0101\u0161anas noteikumi: Uzglab\u0101t temperat\u016br\u0101 no +5 l\u012bdz +39 \u00b0C un relat\u012bvaj\u0101 gaisa mitrum\u0101 no 55% l\u012bdz 70%.<\/p>\n","protected":false},"excerpt":{"rendered":"<p>Famirel BOTODERM \u2014 inovat\u012bva tehnolo\u0123ija, kas nodro\u0161ina botoksa efektu. Krems \u0101dai ap ac\u012bm izl\u012bdzina s\u012bkas grumbi\u0146as, padara \u0101du elast\u012bg\u0101ku, nov\u0113r\u0161ot to veido\u0161anos. Lieto\u0161ana: Uzkl\u0101jiet nelielu daudzumu kr\u0113ma uz \u0101das ap ac\u012bm ar viegl\u0101m plaukst\u0113jo\u0161\u0101m kust\u012bb\u0101m l\u012bdz piln\u012bgai uzs\u016bk\u0161anai. Lai sasniegtu lab\u0101ko rezult\u0101tu, lietojiet katru dienu, no r\u012bta un vakar\u0101, vismaz 30 dienas. Br\u012bdin\u0101jums: Satur A [&#8230;]\n","protected":false},"featured_media":106936,"template":"","meta":[],"product_cat":[1588],"product_tag":[],"class_list":{"0":"post-70820","1":"product","2":"type-product","3":"status-publish","4":"has-post-thumbnail","6":"product_brand-famirel-il","7":"product_cat-acu-kremi","9":"first","10":"instock","11":"taxable","12":"shipping-taxable","13":"product-type-simple"},"_links":{"self":[{"href":"https:\/\/e.kosmolat.eu\/lv\/wp-json\/wp\/v2\/product\/70820","targetHints":{"allow":["GET"]}}],"collection":[{"href":"https:\/\/e.kosmolat.eu\/lv\/wp-json\/wp\/v2\/product"}],"about":[{"href":"https:\/\/e.kosmolat.eu\/lv\/wp-json\/wp\/v2\/types\/product"}],"wp:featuredmedia":[{"embeddable":true,"href":"https:\/\/e.kosmolat.eu\/lv\/wp-json\/wp\/v2\/media\/106936"}],"wp:attachment":[{"href":"https:\/\/e.kosmolat.eu\/lv\/wp-json\/wp\/v2\/media?parent=70820"}],"wp:term":[{"taxonomy":"product_cat","embeddable":true,"href":"https:\/\/e.kosmolat.eu\/lv\/wp-json\/wp\/v2\/product_cat?post=70820"},{"taxonomy":"product_tag","embeddable":true,"href":"https:\/\/e.kosmolat.eu\/lv\/wp-json\/wp\/v2\/product_tag?post=70820"}],"curies":[{"name":"wp","href":"https:\/\/api.w.org\/{rel}","templated":true}]}}